{"id":119868,"date":"2022-02-17T19:34:42","date_gmt":"2022-02-17T18:34:42","guid":{"rendered":"https:\/\/theinvisiblecollection.com\/?post_type=product&#038;p=119868"},"modified":"2026-05-01T07:39:02","modified_gmt":"2026-05-01T07:39:02","slug":"michel-daniel-bismut-table-d-appoint-wizz","status":"publish","type":"product","link":"https:\/\/theinvisiblecollection.com\/fr\/produit\/michel-daniel-bismut-table-d-appoint-wizz\/","title":{"rendered":"Table D&#8217;Appoint Wizz"},"content":{"rendered":"<p style=\"text-align: justify;\">Photographi\u00e9e dans un appartement parisien habill\u00e9 des c\u00e9l\u00e8bres boiseries comission\u00e9es par Emilio Terry.<\/p>\n","protected":false},"excerpt":{"rendered":"<p>Table d\u2019appoint photographi\u00e9e ici avec un plateau en acier inoxydable poli teint\u00e9<br \/>\nPlateau \u00e9galement disponible en acier inoxydable poli naturel ou laqu\u00e9<br \/>\n<a href=\"https:\/\/theinvisiblecollection.com\/wp-content\/uploads\/2022\/10\/TheInvisibleCollection_BismutBismut_FinishesSelection.pdf\" target=\"_blank\" rel=\"noopener\"><span style=\"text-decoration: underline;\">D\u00e9couvrez la s\u00e9lection des finitions ici<\/span><\/a><br \/>\nPi\u00e8tement en acier inoxydable poli naturel<br \/>\nDimensions sur-mesure sur demande<\/p>\n<p>\u00d8 60 x H 38.4 cm<\/p>\n<p>Fabriqu\u00e9e \u00e0 la main en France<br \/>\nD\u00e9lais de fabrication : 9 &#8211; 14 semaines<\/p>\n<p><span style=\"text-decoration: underline;\"><a href=\"https:\/\/www.theinvisiblecollection.com\/fr\/contact-produit\/?product_id=119868\" target=\"_blank\" rel=\"noopener\">Contactez-nous pour toute demande de devis ou de renseignement<\/a><\/span><\/p>\n","protected":false},"featured_media":119874,"template":"","meta":{"_acf_changed":false,"content-type":"","_themeisle_gutenberg_block_has_review":false},"product_brand":[],"product_cat":[12332,12503,12514],"product_tag":[9059,10394,10493,10922,11544,31477],"product_designer":[8904],"comfabric":[],"manufacturer":[19999],"reporting_designer":[37761],"samplecomfabric":[],"designer_clubroom":[],"class_list":{"0":"post-119868","1":"product","2":"type-product","3":"status-publish","4":"has-post-thumbnail","6":"product_cat-tables-dappoint","7":"product_cat-tables-fr","8":"product_cat-tables-de-chevet","9":"product_tag-gueridon-fr-2","10":"product_tag-puzzle-fr","11":"product_tag-table-de-nuit","12":"product_tag-bismut-fr-2","13":"product_tag-tables-irresistibles","14":"product_tag-st-curvy-fr","15":"pa_top-inox-poli-naturel","16":"pa_top-inox-poli-teinte","17":"pa_top-laque","18":"product_designer-bismut-bismut-fr","19":"manufacturer-kubic-massimo-fr","20":"reporting_designer-bismut-bismut","22":"first","23":"instock","24":"taxable","25":"shipping-taxable","26":"purchasable","27":"product-type-variable"},"acf":[],"_links":{"self":[{"href":"https:\/\/theinvisiblecollection.com\/fr\/wp-json\/wp\/v2\/product\/119868","targetHints":{"allow":["GET"]}}],"collection":[{"href":"https:\/\/theinvisiblecollection.com\/fr\/wp-json\/wp\/v2\/product"}],"about":[{"href":"https:\/\/theinvisiblecollection.com\/fr\/wp-json\/wp\/v2\/types\/product"}],"wp:featuredmedia":[{"embeddable":true,"href":"https:\/\/theinvisiblecollection.com\/fr\/wp-json\/wp\/v2\/media\/119874"}],"wp:attachment":[{"href":"https:\/\/theinvisiblecollection.com\/fr\/wp-json\/wp\/v2\/media?parent=119868"}],"wp:term":[{"taxonomy":"product_brand","embeddable":true,"href":"https:\/\/theinvisiblecollection.com\/fr\/wp-json\/wp\/v2\/product_brand?post=119868"},{"taxonomy":"product_cat","embeddable":true,"href":"https:\/\/theinvisiblecollection.com\/fr\/wp-json\/wp\/v2\/product_cat?post=119868"},{"taxonomy":"product_tag","embeddable":true,"href":"https:\/\/theinvisiblecollection.com\/fr\/wp-json\/wp\/v2\/product_tag?post=119868"},{"taxonomy":"product_designer","embeddable":true,"href":"https:\/\/theinvisiblecollection.com\/fr\/wp-json\/wp\/v2\/product_designer?post=119868"},{"taxonomy":"comfabric","embeddable":true,"href":"https:\/\/theinvisiblecollection.com\/fr\/wp-json\/wp\/v2\/comfabric?post=119868"},{"taxonomy":"manufacturer","embeddable":true,"href":"https:\/\/theinvisiblecollection.com\/fr\/wp-json\/wp\/v2\/manufacturer?post=119868"},{"taxonomy":"reporting_designer","embeddable":true,"href":"https:\/\/theinvisiblecollection.com\/fr\/wp-json\/wp\/v2\/reporting_designer?post=119868"},{"taxonomy":"samplecomfabric","embeddable":true,"href":"https:\/\/theinvisiblecollection.com\/fr\/wp-json\/wp\/v2\/samplecomfabric?post=119868"},{"taxonomy":"clubroom_product_designer","embeddable":true,"href":"https:\/\/theinvisiblecollection.com\/fr\/wp-json\/wp\/v2\/designer_clubroom?post=119868"}],"curies":[{"name":"wp","href":"https:\/\/api.w.org\/{rel}","templated":true}]}}