{"id":120230,"date":"2022-02-21T17:41:58","date_gmt":"2022-02-21T16:41:58","guid":{"rendered":"https:\/\/theinvisiblecollection.com\/?post_type=product&#038;p=120230"},"modified":"2026-05-08T04:40:14","modified_gmt":"2026-05-08T04:40:14","slug":"michel-daniel-bismut-table-basse-trays","status":"publish","type":"product","link":"https:\/\/theinvisiblecollection.com\/fr\/produit\/michel-daniel-bismut-table-basse-trays\/","title":{"rendered":"Table Basse Trays"},"content":{"rendered":"","protected":false},"excerpt":{"rendered":"<p>Table basse avec plateau en acier inoxydable patin\u00e9<br \/>\nPieds en bois teint\u00e9 noir et acier inoxydable poli miroir<br \/>\n\u00c9galement disponible avec un plateau en cuivre poli brillant et cuivre vernis, pi\u00e8tement en bois teint\u00e9 noir et n\u00e9tal patin\u00e9<br \/>\nDimensions sur-mesure sur demande<\/p>\n<p>L 170 x l 69 x H 35 cm<\/p>\n<p>Fabriqu\u00e9e \u00e0 la main en France<br \/>\nD\u00e9lais de fabrication : 9 \u2013 14 semaines<br \/>\n<span style=\"text-decoration: underline;\"><a href=\"https:\/\/www.theinvisiblecollection.com\/fr\/contact-produit\/?product_id=120230\" target=\"_blank\" rel=\"noopener\">Contactez-nous pour toute demande de devis ou de renseignement<\/a><\/span><\/p>\n","protected":false},"featured_media":120501,"template":"","meta":{"_acf_changed":false,"content-type":"","_themeisle_gutenberg_block_has_review":false},"product_brand":[],"product_cat":[7509,12503],"product_tag":[31477],"product_designer":[8904],"comfabric":[],"manufacturer":[19999],"reporting_designer":[37761],"samplecomfabric":[],"designer_clubroom":[],"class_list":{"0":"post-120230","1":"product","2":"type-product","3":"status-publish","4":"has-post-thumbnail","6":"product_cat-tables-basses-dappoint","7":"product_cat-tables-fr","8":"product_tag-st-curvy-fr","9":"pa_material-plateau-en-cuivre-poli-brillant-et-cuivre-vernis-avec-un-pietement-en-bois-teinte-noir-et-metal-patine","10":"pa_material-plateau-en-inox-patine-avec-un-pietement-en-bois-teinte-noir-et-inox-poli-miroir","11":"product_designer-bismut-bismut-fr","12":"manufacturer-kubic-massimo-fr","13":"reporting_designer-bismut-bismut","15":"first","16":"instock","17":"taxable","18":"shipping-taxable","19":"purchasable","20":"product-type-variable"},"acf":[],"_links":{"self":[{"href":"https:\/\/theinvisiblecollection.com\/fr\/wp-json\/wp\/v2\/product\/120230","targetHints":{"allow":["GET"]}}],"collection":[{"href":"https:\/\/theinvisiblecollection.com\/fr\/wp-json\/wp\/v2\/product"}],"about":[{"href":"https:\/\/theinvisiblecollection.com\/fr\/wp-json\/wp\/v2\/types\/product"}],"wp:featuredmedia":[{"embeddable":true,"href":"https:\/\/theinvisiblecollection.com\/fr\/wp-json\/wp\/v2\/media\/120501"}],"wp:attachment":[{"href":"https:\/\/theinvisiblecollection.com\/fr\/wp-json\/wp\/v2\/media?parent=120230"}],"wp:term":[{"taxonomy":"product_brand","embeddable":true,"href":"https:\/\/theinvisiblecollection.com\/fr\/wp-json\/wp\/v2\/product_brand?post=120230"},{"taxonomy":"product_cat","embeddable":true,"href":"https:\/\/theinvisiblecollection.com\/fr\/wp-json\/wp\/v2\/product_cat?post=120230"},{"taxonomy":"product_tag","embeddable":true,"href":"https:\/\/theinvisiblecollection.com\/fr\/wp-json\/wp\/v2\/product_tag?post=120230"},{"taxonomy":"product_designer","embeddable":true,"href":"https:\/\/theinvisiblecollection.com\/fr\/wp-json\/wp\/v2\/product_designer?post=120230"},{"taxonomy":"comfabric","embeddable":true,"href":"https:\/\/theinvisiblecollection.com\/fr\/wp-json\/wp\/v2\/comfabric?post=120230"},{"taxonomy":"manufacturer","embeddable":true,"href":"https:\/\/theinvisiblecollection.com\/fr\/wp-json\/wp\/v2\/manufacturer?post=120230"},{"taxonomy":"reporting_designer","embeddable":true,"href":"https:\/\/theinvisiblecollection.com\/fr\/wp-json\/wp\/v2\/reporting_designer?post=120230"},{"taxonomy":"samplecomfabric","embeddable":true,"href":"https:\/\/theinvisiblecollection.com\/fr\/wp-json\/wp\/v2\/samplecomfabric?post=120230"},{"taxonomy":"clubroom_product_designer","embeddable":true,"href":"https:\/\/theinvisiblecollection.com\/fr\/wp-json\/wp\/v2\/designer_clubroom?post=120230"}],"curies":[{"name":"wp","href":"https:\/\/api.w.org\/{rel}","templated":true}]}}