{"id":120231,"date":"2022-02-21T17:42:00","date_gmt":"2022-02-21T16:42:00","guid":{"rendered":"https:\/\/theinvisiblecollection.com\/?post_type=product&#038;p=120231"},"modified":"2026-05-08T04:40:14","modified_gmt":"2026-05-08T04:40:14","slug":"michel-daniel-bismut-bureau-hb01","status":"publish","type":"product","link":"https:\/\/theinvisiblecollection.com\/fr\/produit\/michel-daniel-bismut-bureau-hb01\/","title":{"rendered":"Bureau HB01"},"content":{"rendered":"","protected":false},"excerpt":{"rendered":"<p>Bureau avec plateau en bois Wenge bross\u00e9<br \/>\nPlateau \u00e9galement disponible en Wenge bross\u00e9 teint\u00e9 noir<br \/>\nTiroir et rangement \u00e0 abattant recouverts en cuir surpiqu\u00e9<br \/>\nPi\u00e8tement en acier patin\u00e9 brun<br \/>\n\u00c9galement disponible en acier patin\u00e9 noir ou en aluminium<br \/>\nPossibilit\u00e9 d&#8217;ajouter un Backgammon<br \/>\nDimensions sur-mesure sur demande<\/p>\n<p>L 155 x l 75 x H 75 cm<\/p>\n<p>Fabriqu\u00e9 \u00e0 la main en France<br \/>\nD\u00e9lais de fabrication : 9 \u2013 14 semaines<br \/>\n<span style=\"text-decoration: underline;\"><a href=\"https:\/\/www.theinvisiblecollection.com\/fr\/contact-produit\/?product_id=120231\" target=\"_blank\" rel=\"noopener\">Contactez-nous pour toute demande de devis ou de renseignement<\/a><\/span><\/p>\n","protected":false},"featured_media":120503,"template":"","meta":{"_acf_changed":false,"content-type":"","_themeisle_gutenberg_block_has_review":false},"product_brand":[],"product_cat":[7704,12503],"product_tag":[31477],"product_designer":[8904],"comfabric":[],"manufacturer":[19999],"reporting_designer":[37761],"samplecomfabric":[],"designer_clubroom":[],"class_list":{"0":"post-120231","1":"product","2":"type-product","3":"status-publish","4":"has-post-thumbnail","6":"product_cat-bureaux-fr","7":"product_cat-tables-fr","8":"product_tag-st-curvy-fr","9":"pa_choice-avec-backgammon","10":"pa_choice-sans-backgammon","11":"pa_feet-acier-patine-brun","12":"pa_feet-acier-patine-noir","13":"pa_feet-aluminium-fr","14":"pa_top-bois-wenge-brosse","15":"pa_top-wenge-brosse-teinte-noir","16":"product_designer-bismut-bismut-fr","17":"manufacturer-kubic-massimo-fr","18":"reporting_designer-bismut-bismut","20":"first","21":"instock","22":"taxable","23":"shipping-taxable","24":"purchasable","25":"product-type-variable"},"acf":[],"_links":{"self":[{"href":"https:\/\/theinvisiblecollection.com\/fr\/wp-json\/wp\/v2\/product\/120231","targetHints":{"allow":["GET"]}}],"collection":[{"href":"https:\/\/theinvisiblecollection.com\/fr\/wp-json\/wp\/v2\/product"}],"about":[{"href":"https:\/\/theinvisiblecollection.com\/fr\/wp-json\/wp\/v2\/types\/product"}],"wp:featuredmedia":[{"embeddable":true,"href":"https:\/\/theinvisiblecollection.com\/fr\/wp-json\/wp\/v2\/media\/120503"}],"wp:attachment":[{"href":"https:\/\/theinvisiblecollection.com\/fr\/wp-json\/wp\/v2\/media?parent=120231"}],"wp:term":[{"taxonomy":"product_brand","embeddable":true,"href":"https:\/\/theinvisiblecollection.com\/fr\/wp-json\/wp\/v2\/product_brand?post=120231"},{"taxonomy":"product_cat","embeddable":true,"href":"https:\/\/theinvisiblecollection.com\/fr\/wp-json\/wp\/v2\/product_cat?post=120231"},{"taxonomy":"product_tag","embeddable":true,"href":"https:\/\/theinvisiblecollection.com\/fr\/wp-json\/wp\/v2\/product_tag?post=120231"},{"taxonomy":"product_designer","embeddable":true,"href":"https:\/\/theinvisiblecollection.com\/fr\/wp-json\/wp\/v2\/product_designer?post=120231"},{"taxonomy":"comfabric","embeddable":true,"href":"https:\/\/theinvisiblecollection.com\/fr\/wp-json\/wp\/v2\/comfabric?post=120231"},{"taxonomy":"manufacturer","embeddable":true,"href":"https:\/\/theinvisiblecollection.com\/fr\/wp-json\/wp\/v2\/manufacturer?post=120231"},{"taxonomy":"reporting_designer","embeddable":true,"href":"https:\/\/theinvisiblecollection.com\/fr\/wp-json\/wp\/v2\/reporting_designer?post=120231"},{"taxonomy":"samplecomfabric","embeddable":true,"href":"https:\/\/theinvisiblecollection.com\/fr\/wp-json\/wp\/v2\/samplecomfabric?post=120231"},{"taxonomy":"clubroom_product_designer","embeddable":true,"href":"https:\/\/theinvisiblecollection.com\/fr\/wp-json\/wp\/v2\/designer_clubroom?post=120231"}],"curies":[{"name":"wp","href":"https:\/\/api.w.org\/{rel}","templated":true}]}}