{"id":120238,"date":"2022-02-21T17:42:16","date_gmt":"2022-02-21T16:42:16","guid":{"rendered":"https:\/\/theinvisiblecollection.com\/?post_type=product&#038;p=120238"},"modified":"2026-05-08T04:40:14","modified_gmt":"2026-05-08T04:40:14","slug":"michel-daniel-bismut-canape-sweet-wood","status":"publish","type":"product","link":"https:\/\/theinvisiblecollection.com\/fr\/produit\/michel-daniel-bismut-canape-sweet-wood\/","title":{"rendered":"Canap\u00e9 Sweet Wood"},"content":{"rendered":"","protected":false},"excerpt":{"rendered":"<p>Canap\u00e9 recouvert ici en tissu Toyine Sellers Fe Karoo Cent Deux, couleur Cr\u00e8me<br \/>\n<a href=\"https:\/\/theinvisiblecollection.com\/wp-content\/uploads\/2022\/02\/TheInvisibleCollection_Bismut_FabricSelection_ToyineSellersFeKarooCentDeuxFabric.pdf\" target=\"_blank\" rel=\"noopener\"><span style=\"text-decoration: underline;\">D\u00e9couvrez la s\u00e9lection de tissus ici<\/span><\/a><br \/>\n\u00c9galement disponible en blanc sans tissu<br \/>\nStructure photographi\u00e9e ici en bois us\u00e9 naturel<br \/>\n\u00c9galement disponible en bois us\u00e9 noir<br \/>\nDimensions sur-mesure sur demande<\/p>\n<p>L 280 x P 144 x H 65 cm<br \/>\nTissu requis : 10 m<br \/>\nL 294 x P 147 x H 65 cm<br \/>\nTissu requis : 12 m<\/p>\n<p>Hauteur d&#8217;assise : 44 cm<br \/>\nProfondeur d\u2019assise : 40 cm<\/p>\n<p>Fabriqu\u00e9 \u00e0 la main en France<br \/>\nD\u00e9lais de fabrication : 9 \u2013 14 semaines<br \/>\n<span style=\"text-decoration: underline;\"><a href=\"https:\/\/www.theinvisiblecollection.com\/fr\/demande-de-devis\/?product_id=120238\" target=\"_blank\" rel=\"noopener\"><span lang=\"FR\">Contactez-nous pour toute demande de devis ou de renseignement<\/span><\/a><\/span><\/p>\n","protected":false},"featured_media":121589,"template":"","meta":{"_acf_changed":false,"content-type":"","_themeisle_gutenberg_block_has_review":false},"product_brand":[],"product_cat":[8976,12499],"product_tag":[31477,35326],"product_designer":[8904],"comfabric":[29770],"manufacturer":[19999],"reporting_designer":[37761],"samplecomfabric":[31132],"designer_clubroom":[],"class_list":{"0":"post-120238","1":"product","2":"type-product","3":"status-publish","4":"has-post-thumbnail","6":"product_cat-canapes","7":"product_cat-assises","8":"product_tag-st-curvy-fr","9":"product_tag-st-scandinavian-fr","10":"pa_size-grand-fr","11":"pa_size-moyenne-l-70-x-l-82-x-h-41-cm","12":"pa_structure-bois-use-naturel","13":"pa_structure-bois-use-noir","14":"product_designer-bismut-bismut-fr","15":"comfabric-kubic-massimo-fr","16":"manufacturer-kubic-massimo-fr","17":"reporting_designer-bismut-bismut","18":"samplecomfabric-kubic-massimo-fr","20":"first","21":"instock","22":"taxable","23":"shipping-taxable","24":"purchasable","25":"product-type-variable"},"acf":[],"_links":{"self":[{"href":"https:\/\/theinvisiblecollection.com\/fr\/wp-json\/wp\/v2\/product\/120238","targetHints":{"allow":["GET"]}}],"collection":[{"href":"https:\/\/theinvisiblecollection.com\/fr\/wp-json\/wp\/v2\/product"}],"about":[{"href":"https:\/\/theinvisiblecollection.com\/fr\/wp-json\/wp\/v2\/types\/product"}],"wp:featuredmedia":[{"embeddable":true,"href":"https:\/\/theinvisiblecollection.com\/fr\/wp-json\/wp\/v2\/media\/121589"}],"wp:attachment":[{"href":"https:\/\/theinvisiblecollection.com\/fr\/wp-json\/wp\/v2\/media?parent=120238"}],"wp:term":[{"taxonomy":"product_brand","embeddable":true,"href":"https:\/\/theinvisiblecollection.com\/fr\/wp-json\/wp\/v2\/product_brand?post=120238"},{"taxonomy":"product_cat","embeddable":true,"href":"https:\/\/theinvisiblecollection.com\/fr\/wp-json\/wp\/v2\/product_cat?post=120238"},{"taxonomy":"product_tag","embeddable":true,"href":"https:\/\/theinvisiblecollection.com\/fr\/wp-json\/wp\/v2\/product_tag?post=120238"},{"taxonomy":"product_designer","embeddable":true,"href":"https:\/\/theinvisiblecollection.com\/fr\/wp-json\/wp\/v2\/product_designer?post=120238"},{"taxonomy":"comfabric","embeddable":true,"href":"https:\/\/theinvisiblecollection.com\/fr\/wp-json\/wp\/v2\/comfabric?post=120238"},{"taxonomy":"manufacturer","embeddable":true,"href":"https:\/\/theinvisiblecollection.com\/fr\/wp-json\/wp\/v2\/manufacturer?post=120238"},{"taxonomy":"reporting_designer","embeddable":true,"href":"https:\/\/theinvisiblecollection.com\/fr\/wp-json\/wp\/v2\/reporting_designer?post=120238"},{"taxonomy":"samplecomfabric","embeddable":true,"href":"https:\/\/theinvisiblecollection.com\/fr\/wp-json\/wp\/v2\/samplecomfabric?post=120238"},{"taxonomy":"clubroom_product_designer","embeddable":true,"href":"https:\/\/theinvisiblecollection.com\/fr\/wp-json\/wp\/v2\/designer_clubroom?post=120238"}],"curies":[{"name":"wp","href":"https:\/\/api.w.org\/{rel}","templated":true}]}}