{"id":120240,"date":"2022-02-21T17:42:19","date_gmt":"2022-02-21T16:42:19","guid":{"rendered":"https:\/\/theinvisiblecollection.com\/?post_type=product&#038;p=120240"},"modified":"2026-05-08T04:40:14","modified_gmt":"2026-05-08T04:40:14","slug":"michel-daniel-bismut-canape-hairy","status":"publish","type":"product","link":"https:\/\/theinvisiblecollection.com\/fr\/produit\/michel-daniel-bismut-canape-hairy\/","title":{"rendered":"Canap\u00e9 Hairy"},"content":{"rendered":"","protected":false},"excerpt":{"rendered":"<p>Canap\u00e9 recouvert ici de shearling d&#8217;agneau islandais ras\u00e9 blanc<br \/>\n\u00c9galement disponible en shearling d\u2019agneau ras\u00e9 noir<br \/>\nTablette et ceinture en acier inoxydable poli miroir<br \/>\nDos en laque noire brillante<br \/>\nDimensions sur-mesure sur demande<\/p>\n<p>L 230 x P 140 x H 77 cm<br \/>\nHauteur d\u2019assise : 42 cm<\/p>\n<p>Fabriqu\u00e9 \u00e0 la main en France<br \/>\nD\u00e9lais de fabrication : 9 \u2013 14 semaines<br \/>\n<span style=\"text-decoration: underline;\"><a href=\"https:\/\/theinvisiblecollection.com\/fr\/nous-contacter\/?product_id=120240\" target=\"_blank\" rel=\"noopener\">Contactez-nous pour toute demande de devis ou de renseignements<\/a><\/span><\/p>\n","protected":false},"featured_media":121467,"template":"","meta":{"_acf_changed":false,"content-type":"","_themeisle_gutenberg_block_has_review":false},"product_brand":[],"product_cat":[8976,12499],"product_tag":[31474,31476,31477,35326],"product_designer":[8904],"comfabric":[],"manufacturer":[19999],"reporting_designer":[37761],"samplecomfabric":[],"designer_clubroom":[],"class_list":{"0":"post-120240","1":"product","2":"type-product","3":"status-publish","4":"has-post-thumbnail","6":"product_cat-canapes","7":"product_cat-assises","8":"product_tag-co-white-fr","9":"product_tag-st-collectible-fr","10":"product_tag-st-curvy-fr","11":"product_tag-st-scandinavian-fr","12":"pa_material-shearling-dagneau-rase-blanc","13":"pa_material-shearling-dagneau-rase-noir","14":"product_designer-bismut-bismut-fr","15":"manufacturer-kubic-massimo-fr","16":"reporting_designer-bismut-bismut","18":"first","19":"instock","20":"taxable","21":"shipping-taxable","22":"purchasable","23":"product-type-variable"},"acf":[],"_links":{"self":[{"href":"https:\/\/theinvisiblecollection.com\/fr\/wp-json\/wp\/v2\/product\/120240","targetHints":{"allow":["GET"]}}],"collection":[{"href":"https:\/\/theinvisiblecollection.com\/fr\/wp-json\/wp\/v2\/product"}],"about":[{"href":"https:\/\/theinvisiblecollection.com\/fr\/wp-json\/wp\/v2\/types\/product"}],"wp:featuredmedia":[{"embeddable":true,"href":"https:\/\/theinvisiblecollection.com\/fr\/wp-json\/wp\/v2\/media\/121467"}],"wp:attachment":[{"href":"https:\/\/theinvisiblecollection.com\/fr\/wp-json\/wp\/v2\/media?parent=120240"}],"wp:term":[{"taxonomy":"product_brand","embeddable":true,"href":"https:\/\/theinvisiblecollection.com\/fr\/wp-json\/wp\/v2\/product_brand?post=120240"},{"taxonomy":"product_cat","embeddable":true,"href":"https:\/\/theinvisiblecollection.com\/fr\/wp-json\/wp\/v2\/product_cat?post=120240"},{"taxonomy":"product_tag","embeddable":true,"href":"https:\/\/theinvisiblecollection.com\/fr\/wp-json\/wp\/v2\/product_tag?post=120240"},{"taxonomy":"product_designer","embeddable":true,"href":"https:\/\/theinvisiblecollection.com\/fr\/wp-json\/wp\/v2\/product_designer?post=120240"},{"taxonomy":"comfabric","embeddable":true,"href":"https:\/\/theinvisiblecollection.com\/fr\/wp-json\/wp\/v2\/comfabric?post=120240"},{"taxonomy":"manufacturer","embeddable":true,"href":"https:\/\/theinvisiblecollection.com\/fr\/wp-json\/wp\/v2\/manufacturer?post=120240"},{"taxonomy":"reporting_designer","embeddable":true,"href":"https:\/\/theinvisiblecollection.com\/fr\/wp-json\/wp\/v2\/reporting_designer?post=120240"},{"taxonomy":"samplecomfabric","embeddable":true,"href":"https:\/\/theinvisiblecollection.com\/fr\/wp-json\/wp\/v2\/samplecomfabric?post=120240"},{"taxonomy":"clubroom_product_designer","embeddable":true,"href":"https:\/\/theinvisiblecollection.com\/fr\/wp-json\/wp\/v2\/designer_clubroom?post=120240"}],"curies":[{"name":"wp","href":"https:\/\/api.w.org\/{rel}","templated":true}]}}