{"id":1205166,"date":"2022-11-23T16:04:57","date_gmt":"2022-11-23T15:04:57","guid":{"rendered":"https:\/\/theinvisiblecollection.com\/?post_type=product&#038;p=1205166"},"modified":"2026-05-01T07:38:27","modified_gmt":"2026-05-01T07:38:27","slug":"flores-design-lampe-ombra-green","status":"publish","type":"product","link":"https:\/\/theinvisiblecollection.com\/fr\/produit\/flores-design-lampe-ombra-green\/","title":{"rendered":"Lampe Sur Pied Ombra Vert"},"content":{"rendered":"<p><span class=\"TextRun SCXW223921682 BCX0\" lang=\"FR-FR\" xml:lang=\"FR-FR\" data-contrast=\"auto\"><span class=\"NormalTextRun SCXW223921682 BCX0\">La lampe sur pied Ombra de Flores Design est un hommage po\u00e9tique aux formes trouv\u00e9es sur les falaises et les gorges de la r\u00e9gion de <\/span><span class=\"NormalTextRun SpellingErrorV2Themed SCXW223921682 BCX0\">Melides<\/span><span class=\"NormalTextRun SCXW223921682 BCX0\">. La base sculpturale en c\u00e9ramique est surmont\u00e9e d&#8217;un abat-jour en lin tiss\u00e9 \u00e0 la main \u00e0 partir de lin cultiv\u00e9 localement. L&#8217;ensemble du processus &#8211; de la plantation des graines au filage et au tissage des fibres de lin &#8211; est men\u00e9 par un couple d&#8217;artisans qualifi\u00e9s vivant dans le nord du Portugal. L&#8217;abat-jour est \u00e9galement disponible en paille de junco naturelle tiss\u00e9e \u00e0 la main.<\/span><\/span><span class=\"EOP SCXW223921682 BCX0\" data-ccp-props=\"{&quot;201341983&quot;:0,&quot;335559740&quot;:259}\">\u00a0<\/span><\/p>\n","protected":false},"excerpt":{"rendered":"<p>Lampe sur pied en c\u00e9ramique<br \/>\nPhotographi\u00e9e ici en vert melides avec un abat-jour en joncs<br \/>\nBase \u00e9galement disponible en ocre, bleu et terracotta naturelle<br \/>\nAbat-jour \u00e9galement disponible en roseau<br \/>\nPrise europ\u00e9enne continentale, certifi\u00e9e CE, ampoule recommand\u00e9e LED A60 E27 7W 2700K 806lm<br \/>\nChaque pi\u00e8ce est unique et pr\u00e9sente des variations uniques dues au processus de fabrication \u00e0 la main<\/p>\n<p>L 32 x l 17.5 x H 102.5 cm<br \/>\nAbat-jour : \u00d8 29 x H 32.5 cm<\/p>\n<p>Fabriqu\u00e9e \u00e0 la main en Europe<br \/>\nD\u00e9lais de fabrication : 16 &#8211; 20 semaines<\/p>\n<p class=\"p1\"><span style=\"text-decoration: underline;\"><span class=\"s1\"><a href=\"https:\/\/www.theinvisiblecollection.com\/fr\/demande-de-devis\/?product_id=1205166\" target=\"_blank\" rel=\"noopener\">Contactez-nous pour toute demande de devis ou de renseignements<\/a><\/span><\/span><\/p>\n","protected":false},"featured_media":5397926,"template":"","meta":{"_acf_changed":false,"content-type":"","_themeisle_gutenberg_block_has_review":false},"product_brand":[],"product_cat":[8966,12501,12507],"product_tag":[22790,31475,31477,35206],"product_designer":[17938],"comfabric":[],"manufacturer":[17936],"reporting_designer":[37836],"samplecomfabric":[],"designer_clubroom":[],"class_list":{"0":"post-1205166","1":"product","2":"type-product","3":"status-publish","4":"has-post-thumbnail","6":"product_cat-lampes-sur-pied","7":"product_cat-chambre-a-coucher","8":"product_cat-luminaires","9":"product_tag-disponible-immediatement","10":"product_tag-st-ceramic-fr","11":"product_tag-st-curvy-fr","12":"product_tag-exclusive-fr","13":"product_designer-flores-design","14":"manufacturer-flores-design","15":"reporting_designer-flores","16":"exhibitions-paris-fr","18":"first","19":"instock","20":"featured","21":"taxable","22":"shipping-taxable","23":"product-type-variable"},"acf":[],"_links":{"self":[{"href":"https:\/\/theinvisiblecollection.com\/fr\/wp-json\/wp\/v2\/product\/1205166","targetHints":{"allow":["GET"]}}],"collection":[{"href":"https:\/\/theinvisiblecollection.com\/fr\/wp-json\/wp\/v2\/product"}],"about":[{"href":"https:\/\/theinvisiblecollection.com\/fr\/wp-json\/wp\/v2\/types\/product"}],"wp:featuredmedia":[{"embeddable":true,"href":"https:\/\/theinvisiblecollection.com\/fr\/wp-json\/wp\/v2\/media\/5397926"}],"wp:attachment":[{"href":"https:\/\/theinvisiblecollection.com\/fr\/wp-json\/wp\/v2\/media?parent=1205166"}],"wp:term":[{"taxonomy":"product_brand","embeddable":true,"href":"https:\/\/theinvisiblecollection.com\/fr\/wp-json\/wp\/v2\/product_brand?post=1205166"},{"taxonomy":"product_cat","embeddable":true,"href":"https:\/\/theinvisiblecollection.com\/fr\/wp-json\/wp\/v2\/product_cat?post=1205166"},{"taxonomy":"product_tag","embeddable":true,"href":"https:\/\/theinvisiblecollection.com\/fr\/wp-json\/wp\/v2\/product_tag?post=1205166"},{"taxonomy":"product_designer","embeddable":true,"href":"https:\/\/theinvisiblecollection.com\/fr\/wp-json\/wp\/v2\/product_designer?post=1205166"},{"taxonomy":"comfabric","embeddable":true,"href":"https:\/\/theinvisiblecollection.com\/fr\/wp-json\/wp\/v2\/comfabric?post=1205166"},{"taxonomy":"manufacturer","embeddable":true,"href":"https:\/\/theinvisiblecollection.com\/fr\/wp-json\/wp\/v2\/manufacturer?post=1205166"},{"taxonomy":"reporting_designer","embeddable":true,"href":"https:\/\/theinvisiblecollection.com\/fr\/wp-json\/wp\/v2\/reporting_designer?post=1205166"},{"taxonomy":"samplecomfabric","embeddable":true,"href":"https:\/\/theinvisiblecollection.com\/fr\/wp-json\/wp\/v2\/samplecomfabric?post=1205166"},{"taxonomy":"clubroom_product_designer","embeddable":true,"href":"https:\/\/theinvisiblecollection.com\/fr\/wp-json\/wp\/v2\/designer_clubroom?post=1205166"}],"curies":[{"name":"wp","href":"https:\/\/api.w.org\/{rel}","templated":true}]}}