{"id":1205539,"date":"2022-11-23T17:31:53","date_gmt":"2022-11-23T16:31:53","guid":{"rendered":"https:\/\/theinvisiblecollection.com\/?post_type=product&#038;p=1205539"},"modified":"2026-05-01T07:38:27","modified_gmt":"2026-05-01T07:38:27","slug":"set-de-4-serviettes-de-table-pastel","status":"publish","type":"product","link":"https:\/\/theinvisiblecollection.com\/fr\/produit\/set-de-4-serviettes-de-table-pastel\/","title":{"rendered":"Set De 4 Serviettes De Table Pastel"},"content":{"rendered":"<div class=\"ewa-rteLine\" style=\"text-align: justify;\">Quatre serviettes de table pastel assorties, fabriqu\u00e9es \u00e0 la main \u00e0 partir du meilleur lin irlandais. Coup\u00e9es \u00e0 la main, effiloch\u00e9es et teint\u00e9es biologiquement en petits lots \u00e0 partir de v\u00e9g\u00e9taux.<\/div>\n<div class=\"ewa-rteLine\" style=\"text-align: justify;\"><\/div>\n","protected":false},"excerpt":{"rendered":"<ul>\n<li>Composition : 100 % lin irlandais \/ pr\u00e9-tremp\u00e9 naturellement \/ teint \u00e0 la main, coup\u00e9 et effiloch\u00e9<\/li>\n<li>Chaque pi\u00e8ce est unique en raison de son processus naturel<\/li>\n<li>Eco-friendly<\/li>\n<\/ul>\n","protected":false},"featured_media":1205531,"template":"","meta":{"_acf_changed":false,"content-type":"","_themeisle_gutenberg_block_has_review":false},"product_brand":[],"product_cat":[12535,19973,19981,19989],"product_tag":[22790],"product_designer":[],"comfabric":[],"manufacturer":[19749],"reporting_designer":[],"samplecomfabric":[],"designer_clubroom":[20504],"class_list":{"0":"post-1205539","1":"product","2":"type-product","3":"status-publish","4":"has-post-thumbnail","6":"clubroom_taxonomies-gift-room","7":"product_cat-arts-de-la-table","8":"product_cat-accessoires-pour-la-maison","9":"product_cat-art-de-la-table","10":"product_cat-linge-de-table","11":"product_tag-disponible-immediatement","12":"manufacturer-ved-cooks-fr","13":"clubroom_product_designer-ved-cooks-fr","14":"exhibitions-londres-fr","16":"first","17":"instock","18":"taxable","19":"shipping-taxable","20":"purchasable","21":"product-type-simple"},"acf":[],"_links":{"self":[{"href":"https:\/\/theinvisiblecollection.com\/fr\/wp-json\/wp\/v2\/product\/1205539","targetHints":{"allow":["GET"]}}],"collection":[{"href":"https:\/\/theinvisiblecollection.com\/fr\/wp-json\/wp\/v2\/product"}],"about":[{"href":"https:\/\/theinvisiblecollection.com\/fr\/wp-json\/wp\/v2\/types\/product"}],"wp:featuredmedia":[{"embeddable":true,"href":"https:\/\/theinvisiblecollection.com\/fr\/wp-json\/wp\/v2\/media\/1205531"}],"wp:attachment":[{"href":"https:\/\/theinvisiblecollection.com\/fr\/wp-json\/wp\/v2\/media?parent=1205539"}],"wp:term":[{"taxonomy":"product_brand","embeddable":true,"href":"https:\/\/theinvisiblecollection.com\/fr\/wp-json\/wp\/v2\/product_brand?post=1205539"},{"taxonomy":"product_cat","embeddable":true,"href":"https:\/\/theinvisiblecollection.com\/fr\/wp-json\/wp\/v2\/product_cat?post=1205539"},{"taxonomy":"product_tag","embeddable":true,"href":"https:\/\/theinvisiblecollection.com\/fr\/wp-json\/wp\/v2\/product_tag?post=1205539"},{"taxonomy":"product_designer","embeddable":true,"href":"https:\/\/theinvisiblecollection.com\/fr\/wp-json\/wp\/v2\/product_designer?post=1205539"},{"taxonomy":"comfabric","embeddable":true,"href":"https:\/\/theinvisiblecollection.com\/fr\/wp-json\/wp\/v2\/comfabric?post=1205539"},{"taxonomy":"manufacturer","embeddable":true,"href":"https:\/\/theinvisiblecollection.com\/fr\/wp-json\/wp\/v2\/manufacturer?post=1205539"},{"taxonomy":"reporting_designer","embeddable":true,"href":"https:\/\/theinvisiblecollection.com\/fr\/wp-json\/wp\/v2\/reporting_designer?post=1205539"},{"taxonomy":"samplecomfabric","embeddable":true,"href":"https:\/\/theinvisiblecollection.com\/fr\/wp-json\/wp\/v2\/samplecomfabric?post=1205539"},{"taxonomy":"clubroom_product_designer","embeddable":true,"href":"https:\/\/theinvisiblecollection.com\/fr\/wp-json\/wp\/v2\/designer_clubroom?post=1205539"}],"curies":[{"name":"wp","href":"https:\/\/api.w.org\/{rel}","templated":true}]}}