{"id":1205593,"date":"2022-11-23T17:42:18","date_gmt":"2022-11-23T16:42:18","guid":{"rendered":"https:\/\/theinvisiblecollection.com\/?post_type=product&#038;p=1205593"},"modified":"2026-05-01T07:38:27","modified_gmt":"2026-05-01T07:38:27","slug":"mobilier-national-space-factory-table-contraste","status":"publish","type":"product","link":"https:\/\/theinvisiblecollection.com\/fr\/produit\/mobilier-national-space-factory-table-contraste\/","title":{"rendered":"Table Contraste"},"content":{"rendered":"<p style=\"text-align: justify;\">La Table Contraste dessin\u00e9e par Space Factory invite le cuisinier \u00e0 table par son caract\u00e8re hybride. \u00c0 la fois par la mati\u00e8re avec la rencontre du marbre et du ch\u00eane qui se rejoignent pour former un seul et m\u00eame plateau. Et par sa fonction, \u00e0 la fois table et plan de travail en marbre pour cuisiner et refaire le monde sans interruption.<\/p>\n<p>Cr\u00e9dit photos : DA Spela Lenarcic \/ IIIRD MAN<\/p>\n","protected":false},"excerpt":{"rendered":"<p>Design par Space Factory<br \/>\nCr\u00e9ation int\u00e9gr\u00e9e au sein des collections du Mobilier national<br \/>\n\u00c9dition limit\u00e9e de 8 pi\u00e8ces<br \/>\nTable avec un plateau en ch\u00eane de couleur miel et marbre blanc vein\u00e9, et des pieds tourn\u00e9s en h\u00eatre<\/p>\n<p>L 190 x l 80 x H 75 cm<\/p>\n<p>Fabriqu\u00e9e \u00e0 la main en France<br \/>\nD\u00e9lais de fabrication : 8 semaines<\/p>\n<p class=\"p1\"><span style=\"text-decoration: underline;\"><span class=\"s1\"><a href=\"https:\/\/www.theinvisiblecollection.com\/fr\/demande-de-devis\/?product_id=1205593\" target=\"_blank\" rel=\"noopener\">Contactez-nous pour toute demande de devis ou de renseignements<\/a><\/span><\/span><\/p>\n","protected":false},"featured_media":1205645,"template":"","meta":{"_acf_changed":false,"content-type":"","_themeisle_gutenberg_block_has_review":false},"product_brand":[],"product_cat":[8977,12503],"product_tag":[20434,31477,33319],"product_designer":[20263,20441],"comfabric":[],"manufacturer":[20251],"reporting_designer":[37479],"samplecomfabric":[],"designer_clubroom":[],"class_list":{"0":"post-1205593","1":"product","2":"type-product","3":"status-publish","4":"has-post-thumbnail","6":"product_cat-tables-salle-a-manger","7":"product_cat-tables-fr","8":"product_tag-mobilier-national-fr","9":"product_tag-st-curvy-fr","10":"product_tag-edition-limitee","11":"product_designer-space-factory-fr","12":"product_designer-mobilier-national-fr","13":"manufacturer-space-factory-fr","14":"reporting_designer-mobilier-national","16":"first","17":"instock","18":"featured","19":"taxable","20":"shipping-taxable","21":"purchasable","22":"product-type-simple"},"acf":[],"_links":{"self":[{"href":"https:\/\/theinvisiblecollection.com\/fr\/wp-json\/wp\/v2\/product\/1205593","targetHints":{"allow":["GET"]}}],"collection":[{"href":"https:\/\/theinvisiblecollection.com\/fr\/wp-json\/wp\/v2\/product"}],"about":[{"href":"https:\/\/theinvisiblecollection.com\/fr\/wp-json\/wp\/v2\/types\/product"}],"wp:featuredmedia":[{"embeddable":true,"href":"https:\/\/theinvisiblecollection.com\/fr\/wp-json\/wp\/v2\/media\/1205645"}],"wp:attachment":[{"href":"https:\/\/theinvisiblecollection.com\/fr\/wp-json\/wp\/v2\/media?parent=1205593"}],"wp:term":[{"taxonomy":"product_brand","embeddable":true,"href":"https:\/\/theinvisiblecollection.com\/fr\/wp-json\/wp\/v2\/product_brand?post=1205593"},{"taxonomy":"product_cat","embeddable":true,"href":"https:\/\/theinvisiblecollection.com\/fr\/wp-json\/wp\/v2\/product_cat?post=1205593"},{"taxonomy":"product_tag","embeddable":true,"href":"https:\/\/theinvisiblecollection.com\/fr\/wp-json\/wp\/v2\/product_tag?post=1205593"},{"taxonomy":"product_designer","embeddable":true,"href":"https:\/\/theinvisiblecollection.com\/fr\/wp-json\/wp\/v2\/product_designer?post=1205593"},{"taxonomy":"comfabric","embeddable":true,"href":"https:\/\/theinvisiblecollection.com\/fr\/wp-json\/wp\/v2\/comfabric?post=1205593"},{"taxonomy":"manufacturer","embeddable":true,"href":"https:\/\/theinvisiblecollection.com\/fr\/wp-json\/wp\/v2\/manufacturer?post=1205593"},{"taxonomy":"reporting_designer","embeddable":true,"href":"https:\/\/theinvisiblecollection.com\/fr\/wp-json\/wp\/v2\/reporting_designer?post=1205593"},{"taxonomy":"samplecomfabric","embeddable":true,"href":"https:\/\/theinvisiblecollection.com\/fr\/wp-json\/wp\/v2\/samplecomfabric?post=1205593"},{"taxonomy":"clubroom_product_designer","embeddable":true,"href":"https:\/\/theinvisiblecollection.com\/fr\/wp-json\/wp\/v2\/designer_clubroom?post=1205593"}],"curies":[{"name":"wp","href":"https:\/\/api.w.org\/{rel}","templated":true}]}}