{"id":1205837,"date":"2022-11-23T18:31:34","date_gmt":"2022-11-23T17:31:34","guid":{"rendered":"https:\/\/theinvisiblecollection.com\/?post_type=product&#038;p=1205837"},"modified":"2026-05-01T07:38:27","modified_gmt":"2026-05-01T07:38:27","slug":"mobilier-national-pauline-esparon-banquette-lecoucheur","status":"publish","type":"product","link":"https:\/\/theinvisiblecollection.com\/fr\/produit\/mobilier-national-pauline-esparon-banquette-lecoucheur\/","title":{"rendered":"Banquette L&#8217;\u00c9coucheur"},"content":{"rendered":"<p style=\"text-align: justify;\">La Banquette L\u2019\u00c9coucheur dessin\u00e9e par Pauline Esparon valorise l\u2019utilisation de l\u2019\u00e9toupe de lin, ces fibres courtes r\u00e9sultantes de l\u2019\u00e9tape de peignage. Ce sous-produit agricole est ici employ\u00e9 pour le garnissage de l\u2019assise et son recouvrement. La banquette met en lumi\u00e8re la douceur du mat\u00e9riau et son aspect laineux, en jouant du potentiel expressif et animal de l\u2019\u00e9toupe.<\/p>\n<p>Cr\u00e9dit photos : St\u00e9phane Ruchaud<\/p>\n","protected":false},"excerpt":{"rendered":"<p>Design par Pauline Esparon<br \/>\nCr\u00e9ation int\u00e9gr\u00e9e au sein des collections du Mobilier national<br \/>\n\u00c9dition limit\u00e9e de 8 pi\u00e8ces<br \/>\nBanquette compos\u00e9e de lin et recouverte de fibres de lin<br \/>\nDimensions sur-mesure sur demande<\/p>\n<p>L 150 x l 50 x H 55 cm<\/p>\n<p>Fabriqu\u00e9e \u00e0 la main en France<br \/>\nD\u00e9lais de fabrication : 16 semaines<\/p>\n<p class=\"p1\"><span style=\"text-decoration: underline;\"><span class=\"s1\"><a href=\"https:\/\/www.theinvisiblecollection.com\/fr\/demande-de-devis\/?product_id=1205837\" target=\"_blank\" rel=\"noopener\">Contactez-nous pour toute demande de devis ou de renseignements<\/a><\/span><\/span><\/p>\n","protected":false},"featured_media":1205860,"template":"","meta":{"_acf_changed":false,"content-type":"","_themeisle_gutenberg_block_has_review":false},"product_brand":[],"product_cat":[8947,12499],"product_tag":[20434,31477,33319],"product_designer":[20241,20441],"comfabric":[],"manufacturer":[20239],"reporting_designer":[37627],"samplecomfabric":[],"designer_clubroom":[],"class_list":{"0":"post-1205837","1":"product","2":"type-product","3":"status-publish","4":"has-post-thumbnail","6":"product_cat-bancs","7":"product_cat-assises","8":"product_tag-mobilier-national-fr","9":"product_tag-st-curvy-fr","10":"product_tag-edition-limitee","11":"product_designer-pauline-esparon-fr","12":"product_designer-mobilier-national-fr","13":"manufacturer-pauline-esparon-sorel-moussel-fr","14":"reporting_designer-pauline-esparon","16":"first","17":"instock","18":"featured","19":"taxable","20":"shipping-taxable","21":"purchasable","22":"product-type-simple"},"acf":[],"_links":{"self":[{"href":"https:\/\/theinvisiblecollection.com\/fr\/wp-json\/wp\/v2\/product\/1205837","targetHints":{"allow":["GET"]}}],"collection":[{"href":"https:\/\/theinvisiblecollection.com\/fr\/wp-json\/wp\/v2\/product"}],"about":[{"href":"https:\/\/theinvisiblecollection.com\/fr\/wp-json\/wp\/v2\/types\/product"}],"wp:featuredmedia":[{"embeddable":true,"href":"https:\/\/theinvisiblecollection.com\/fr\/wp-json\/wp\/v2\/media\/1205860"}],"wp:attachment":[{"href":"https:\/\/theinvisiblecollection.com\/fr\/wp-json\/wp\/v2\/media?parent=1205837"}],"wp:term":[{"taxonomy":"product_brand","embeddable":true,"href":"https:\/\/theinvisiblecollection.com\/fr\/wp-json\/wp\/v2\/product_brand?post=1205837"},{"taxonomy":"product_cat","embeddable":true,"href":"https:\/\/theinvisiblecollection.com\/fr\/wp-json\/wp\/v2\/product_cat?post=1205837"},{"taxonomy":"product_tag","embeddable":true,"href":"https:\/\/theinvisiblecollection.com\/fr\/wp-json\/wp\/v2\/product_tag?post=1205837"},{"taxonomy":"product_designer","embeddable":true,"href":"https:\/\/theinvisiblecollection.com\/fr\/wp-json\/wp\/v2\/product_designer?post=1205837"},{"taxonomy":"comfabric","embeddable":true,"href":"https:\/\/theinvisiblecollection.com\/fr\/wp-json\/wp\/v2\/comfabric?post=1205837"},{"taxonomy":"manufacturer","embeddable":true,"href":"https:\/\/theinvisiblecollection.com\/fr\/wp-json\/wp\/v2\/manufacturer?post=1205837"},{"taxonomy":"reporting_designer","embeddable":true,"href":"https:\/\/theinvisiblecollection.com\/fr\/wp-json\/wp\/v2\/reporting_designer?post=1205837"},{"taxonomy":"samplecomfabric","embeddable":true,"href":"https:\/\/theinvisiblecollection.com\/fr\/wp-json\/wp\/v2\/samplecomfabric?post=1205837"},{"taxonomy":"clubroom_product_designer","embeddable":true,"href":"https:\/\/theinvisiblecollection.com\/fr\/wp-json\/wp\/v2\/designer_clubroom?post=1205837"}],"curies":[{"name":"wp","href":"https:\/\/api.w.org\/{rel}","templated":true}]}}