{"id":1208909,"date":"2022-11-24T13:43:49","date_gmt":"2022-11-24T12:43:49","guid":{"rendered":"https:\/\/theinvisiblecollection.com\/?post_type=product&#038;p=1208909"},"modified":"2026-05-01T07:38:27","modified_gmt":"2026-05-01T07:38:27","slug":"batch-wednesdays-lot-de-6-gobelets-opalins-ultramarine","status":"publish","type":"product","link":"https:\/\/theinvisiblecollection.com\/fr\/produit\/batch-wednesdays-lot-de-6-gobelets-opalins-ultramarine\/","title":{"rendered":"Set de 6 Gobelets Opalins Ultramarine"},"content":{"rendered":"<div class=\"ewa-rteLine\" style=\"text-align: justify\">Con\u00e7us comme verres \u00e0 cocktail, ces gobelets en opaline peuvent aussi bien \u00eatre utilis\u00e9s pour servir un jus de fruit frais ou de l\u2019eau. Leur silhouette permet de les utiliser comme petits vases.<\/div>\n<div class=\"ewa-rteLine\" style=\"text-align: justify\"><\/div>\n","protected":false},"excerpt":{"rendered":"<ul>\n<li>Composition : verre<\/li>\n<li>Couleur : ultramarine<\/li>\n<\/ul>\n","protected":false},"featured_media":1208980,"template":"","meta":{"_acf_changed":false,"content-type":"","_themeisle_gutenberg_block_has_review":false},"product_brand":[],"product_cat":[19981,19986],"product_tag":[22790],"product_designer":[],"comfabric":[],"manufacturer":[20520],"reporting_designer":[],"samplecomfabric":[],"designer_clubroom":[20506],"class_list":{"0":"post-1208909","1":"product","2":"type-product","3":"status-publish","4":"has-post-thumbnail","6":"clubroom_taxonomies-gift-room","7":"product_cat-art-de-la-table","8":"product_cat-verres","9":"product_tag-disponible-immediatement","10":"manufacturer-batch-wednesdays-fr","11":"clubroom_product_designer-batch-wednesdays-fr","12":"exhibitions-londres-fr","14":"first","15":"instock","16":"taxable","17":"shipping-taxable","18":"purchasable","19":"product-type-simple"},"acf":[],"_links":{"self":[{"href":"https:\/\/theinvisiblecollection.com\/fr\/wp-json\/wp\/v2\/product\/1208909","targetHints":{"allow":["GET"]}}],"collection":[{"href":"https:\/\/theinvisiblecollection.com\/fr\/wp-json\/wp\/v2\/product"}],"about":[{"href":"https:\/\/theinvisiblecollection.com\/fr\/wp-json\/wp\/v2\/types\/product"}],"wp:featuredmedia":[{"embeddable":true,"href":"https:\/\/theinvisiblecollection.com\/fr\/wp-json\/wp\/v2\/media\/1208980"}],"wp:attachment":[{"href":"https:\/\/theinvisiblecollection.com\/fr\/wp-json\/wp\/v2\/media?parent=1208909"}],"wp:term":[{"taxonomy":"product_brand","embeddable":true,"href":"https:\/\/theinvisiblecollection.com\/fr\/wp-json\/wp\/v2\/product_brand?post=1208909"},{"taxonomy":"product_cat","embeddable":true,"href":"https:\/\/theinvisiblecollection.com\/fr\/wp-json\/wp\/v2\/product_cat?post=1208909"},{"taxonomy":"product_tag","embeddable":true,"href":"https:\/\/theinvisiblecollection.com\/fr\/wp-json\/wp\/v2\/product_tag?post=1208909"},{"taxonomy":"product_designer","embeddable":true,"href":"https:\/\/theinvisiblecollection.com\/fr\/wp-json\/wp\/v2\/product_designer?post=1208909"},{"taxonomy":"comfabric","embeddable":true,"href":"https:\/\/theinvisiblecollection.com\/fr\/wp-json\/wp\/v2\/comfabric?post=1208909"},{"taxonomy":"manufacturer","embeddable":true,"href":"https:\/\/theinvisiblecollection.com\/fr\/wp-json\/wp\/v2\/manufacturer?post=1208909"},{"taxonomy":"reporting_designer","embeddable":true,"href":"https:\/\/theinvisiblecollection.com\/fr\/wp-json\/wp\/v2\/reporting_designer?post=1208909"},{"taxonomy":"samplecomfabric","embeddable":true,"href":"https:\/\/theinvisiblecollection.com\/fr\/wp-json\/wp\/v2\/samplecomfabric?post=1208909"},{"taxonomy":"clubroom_product_designer","embeddable":true,"href":"https:\/\/theinvisiblecollection.com\/fr\/wp-json\/wp\/v2\/designer_clubroom?post=1208909"}],"curies":[{"name":"wp","href":"https:\/\/api.w.org\/{rel}","templated":true}]}}