{"id":121149,"date":"2022-02-22T09:31:43","date_gmt":"2022-02-22T08:31:43","guid":{"rendered":"https:\/\/theinvisiblecollection.com\/?post_type=product&#038;p=121149"},"modified":"2026-05-01T07:38:59","modified_gmt":"2026-05-01T07:38:59","slug":"hamrei-tabouret-peanut","status":"publish","type":"product","link":"https:\/\/theinvisiblecollection.com\/fr\/produit\/hamrei-tabouret-peanut\/","title":{"rendered":"Tabouret Peanut"},"content":{"rendered":"<p style=\"text-align: justify;\"><span class=\"TextRun BCX0 SCXW103459450\" lang=\"FR-FR\" xml:lang=\"FR-FR\" data-contrast=\"none\"><span class=\"NormalTextRun BCX0 SCXW103459450\">Clin d&#8217;\u0153il \u00e0 la morphologie de la noix, les surfaces douces et dures se jouent des courbes. Le ch\u00eane massif est coup\u00e9 et travaill\u00e9 \u00e0 la main pour obtenir les arabesques subtiles dont la r\u00e9alisation est complexe. Elles sont ensuite recouvertes d&#8217;un si\u00e8ge confortable \u00e9voquant un nuage tapiss\u00e9 d&#8217;un tissu fabriqu\u00e9 \u00e0 partir de bouteilles en plastique recycl\u00e9es, provenant de la nouvelle collection sign\u00e9e Rose <\/span><span class=\"NormalTextRun SpellingErrorV2 BCX0 DefaultHighlightTransition SCXW103459450\">Uniacke<\/span><span class=\"NormalTextRun BCX0 SCXW103459450\">.\u00a0<\/span><\/span><span class=\"LineBreakBlob BlobObject DragDrop BCX0 SCXW103459450\"><span class=\"BCX0 SCXW103459450\">\u00a0<\/span><br class=\"BCX0 SCXW103459450\" \/><\/span><span class=\"TextRun BCX0 SCXW103459450\" lang=\"FR-FR\" xml:lang=\"FR-FR\" data-contrast=\"none\"><span class=\"NormalTextRun BCX0 SCXW103459450\">\u00a0<\/span><\/span><span class=\"LineBreakBlob BlobObject DragDrop BCX0 SCXW103459450\"><span class=\"BCX0 SCXW103459450\">\u00a0<\/span><br class=\"BCX0 SCXW103459450\" \/><\/span><\/p>\n","protected":false},"excerpt":{"rendered":"<p>Tabouret photographi\u00e9 ici en Woven Bottle de Rose Uniake, couleur kelp<br \/>\n<span style=\"text-decoration: underline;\"><a href=\"https:\/\/theinvisiblecollection.com\/wp-content\/uploads\/2022\/02\/TheInvisibleCollection_Hamrei_Rose_Uniacke.pdf\" target=\"_blank\" rel=\"noopener\">D\u00e9couvrez la s\u00e9lection de tissus en bouteilles de plastique recycl\u00e9es ici<\/a><\/span><br \/>\n\u00c9galement disponible le tissu de votre choix sur demande<br \/>\nStructure en ch\u00eane massif huil\u00e9 naturel, \u00e9galement disponible en ch\u00eane fum\u00e9<br \/>\n<span style=\"text-decoration: underline;\"><a href=\"https:\/\/theinvisiblecollection.com\/wp-content\/uploads\/2022\/02\/TheInvisibleCollection_Hamrei_Wood_Finishes_Selection-1.pdf\" target=\"_blank\" rel=\"noopener\">D\u00e9couvrez la s\u00e9lection de bois ici<\/a><\/span><\/p>\n<p>L 48 x P 42 x H 40 cm<br \/>\nTissu requis : 2 m<\/p>\n<p class=\"p1\">Fabriqu\u00e9 \u00e0 la main au Portugal \/ Royaume-Uni<br \/>\nD\u00e9lais de fabrication : 14 semaines<\/p>\n<p class=\"p2\"><span style=\"text-decoration: underline;\"><span class=\"s1\"><a href=\"https:\/\/www.theinvisiblecollection.com\/fr\/demande-de-devis\/?product_id=121149\" target=\"_blank\" rel=\"noopener\">Contactez-nous pour toute demande de devis ou de renseignements<\/a><\/span><\/span><\/p>\n","protected":false},"featured_media":121513,"template":"","meta":{"_acf_changed":false,"content-type":"","_themeisle_gutenberg_block_has_review":false},"product_brand":[],"product_cat":[8969,12499],"product_tag":[11335,35206],"product_designer":[15640],"comfabric":[28924],"manufacturer":[26773],"reporting_designer":[37793],"samplecomfabric":[30792],"designer_clubroom":[],"class_list":{"0":"post-121149","1":"product","2":"type-product","3":"status-publish","4":"has-post-thumbnail","6":"product_cat-ottomans-tabourets","7":"product_cat-assises","8":"product_tag-eco-design","9":"product_tag-exclusive-fr","10":"product_designer-hamrei-fr","11":"comfabric-hamrei-atelier-lisbon-matinha-fr","12":"manufacturer-hamrei-atelier-lisbon-flix-correia-fr","13":"reporting_designer-hamrei","14":"samplecomfabric-hamrei-atelier-lisbon-matinha-fr","16":"first","17":"instock","18":"taxable","19":"shipping-taxable","20":"purchasable","21":"product-type-variable"},"acf":[],"_links":{"self":[{"href":"https:\/\/theinvisiblecollection.com\/fr\/wp-json\/wp\/v2\/product\/121149","targetHints":{"allow":["GET"]}}],"collection":[{"href":"https:\/\/theinvisiblecollection.com\/fr\/wp-json\/wp\/v2\/product"}],"about":[{"href":"https:\/\/theinvisiblecollection.com\/fr\/wp-json\/wp\/v2\/types\/product"}],"wp:featuredmedia":[{"embeddable":true,"href":"https:\/\/theinvisiblecollection.com\/fr\/wp-json\/wp\/v2\/media\/121513"}],"wp:attachment":[{"href":"https:\/\/theinvisiblecollection.com\/fr\/wp-json\/wp\/v2\/media?parent=121149"}],"wp:term":[{"taxonomy":"product_brand","embeddable":true,"href":"https:\/\/theinvisiblecollection.com\/fr\/wp-json\/wp\/v2\/product_brand?post=121149"},{"taxonomy":"product_cat","embeddable":true,"href":"https:\/\/theinvisiblecollection.com\/fr\/wp-json\/wp\/v2\/product_cat?post=121149"},{"taxonomy":"product_tag","embeddable":true,"href":"https:\/\/theinvisiblecollection.com\/fr\/wp-json\/wp\/v2\/product_tag?post=121149"},{"taxonomy":"product_designer","embeddable":true,"href":"https:\/\/theinvisiblecollection.com\/fr\/wp-json\/wp\/v2\/product_designer?post=121149"},{"taxonomy":"comfabric","embeddable":true,"href":"https:\/\/theinvisiblecollection.com\/fr\/wp-json\/wp\/v2\/comfabric?post=121149"},{"taxonomy":"manufacturer","embeddable":true,"href":"https:\/\/theinvisiblecollection.com\/fr\/wp-json\/wp\/v2\/manufacturer?post=121149"},{"taxonomy":"reporting_designer","embeddable":true,"href":"https:\/\/theinvisiblecollection.com\/fr\/wp-json\/wp\/v2\/reporting_designer?post=121149"},{"taxonomy":"samplecomfabric","embeddable":true,"href":"https:\/\/theinvisiblecollection.com\/fr\/wp-json\/wp\/v2\/samplecomfabric?post=121149"},{"taxonomy":"clubroom_product_designer","embeddable":true,"href":"https:\/\/theinvisiblecollection.com\/fr\/wp-json\/wp\/v2\/designer_clubroom?post=121149"}],"curies":[{"name":"wp","href":"https:\/\/api.w.org\/{rel}","templated":true}]}}