{"id":121184,"date":"2022-02-22T09:01:48","date_gmt":"2022-02-22T08:01:48","guid":{"rendered":"https:\/\/theinvisiblecollection.com\/?post_type=product&#038;p=121184"},"modified":"2026-05-08T04:40:12","modified_gmt":"2026-05-08T04:40:12","slug":"hamrei-bureau-bacon","status":"publish","type":"product","link":"https:\/\/theinvisiblecollection.com\/fr\/produit\/hamrei-bureau-bacon\/","title":{"rendered":"Bureau Bacon"},"content":{"rendered":"<p style=\"text-align: justify;\"><span class=\"TextRun BCX0 SCXW103459450\" lang=\"FR-FR\" xml:lang=\"FR-FR\" data-contrast=\"none\"><span class=\"NormalTextRun BCX0 SCXW103459450\">Inspir\u00e9 des lignes des triptyques de Francis Bacon et de la forme et des couleurs utilis\u00e9es par le peintre britannique, le bureau Bacon illustre l&#8217;\u00e9quilibre parfait entre douceur et stabilit\u00e9, associant ses lignes courbes \u00e0 des angles saillants. Le plateau repose sur des pieds en ch\u00eane massif l\u00e9g\u00e8rement courb\u00e9s et le bloc-tiroirs en m\u00e9tal d\u00e9passe le plateau donnant l&#8217;effet d&#8217;un prolongement subtil.\u00a0<\/span><\/span><span class=\"LineBreakBlob BlobObject DragDrop BCX0 SCXW103459450\"><span class=\"BCX0 SCXW103459450\">\u00a0<\/span><br class=\"BCX0 SCXW103459450\" \/><\/span><\/p>\n","protected":false},"excerpt":{"rendered":"<p>Bureau avec un plateau en Jesmonite<br \/>\n<span style=\"text-decoration: underline;\"><a href=\"https:\/\/theinvisiblecollection.com\/wp-content\/uploads\/2022\/06\/TheInvisibleCollection_Hamrei_Bacon_Desk_Top_Finish_Selection.pdf\" target=\"_blank\" rel=\"noopener\">D\u00e9couvrez la s\u00e9lection de finitions du plateau ici<\/a><\/span><br \/>\nPieds massifs en ch\u00eane huil\u00e9 naturel, plaqu\u00e9s \u00e0 la main, \u00e9galement disponibles en ch\u00eane noirci<br \/>\n<span style=\"text-decoration: underline;\"><a href=\"https:\/\/theinvisiblecollection.com\/wp-content\/uploads\/2022\/06\/TheInvisibleCollection_Hamrei_Bacon_Legs_Finish_Selection.pdf\" target=\"_blank\" rel=\"noopener\">D\u00e9couvrez la s\u00e9lection de finitions pour les pieds ici<\/a><\/span><br \/>\nTiroir en acier patin\u00e9 et color\u00e9, photographi\u00e9 ici en rouge<br \/>\nTiroir \u00e9galement disponibles en acier noirci ou en laiton antique<br \/>\n<span style=\"text-decoration: underline;\"><a href=\"https:\/\/theinvisiblecollection.com\/wp-content\/uploads\/2022\/06\/TheInvisibleCollection_Hamrei_Bacon_Drawer_Finish_Selection.pdf\" target=\"_blank\" rel=\"noopener\">D\u00e9couvrez la s\u00e9lection de finitions du tiroir ici<\/a><\/span><br \/>\nMat\u00e9riaux et couleurs sur-mesure sur demande<\/p>\n<p>L 144 x P 75 x H 70 cm<br \/>\nHauteur de table : 4 cm<\/p>\n<p><p class=\"p1\">Fabriqu\u00e9 \u00e0 la main au Royaume-Uni<br \/>\nD\u00e9lais de fabrication : 16 semaines<\/p>\n<p class=\"p2\"><span style=\"text-decoration: underline;\"><span class=\"s1\"><a href=\"https:\/\/www.theinvisiblecollection.com\/fr\/demande-de-devis\/?product_id=603467\" target=\"_blank\" rel=\"noopener\">Contactez-nous pour toute demande de devis ou de renseignements<\/a><\/span><\/span><\/p><\/p>\n","protected":false},"featured_media":120377,"template":"","meta":{"_acf_changed":false,"content-type":"","_themeisle_gutenberg_block_has_review":false},"product_brand":[],"product_cat":[7704,12503],"product_tag":[11335,35206],"product_designer":[15640],"comfabric":[],"manufacturer":[26773],"reporting_designer":[37793],"samplecomfabric":[],"designer_clubroom":[],"class_list":{"0":"post-121184","1":"product","2":"type-product","3":"status-publish","4":"has-post-thumbnail","6":"product_cat-bureaux-fr","7":"product_cat-tables-fr","8":"product_tag-eco-design","9":"product_tag-exclusive-fr","10":"product_designer-hamrei-fr","11":"manufacturer-hamrei-atelier-lisbon-flix-correia-fr","12":"reporting_designer-hamrei","14":"first","15":"instock","16":"taxable","17":"shipping-taxable","18":"purchasable","19":"product-type-variable"},"acf":[],"_links":{"self":[{"href":"https:\/\/theinvisiblecollection.com\/fr\/wp-json\/wp\/v2\/product\/121184","targetHints":{"allow":["GET"]}}],"collection":[{"href":"https:\/\/theinvisiblecollection.com\/fr\/wp-json\/wp\/v2\/product"}],"about":[{"href":"https:\/\/theinvisiblecollection.com\/fr\/wp-json\/wp\/v2\/types\/product"}],"wp:featuredmedia":[{"embeddable":true,"href":"https:\/\/theinvisiblecollection.com\/fr\/wp-json\/wp\/v2\/media\/120377"}],"wp:attachment":[{"href":"https:\/\/theinvisiblecollection.com\/fr\/wp-json\/wp\/v2\/media?parent=121184"}],"wp:term":[{"taxonomy":"product_brand","embeddable":true,"href":"https:\/\/theinvisiblecollection.com\/fr\/wp-json\/wp\/v2\/product_brand?post=121184"},{"taxonomy":"product_cat","embeddable":true,"href":"https:\/\/theinvisiblecollection.com\/fr\/wp-json\/wp\/v2\/product_cat?post=121184"},{"taxonomy":"product_tag","embeddable":true,"href":"https:\/\/theinvisiblecollection.com\/fr\/wp-json\/wp\/v2\/product_tag?post=121184"},{"taxonomy":"product_designer","embeddable":true,"href":"https:\/\/theinvisiblecollection.com\/fr\/wp-json\/wp\/v2\/product_designer?post=121184"},{"taxonomy":"comfabric","embeddable":true,"href":"https:\/\/theinvisiblecollection.com\/fr\/wp-json\/wp\/v2\/comfabric?post=121184"},{"taxonomy":"manufacturer","embeddable":true,"href":"https:\/\/theinvisiblecollection.com\/fr\/wp-json\/wp\/v2\/manufacturer?post=121184"},{"taxonomy":"reporting_designer","embeddable":true,"href":"https:\/\/theinvisiblecollection.com\/fr\/wp-json\/wp\/v2\/reporting_designer?post=121184"},{"taxonomy":"samplecomfabric","embeddable":true,"href":"https:\/\/theinvisiblecollection.com\/fr\/wp-json\/wp\/v2\/samplecomfabric?post=121184"},{"taxonomy":"clubroom_product_designer","embeddable":true,"href":"https:\/\/theinvisiblecollection.com\/fr\/wp-json\/wp\/v2\/designer_clubroom?post=121184"}],"curies":[{"name":"wp","href":"https:\/\/api.w.org\/{rel}","templated":true}]}}