{"id":1215992,"date":"2022-11-25T15:08:01","date_gmt":"2022-11-25T14:08:01","guid":{"rendered":"https:\/\/theinvisiblecollection.com\/?post_type=product&#038;p=1215992"},"modified":"2026-05-01T07:38:27","modified_gmt":"2026-05-01T07:38:27","slug":"mobilier-national-anasthasia-millot-gueridon-kimira","status":"publish","type":"product","link":"https:\/\/theinvisiblecollection.com\/fr\/produit\/mobilier-national-anasthasia-millot-gueridon-kimira\/","title":{"rendered":"Gu\u00e9ridon Kimira"},"content":{"rendered":"<p style=\"text-align: justify;\">Le Gu\u00e9ridon Kimira par Anasthasia Millot est une succession de ceintrages entrelac\u00e9s. Le bronze est magnifi\u00e9 par le jeu de la lumi\u00e8re et des patines accrochant les galbes des pleins et des d\u00e9li\u00e9s.<\/p>\n<p>Cr\u00e9dit photos : Bruno Simon<\/p>\n","protected":false},"excerpt":{"rendered":"<p><p>Design par Anasthasia Millot<br \/>Cr\u00e9ation int\u00e9gr\u00e9e au sein des collections du Mobilier national<br \/>\u00c9dition limit\u00e9e<br \/>Gu\u00e9ridon avec plateau en cuir gain\u00e9 et surpiqu\u00e9<br \/>Structure en bronze patin\u00e9<br \/>Finitions, couleurs et dimensions sur mesure sur demande<\/p>\n<\/p>\n<p>\u00d8 38 x H 50 cm<\/p>\n<p>Fabriqu\u00e9 \u00e0 la main en France<br \/>\nD\u00e9lais de fabrication : 10 semaines<\/p>\n<p class=\"p1\"><span style=\"text-decoration: underline;\"><span class=\"s1\"><a href=\"https:\/\/www.theinvisiblecollection.com\/fr\/demande-de-devis\/?product_id=1215992\">Contactez-nous pour toute demande de devis ou de renseignement<\/a><\/span><\/span><\/p><\/p>\n","protected":false},"featured_media":1215985,"template":"","meta":{"_acf_changed":false,"content-type":"","_themeisle_gutenberg_block_has_review":false},"product_brand":[],"product_cat":[7509,12332,12503],"product_tag":[20434,31477,33319],"product_designer":[17781,20441],"comfabric":[],"manufacturer":[18324],"reporting_designer":[37479],"samplecomfabric":[],"designer_clubroom":[],"class_list":{"0":"post-1215992","1":"product","2":"type-product","3":"status-publish","4":"has-post-thumbnail","6":"product_cat-tables-basses-dappoint","7":"product_cat-tables-dappoint","8":"product_cat-tables-fr","9":"product_tag-mobilier-national-fr","10":"product_tag-st-curvy-fr","11":"product_tag-edition-limitee","12":"product_designer-anasthasia-millot-fr","13":"product_designer-mobilier-national-fr","14":"manufacturer-sn-fodor-fr","15":"reporting_designer-mobilier-national","17":"first","18":"instock","19":"taxable","20":"shipping-taxable","21":"purchasable","22":"product-type-simple"},"acf":[],"_links":{"self":[{"href":"https:\/\/theinvisiblecollection.com\/fr\/wp-json\/wp\/v2\/product\/1215992","targetHints":{"allow":["GET"]}}],"collection":[{"href":"https:\/\/theinvisiblecollection.com\/fr\/wp-json\/wp\/v2\/product"}],"about":[{"href":"https:\/\/theinvisiblecollection.com\/fr\/wp-json\/wp\/v2\/types\/product"}],"wp:featuredmedia":[{"embeddable":true,"href":"https:\/\/theinvisiblecollection.com\/fr\/wp-json\/wp\/v2\/media\/1215985"}],"wp:attachment":[{"href":"https:\/\/theinvisiblecollection.com\/fr\/wp-json\/wp\/v2\/media?parent=1215992"}],"wp:term":[{"taxonomy":"product_brand","embeddable":true,"href":"https:\/\/theinvisiblecollection.com\/fr\/wp-json\/wp\/v2\/product_brand?post=1215992"},{"taxonomy":"product_cat","embeddable":true,"href":"https:\/\/theinvisiblecollection.com\/fr\/wp-json\/wp\/v2\/product_cat?post=1215992"},{"taxonomy":"product_tag","embeddable":true,"href":"https:\/\/theinvisiblecollection.com\/fr\/wp-json\/wp\/v2\/product_tag?post=1215992"},{"taxonomy":"product_designer","embeddable":true,"href":"https:\/\/theinvisiblecollection.com\/fr\/wp-json\/wp\/v2\/product_designer?post=1215992"},{"taxonomy":"comfabric","embeddable":true,"href":"https:\/\/theinvisiblecollection.com\/fr\/wp-json\/wp\/v2\/comfabric?post=1215992"},{"taxonomy":"manufacturer","embeddable":true,"href":"https:\/\/theinvisiblecollection.com\/fr\/wp-json\/wp\/v2\/manufacturer?post=1215992"},{"taxonomy":"reporting_designer","embeddable":true,"href":"https:\/\/theinvisiblecollection.com\/fr\/wp-json\/wp\/v2\/reporting_designer?post=1215992"},{"taxonomy":"samplecomfabric","embeddable":true,"href":"https:\/\/theinvisiblecollection.com\/fr\/wp-json\/wp\/v2\/samplecomfabric?post=1215992"},{"taxonomy":"clubroom_product_designer","embeddable":true,"href":"https:\/\/theinvisiblecollection.com\/fr\/wp-json\/wp\/v2\/designer_clubroom?post=1215992"}],"curies":[{"name":"wp","href":"https:\/\/api.w.org\/{rel}","templated":true}]}}