{"id":1216055,"date":"2023-09-26T10:53:31","date_gmt":"2023-09-26T09:53:31","guid":{"rendered":"https:\/\/theinvisiblecollection.com\/?post_type=product&#038;p=1216055"},"modified":"2026-05-01T07:38:27","modified_gmt":"2026-05-01T07:38:27","slug":"mobilier-national-herve-wahlen-lampe-torsion-2021","status":"publish","type":"product","link":"https:\/\/theinvisiblecollection.com\/fr\/produit\/mobilier-national-herve-wahlen-lampe-torsion-2021\/","title":{"rendered":"Lampe Torsion 2021"},"content":{"rendered":"<p style=\"text-align: justify;\">La Lampe Torsion 2021 par Herv\u00e9 Wahlen pour Maison Parisienne est une pi\u00e8ce embl\u00e9matique de la collection de luminaires de Maison Parisienne. Elle fait partie des collections du Mobilier national \u00e0 Paris, \u00e9tablissement conservant le mobilier d&#8217;\u00c9tat. Fabriqu\u00e9e \u00e0 la main, la lampe Torsion est une boucle en laiton recouverte de feuilles d&#8217;or moongold, une teinte iris\u00e9e qui contraste avec les reflets cuivr\u00e9s plus chauds de l\u2019int\u00e9rieur de la torsion.<\/p>\n<p>Cr\u00e9dit photos : DA Spela Lenarcic \/ IIIRD MAN<\/p>\n","protected":false},"excerpt":{"rendered":"<p>Herv\u00e9 Wahlen x Maison Parisienne<br \/>\nCr\u00e9ation int\u00e9gr\u00e9e au sein des collections du Mobilier national<br \/>\nLampe en laiton martel\u00e9 et patin\u00e9, feuille d&#8217;or<br \/>\n\u00c9galement disponible en patine feuille d&#8217;or blanc sur demande<br \/>\nLampe LED<br \/>\n\u00c9lectrification CE<br \/>\nConvient au Royaume-uni sur demande<br \/>\nChaque pi\u00e8ce est unique<br \/>\nDimensions sur-mesure sur demande<\/p>\n<p>L 40 x l 30 x H 40 cm<\/p>\n<p>Fabriqu\u00e9e \u00e0 la main en France<br \/>\nD\u00e9lais de fabrication : 12 &#8211; 16 semaines<\/p>\n<p class=\"p1\"><span style=\"text-decoration: underline;\"><span class=\"s1\"><a href=\"https:\/\/www.theinvisiblecollection.com\/fr\/demande-de-devis\/?product_id=1216055\">Contactez-nous pour toute demande de devis ou de renseignements<\/a><\/span><\/span><\/p>\n","protected":false},"featured_media":1216288,"template":"","meta":{"_acf_changed":false,"content-type":"","_themeisle_gutenberg_block_has_review":false},"product_brand":[],"product_cat":[8974,12507],"product_tag":[14925,20434,31477],"product_designer":[20261,20441,20451],"comfabric":[],"manufacturer":[20249],"reporting_designer":[37841],"samplecomfabric":[],"designer_clubroom":[],"class_list":{"0":"post-1216055","1":"product","2":"type-product","3":"status-publish","4":"has-post-thumbnail","6":"product_cat-lampes-de-table","7":"product_cat-luminaires","8":"product_tag-hpfav-fr","9":"product_tag-mobilier-national-fr","10":"product_tag-st-curvy-fr","11":"product_designer-maison-parisienne-fr","12":"product_designer-mobilier-national-fr","13":"product_designer-herve-wahlen-fr","14":"manufacturer-maison-parisienne-fr","15":"reporting_designer-herve-wahlen","17":"first","18":"instock","19":"taxable","20":"shipping-taxable","21":"purchasable","22":"product-type-variable"},"acf":[],"_links":{"self":[{"href":"https:\/\/theinvisiblecollection.com\/fr\/wp-json\/wp\/v2\/product\/1216055","targetHints":{"allow":["GET"]}}],"collection":[{"href":"https:\/\/theinvisiblecollection.com\/fr\/wp-json\/wp\/v2\/product"}],"about":[{"href":"https:\/\/theinvisiblecollection.com\/fr\/wp-json\/wp\/v2\/types\/product"}],"wp:featuredmedia":[{"embeddable":true,"href":"https:\/\/theinvisiblecollection.com\/fr\/wp-json\/wp\/v2\/media\/1216288"}],"wp:attachment":[{"href":"https:\/\/theinvisiblecollection.com\/fr\/wp-json\/wp\/v2\/media?parent=1216055"}],"wp:term":[{"taxonomy":"product_brand","embeddable":true,"href":"https:\/\/theinvisiblecollection.com\/fr\/wp-json\/wp\/v2\/product_brand?post=1216055"},{"taxonomy":"product_cat","embeddable":true,"href":"https:\/\/theinvisiblecollection.com\/fr\/wp-json\/wp\/v2\/product_cat?post=1216055"},{"taxonomy":"product_tag","embeddable":true,"href":"https:\/\/theinvisiblecollection.com\/fr\/wp-json\/wp\/v2\/product_tag?post=1216055"},{"taxonomy":"product_designer","embeddable":true,"href":"https:\/\/theinvisiblecollection.com\/fr\/wp-json\/wp\/v2\/product_designer?post=1216055"},{"taxonomy":"comfabric","embeddable":true,"href":"https:\/\/theinvisiblecollection.com\/fr\/wp-json\/wp\/v2\/comfabric?post=1216055"},{"taxonomy":"manufacturer","embeddable":true,"href":"https:\/\/theinvisiblecollection.com\/fr\/wp-json\/wp\/v2\/manufacturer?post=1216055"},{"taxonomy":"reporting_designer","embeddable":true,"href":"https:\/\/theinvisiblecollection.com\/fr\/wp-json\/wp\/v2\/reporting_designer?post=1216055"},{"taxonomy":"samplecomfabric","embeddable":true,"href":"https:\/\/theinvisiblecollection.com\/fr\/wp-json\/wp\/v2\/samplecomfabric?post=1216055"},{"taxonomy":"clubroom_product_designer","embeddable":true,"href":"https:\/\/theinvisiblecollection.com\/fr\/wp-json\/wp\/v2\/designer_clubroom?post=1216055"}],"curies":[{"name":"wp","href":"https:\/\/api.w.org\/{rel}","templated":true}]}}