{"id":1217064,"date":"2022-12-14T18:31:00","date_gmt":"2022-12-14T17:31:00","guid":{"rendered":"https:\/\/theinvisiblecollection.com\/?post_type=product&#038;p=1217064"},"modified":"2026-05-08T04:39:40","modified_gmt":"2026-05-08T04:39:40","slug":"mobilier-national-anthony-guerree-chaise-paravent-verdurin","status":"publish","type":"product","link":"https:\/\/theinvisiblecollection.com\/fr\/produit\/mobilier-national-anthony-guerree-chaise-paravent-verdurin\/","title":{"rendered":"Chaise &#8211; Paravent Verdurin"},"content":{"rendered":"<p style=\"text-align: justify\" data-mce-style=\"text-align: justify;\">La Chaise \u2013 Paravent Verdurin par Anthony Guerr\u00e9e est inspir\u00e9e par le personnage proustien de Sidonie Verdurin. Dans un passage d\u2019\u00ab\u00c0 La Recherche du Temps Perdu \u00bb, Marcel Proust met en lumi\u00e8re la relation sensuelle entretenue par Madame Verdurin avec son mobilier. Sidonie Verdurin invite en effet, un jour Swann \u00e0 \u00ab peloter \u00bb les petits bronzes de son fauteuil de Beauvais. En r\u00e9f\u00e9rence directe \u00e0 ce c\u00e9l\u00e8bre passage, la chaise- paravent \u00ab Verdurin \u00bb en c\u00e8dre massif se pare de sph\u00e8res martel\u00e9es en laiton bronz\u00e9 qui invitent au toucher.<\/p>\n<p>Cr\u00e9dit photos : DA Spela Lenarcic \/ IIIRD MAN<\/p>\n","protected":false},"excerpt":{"rendered":"<p><p>Design par Anthony Guerr\u00e9e<br \/>Cr\u00e9ation int\u00e9gr\u00e9e au sein des collections du Mobilier national<br \/>\u00c9dition limit\u00e9e de 8 pi\u00e8ces<br \/>Structure en c\u00e8dre massif<br \/>Boules en laiton bronz\u00e9 martel\u00e9<br \/>Cuir de collet tannage v\u00e9g\u00e9tal couleur cocco<\/p>\n<\/p>\n<p>Dimensions ouverte :<br \/>\nL 170 x l 50 x H 150 cm<br \/>\nDimensions ferm\u00e9e :<br \/>\nL 50 x l 55 x H 150 cm<br \/>\nHauteur d&#8217;assise : 45 cm<\/p>\n<p>Fabriqu\u00e9e \u00e0 la main en France par Racines Ateliers<br \/>\nD\u00e9lais de fabrication : 10 semaines<\/p>\n<p class=\"p1\"><span style=\"text-decoration: underline;\"><span class=\"s1\"><a href=\"https:\/\/www.theinvisiblecollection.com\/fr\/demande-de-devis\/?product_id=1867076\">Contactez-nous pour toute demande de devis ou de renseignement<\/a><\/span><\/span><\/p><\/p>\n","protected":false},"featured_media":1216981,"template":"","meta":{"_acf_changed":false,"content-type":"","_themeisle_gutenberg_block_has_review":false},"product_brand":[],"product_cat":[7517,8962,8978,12499],"product_tag":[20434,33319],"product_designer":[20283,20441],"comfabric":[],"manufacturer":[20281],"reporting_designer":[37541],"samplecomfabric":[],"designer_clubroom":[],"class_list":{"0":"post-1217064","1":"product","2":"type-product","3":"status-publish","4":"has-post-thumbnail","6":"product_cat-deco-fr","7":"product_cat-chaises","8":"product_cat-paravents","9":"product_cat-assises","10":"product_tag-mobilier-national-fr","11":"product_tag-edition-limitee","12":"product_designer-anthony-guerree-fr","13":"product_designer-mobilier-national-fr","14":"manufacturer-anthony-guerree-ateliers-du-lude-fr","15":"reporting_designer-anthony-guerree","17":"first","18":"instock","19":"taxable","20":"shipping-taxable","21":"purchasable","22":"product-type-simple"},"acf":[],"_links":{"self":[{"href":"https:\/\/theinvisiblecollection.com\/fr\/wp-json\/wp\/v2\/product\/1217064","targetHints":{"allow":["GET"]}}],"collection":[{"href":"https:\/\/theinvisiblecollection.com\/fr\/wp-json\/wp\/v2\/product"}],"about":[{"href":"https:\/\/theinvisiblecollection.com\/fr\/wp-json\/wp\/v2\/types\/product"}],"wp:featuredmedia":[{"embeddable":true,"href":"https:\/\/theinvisiblecollection.com\/fr\/wp-json\/wp\/v2\/media\/1216981"}],"wp:attachment":[{"href":"https:\/\/theinvisiblecollection.com\/fr\/wp-json\/wp\/v2\/media?parent=1217064"}],"wp:term":[{"taxonomy":"product_brand","embeddable":true,"href":"https:\/\/theinvisiblecollection.com\/fr\/wp-json\/wp\/v2\/product_brand?post=1217064"},{"taxonomy":"product_cat","embeddable":true,"href":"https:\/\/theinvisiblecollection.com\/fr\/wp-json\/wp\/v2\/product_cat?post=1217064"},{"taxonomy":"product_tag","embeddable":true,"href":"https:\/\/theinvisiblecollection.com\/fr\/wp-json\/wp\/v2\/product_tag?post=1217064"},{"taxonomy":"product_designer","embeddable":true,"href":"https:\/\/theinvisiblecollection.com\/fr\/wp-json\/wp\/v2\/product_designer?post=1217064"},{"taxonomy":"comfabric","embeddable":true,"href":"https:\/\/theinvisiblecollection.com\/fr\/wp-json\/wp\/v2\/comfabric?post=1217064"},{"taxonomy":"manufacturer","embeddable":true,"href":"https:\/\/theinvisiblecollection.com\/fr\/wp-json\/wp\/v2\/manufacturer?post=1217064"},{"taxonomy":"reporting_designer","embeddable":true,"href":"https:\/\/theinvisiblecollection.com\/fr\/wp-json\/wp\/v2\/reporting_designer?post=1217064"},{"taxonomy":"samplecomfabric","embeddable":true,"href":"https:\/\/theinvisiblecollection.com\/fr\/wp-json\/wp\/v2\/samplecomfabric?post=1217064"},{"taxonomy":"clubroom_product_designer","embeddable":true,"href":"https:\/\/theinvisiblecollection.com\/fr\/wp-json\/wp\/v2\/designer_clubroom?post=1217064"}],"curies":[{"name":"wp","href":"https:\/\/api.w.org\/{rel}","templated":true}]}}