{"id":122055,"date":"2022-03-02T10:05:09","date_gmt":"2022-03-02T09:05:09","guid":{"rendered":"https:\/\/theinvisiblecollection.com\/?post_type=product&#038;p=122055"},"modified":"2026-05-01T07:38:59","modified_gmt":"2026-05-01T07:38:59","slug":"la-chance-tapis-rond-anemone-gris","status":"publish","type":"product","link":"https:\/\/theinvisiblecollection.com\/fr\/produit\/la-chance-tapis-rond-anemone-gris\/","title":{"rendered":"Tapis Rond Anemone Gris"},"content":{"rendered":"<p style=\"text-align: justify;\">Anemone est un tapis inspir\u00e9 des tableaux r\u00e9alis\u00e9s par le designer \u00e0 la peinture acrylique sur lesquels les effets des brosses simulent le doux mouvement des an\u00e9mones de mer.<\/p>\n","protected":false},"excerpt":{"rendered":"<p>Design par Fran\u00e7ois Dumas<br \/>\nTapis tuft\u00e9 \u00e0 la main<br \/>\nPure laine de Nouvelle-Z\u00e9lande<br \/>\nPrix au m\u00e8tre carr\u00e9<br \/>\nPhotographi\u00e9 ici dans des nuances de gris<br \/>\n\u00c9galement disponible dans des nuances de <a href=\"https:\/\/theinvisiblecollection.com\/fr\/produit\/la-chance-tapis-rond-anemone-bleu\/\" target=\"_blank\" rel=\"noopener\"><span style=\"text-decoration: underline;\">bleu<\/span><\/a>, <a href=\"https:\/\/theinvisiblecollection.com\/fr\/produit\/la-chance-tapis-rond-anemone-rouge\/\" target=\"_blank\" rel=\"noopener\"><span style=\"text-decoration: underline;\">rouge<\/span><\/a> ou <a href=\"https:\/\/theinvisiblecollection.com\/fr\/produit\/la-chance-tapis-rond-anemone-vert\/\" target=\"_blank\" rel=\"noopener\"><span style=\"text-decoration: underline;\">vert<\/span><\/a><br \/>\nDisponible en forme ronde ou <a href=\"https:\/\/theinvisiblecollection.com\/fr\/produit\/la-chance-tapis-rectangulaire-anemone-gris\/\" target=\"_blank\" rel=\"noopener\"><span style=\"text-decoration: underline;\">rectangulaire<\/span><\/a><br \/>\nDimensions et couleurs sur-mesure sur demande<\/p>\n<p>\u01fe 230 cm<\/p>\n<p>Fabriqu\u00e9 \u00e0 la main en Inde<br \/>\nD\u00e9lais de fabrication : 10 \u2013 12 semaines<br \/>\n<span style=\"text-decoration: underline;\"><a href=\"https:\/\/www.theinvisiblecollection.com\/fr\/demande-de-devis\/?product_id=122055\" target=\"_blank\" rel=\"noopener\">Contactez-nous pour toute demande de devis ou de renseignement<\/a><\/span><\/p>\n","protected":false},"featured_media":122966,"template":"","meta":{"_acf_changed":false,"content-type":"","_themeisle_gutenberg_block_has_review":false},"product_brand":[],"product_cat":[12540,12541],"product_tag":[],"product_designer":[13254],"comfabric":[],"manufacturer":[21949],"reporting_designer":[37467],"samplecomfabric":[],"designer_clubroom":[],"class_list":{"0":"post-122055","1":"product","2":"type-product","3":"status-publish","4":"has-post-thumbnail","6":"product_cat-tapis-fr","7":"product_cat-tufte-a-la-main","8":"pa_color-bleu-fr","9":"pa_color-couleurs-personalisees","10":"pa_color-gris-fr","11":"pa_color-rouge-fr","12":"pa_color-vert-fr","13":"pa_size-dimensions-standards","14":"pa_size-dimensions-sur-mesure-fr","15":"product_designer-la-chance-fr","16":"manufacturer-shipea-chez-sylvania-fr","17":"reporting_designer-la-chance","19":"first","20":"instock","21":"taxable","22":"shipping-taxable","23":"purchasable","24":"product-type-variable"},"acf":[],"_links":{"self":[{"href":"https:\/\/theinvisiblecollection.com\/fr\/wp-json\/wp\/v2\/product\/122055","targetHints":{"allow":["GET"]}}],"collection":[{"href":"https:\/\/theinvisiblecollection.com\/fr\/wp-json\/wp\/v2\/product"}],"about":[{"href":"https:\/\/theinvisiblecollection.com\/fr\/wp-json\/wp\/v2\/types\/product"}],"wp:featuredmedia":[{"embeddable":true,"href":"https:\/\/theinvisiblecollection.com\/fr\/wp-json\/wp\/v2\/media\/122966"}],"wp:attachment":[{"href":"https:\/\/theinvisiblecollection.com\/fr\/wp-json\/wp\/v2\/media?parent=122055"}],"wp:term":[{"taxonomy":"product_brand","embeddable":true,"href":"https:\/\/theinvisiblecollection.com\/fr\/wp-json\/wp\/v2\/product_brand?post=122055"},{"taxonomy":"product_cat","embeddable":true,"href":"https:\/\/theinvisiblecollection.com\/fr\/wp-json\/wp\/v2\/product_cat?post=122055"},{"taxonomy":"product_tag","embeddable":true,"href":"https:\/\/theinvisiblecollection.com\/fr\/wp-json\/wp\/v2\/product_tag?post=122055"},{"taxonomy":"product_designer","embeddable":true,"href":"https:\/\/theinvisiblecollection.com\/fr\/wp-json\/wp\/v2\/product_designer?post=122055"},{"taxonomy":"comfabric","embeddable":true,"href":"https:\/\/theinvisiblecollection.com\/fr\/wp-json\/wp\/v2\/comfabric?post=122055"},{"taxonomy":"manufacturer","embeddable":true,"href":"https:\/\/theinvisiblecollection.com\/fr\/wp-json\/wp\/v2\/manufacturer?post=122055"},{"taxonomy":"reporting_designer","embeddable":true,"href":"https:\/\/theinvisiblecollection.com\/fr\/wp-json\/wp\/v2\/reporting_designer?post=122055"},{"taxonomy":"samplecomfabric","embeddable":true,"href":"https:\/\/theinvisiblecollection.com\/fr\/wp-json\/wp\/v2\/samplecomfabric?post=122055"},{"taxonomy":"clubroom_product_designer","embeddable":true,"href":"https:\/\/theinvisiblecollection.com\/fr\/wp-json\/wp\/v2\/designer_clubroom?post=122055"}],"curies":[{"name":"wp","href":"https:\/\/api.w.org\/{rel}","templated":true}]}}