{"id":1222010,"date":"2022-10-13T14:42:36","date_gmt":"2022-10-13T13:42:36","guid":{"rendered":"https:\/\/theinvisiblecollection.com\/?post_type=product&#038;p=1222010"},"modified":"2026-05-01T07:38:27","modified_gmt":"2026-05-01T07:38:27","slug":"antoinette-poisson-papier-dominote-jaipur","status":"publish","type":"product","link":"https:\/\/theinvisiblecollection.com\/fr\/produit\/antoinette-poisson-papier-dominote-jaipur\/","title":{"rendered":"Papier Dominot\u00e9 &#8216;Jaipur&#8217;"},"content":{"rendered":"<p style=\"text-align: justify;\">De s\u00e9duisants motifs floraux \u00e9voquent l&#8217;esth\u00e9tique d&#8217;un ancien palais indien : enti\u00e8rement fait \u00e0 la main, ce joli papier Domino est d\u00e9fini par de minuscules irr\u00e9gularit\u00e9s gages de son authenticit\u00e9.<\/p>\n","protected":false},"excerpt":{"rendered":"<ul>\n<li>Papier<\/li>\n<li>Composition : \u00a0impression \u00e0 la planche sur papier verg\u00e9 pur chiffon artisanal<\/li>\n<\/ul>\n","protected":false},"featured_media":1222003,"template":"","meta":{"_acf_changed":false,"content-type":"","_themeisle_gutenberg_block_has_review":false},"product_brand":[],"product_cat":[7517,19973],"product_tag":[22790],"product_designer":[],"comfabric":[],"manufacturer":[19128],"reporting_designer":[],"samplecomfabric":[],"designer_clubroom":[20508],"class_list":{"0":"post-1222010","1":"product","2":"type-product","3":"status-publish","4":"has-post-thumbnail","6":"clubroom_taxonomies-gift-room","7":"product_cat-deco-fr","8":"product_cat-accessoires-pour-la-maison","9":"product_tag-disponible-immediatement","10":"manufacturer-antoinette-poisson-fr","11":"clubroom_product_designer-antoinette-poisson-fr","12":"exhibitions-paris-fr","13":"exhibitions-new-york-fr","14":"exhibitions-londres-fr","16":"first","17":"instock","18":"taxable","19":"shipping-taxable","20":"purchasable","21":"product-type-simple"},"acf":[],"_links":{"self":[{"href":"https:\/\/theinvisiblecollection.com\/fr\/wp-json\/wp\/v2\/product\/1222010","targetHints":{"allow":["GET"]}}],"collection":[{"href":"https:\/\/theinvisiblecollection.com\/fr\/wp-json\/wp\/v2\/product"}],"about":[{"href":"https:\/\/theinvisiblecollection.com\/fr\/wp-json\/wp\/v2\/types\/product"}],"wp:featuredmedia":[{"embeddable":true,"href":"https:\/\/theinvisiblecollection.com\/fr\/wp-json\/wp\/v2\/media\/1222003"}],"wp:attachment":[{"href":"https:\/\/theinvisiblecollection.com\/fr\/wp-json\/wp\/v2\/media?parent=1222010"}],"wp:term":[{"taxonomy":"product_brand","embeddable":true,"href":"https:\/\/theinvisiblecollection.com\/fr\/wp-json\/wp\/v2\/product_brand?post=1222010"},{"taxonomy":"product_cat","embeddable":true,"href":"https:\/\/theinvisiblecollection.com\/fr\/wp-json\/wp\/v2\/product_cat?post=1222010"},{"taxonomy":"product_tag","embeddable":true,"href":"https:\/\/theinvisiblecollection.com\/fr\/wp-json\/wp\/v2\/product_tag?post=1222010"},{"taxonomy":"product_designer","embeddable":true,"href":"https:\/\/theinvisiblecollection.com\/fr\/wp-json\/wp\/v2\/product_designer?post=1222010"},{"taxonomy":"comfabric","embeddable":true,"href":"https:\/\/theinvisiblecollection.com\/fr\/wp-json\/wp\/v2\/comfabric?post=1222010"},{"taxonomy":"manufacturer","embeddable":true,"href":"https:\/\/theinvisiblecollection.com\/fr\/wp-json\/wp\/v2\/manufacturer?post=1222010"},{"taxonomy":"reporting_designer","embeddable":true,"href":"https:\/\/theinvisiblecollection.com\/fr\/wp-json\/wp\/v2\/reporting_designer?post=1222010"},{"taxonomy":"samplecomfabric","embeddable":true,"href":"https:\/\/theinvisiblecollection.com\/fr\/wp-json\/wp\/v2\/samplecomfabric?post=1222010"},{"taxonomy":"clubroom_product_designer","embeddable":true,"href":"https:\/\/theinvisiblecollection.com\/fr\/wp-json\/wp\/v2\/designer_clubroom?post=1222010"}],"curies":[{"name":"wp","href":"https:\/\/api.w.org\/{rel}","templated":true}]}}