{"id":122261,"date":"2022-03-09T14:59:12","date_gmt":"2022-03-09T13:59:12","guid":{"rendered":"https:\/\/theinvisiblecollection.com\/?post_type=product&#038;p=122261"},"modified":"2026-05-01T07:38:59","modified_gmt":"2026-05-01T07:38:59","slug":"la-chance-chaise-planet","status":"publish","type":"product","link":"https:\/\/theinvisiblecollection.com\/fr\/produit\/la-chance-chaise-planet\/","title":{"rendered":"Paire De Chaises Planet"},"content":{"rendered":"<p style=\"text-align: justify;\">Planet est une chaise inspir\u00e9e par la silhouette de la plan\u00e8te Saturne. L\u2019assise et le dossier molletonn\u00e9s prodiguent \u00e0 Planet un grand confort. Avec moins de 6 kilos sur la balance, Planet reste cependant un poids plume simple \u00e0 utiliser au quotidien.<\/p>\n","protected":false},"excerpt":{"rendered":"<p>Design par Jean-Baptiste Souletie<br \/>\nChaise tapiss\u00e9e ici en tissu Leli\u00e8vre Smart, couleur pin<br \/>\n<a href=\"https:\/\/theinvisiblecollection.com\/wp-content\/uploads\/2022\/03\/TheInvisibleCollection_LaChance_Lelievre_FabricSelection-1.pdf\" target=\"_blank\" rel=\"noopener\"><span style=\"text-decoration: underline;\">D\u00e9couvrez la s\u00e9lection de tissus Leli\u00e8vre ici<\/span><\/a><br \/>\n\u00c9galement disponible en blanc sans tissu<br \/>\nStructure en bois teint\u00e9 noir<\/p>\n<p>L 47.5 x P 48 x H 84 cm<br \/>\nHauteur d&#8217;assise : 47.5 cm<br \/>\nTissu requis : 0.6 m<\/p>\n<p>&nbsp;<\/p>\n<p>Fabriqu\u00e9e \u00e0 la main en Italie<br \/>\nD\u00e9lais de fabrication : 12 semaines<br \/>\n<span style=\"text-decoration: underline;\"><a href=\"https:\/\/www.theinvisiblecollection.com\/fr\/demande-de-devis\/?product_id=122261\" target=\"_blank\" rel=\"noopener\"><span lang=\"FR\">Contactez-nous pour toute demande de devis ou de renseignement<\/span><\/a><\/span><\/p>\n","protected":false},"featured_media":122204,"template":"","meta":{"_acf_changed":false,"content-type":"","_themeisle_gutenberg_block_has_review":false},"product_brand":[],"product_cat":[8962,12499],"product_tag":[],"product_designer":[13254],"comfabric":[29542],"manufacturer":[21949],"reporting_designer":[37467],"samplecomfabric":[30568],"designer_clubroom":[],"class_list":{"0":"post-122261","1":"product","2":"type-product","3":"status-publish","4":"has-post-thumbnail","6":"product_cat-chaises","7":"product_cat-assises","8":"pa_fabric-en-blanc-sans-tissu-fr","9":"pa_fabric-tissu-lelievre-daim-gingembre","10":"pa_fabric-tissu-lelievre-piazza-abysse","11":"pa_fabric-tissu-lelievre-sherpas-craie","12":"pa_fabric-tissu-lelievre-smart-charbon","13":"pa_fabric-tissu-lelievre-smart-pin","14":"product_designer-la-chance-fr","15":"comfabric-la-chance-fr","16":"manufacturer-shipea-chez-sylvania-fr","17":"reporting_designer-la-chance","18":"samplecomfabric-la-chance-fr","20":"first","21":"instock","22":"taxable","23":"shipping-taxable","24":"purchasable","25":"product-type-variable"},"acf":[],"_links":{"self":[{"href":"https:\/\/theinvisiblecollection.com\/fr\/wp-json\/wp\/v2\/product\/122261","targetHints":{"allow":["GET"]}}],"collection":[{"href":"https:\/\/theinvisiblecollection.com\/fr\/wp-json\/wp\/v2\/product"}],"about":[{"href":"https:\/\/theinvisiblecollection.com\/fr\/wp-json\/wp\/v2\/types\/product"}],"wp:featuredmedia":[{"embeddable":true,"href":"https:\/\/theinvisiblecollection.com\/fr\/wp-json\/wp\/v2\/media\/122204"}],"wp:attachment":[{"href":"https:\/\/theinvisiblecollection.com\/fr\/wp-json\/wp\/v2\/media?parent=122261"}],"wp:term":[{"taxonomy":"product_brand","embeddable":true,"href":"https:\/\/theinvisiblecollection.com\/fr\/wp-json\/wp\/v2\/product_brand?post=122261"},{"taxonomy":"product_cat","embeddable":true,"href":"https:\/\/theinvisiblecollection.com\/fr\/wp-json\/wp\/v2\/product_cat?post=122261"},{"taxonomy":"product_tag","embeddable":true,"href":"https:\/\/theinvisiblecollection.com\/fr\/wp-json\/wp\/v2\/product_tag?post=122261"},{"taxonomy":"product_designer","embeddable":true,"href":"https:\/\/theinvisiblecollection.com\/fr\/wp-json\/wp\/v2\/product_designer?post=122261"},{"taxonomy":"comfabric","embeddable":true,"href":"https:\/\/theinvisiblecollection.com\/fr\/wp-json\/wp\/v2\/comfabric?post=122261"},{"taxonomy":"manufacturer","embeddable":true,"href":"https:\/\/theinvisiblecollection.com\/fr\/wp-json\/wp\/v2\/manufacturer?post=122261"},{"taxonomy":"reporting_designer","embeddable":true,"href":"https:\/\/theinvisiblecollection.com\/fr\/wp-json\/wp\/v2\/reporting_designer?post=122261"},{"taxonomy":"samplecomfabric","embeddable":true,"href":"https:\/\/theinvisiblecollection.com\/fr\/wp-json\/wp\/v2\/samplecomfabric?post=122261"},{"taxonomy":"clubroom_product_designer","embeddable":true,"href":"https:\/\/theinvisiblecollection.com\/fr\/wp-json\/wp\/v2\/designer_clubroom?post=122261"}],"curies":[{"name":"wp","href":"https:\/\/api.w.org\/{rel}","templated":true}]}}