{"id":1224643,"date":"2022-11-28T02:38:34","date_gmt":"2022-11-28T01:38:34","guid":{"rendered":"https:\/\/theinvisiblecollection.com\/?post_type=product&#038;p=1224643"},"modified":"2026-05-01T07:38:27","modified_gmt":"2026-05-01T07:38:27","slug":"lubie-paris-vide-poche-scarabee","status":"publish","type":"product","link":"https:\/\/theinvisiblecollection.com\/fr\/produit\/lubie-paris-vide-poche-scarabee\/","title":{"rendered":"Vide Poche Scarab\u00e9e"},"content":{"rendered":"<p style=\"text-align: justify\">La cr\u00e9ation des cendriers de Paris et des vide-poches est n\u00e9e d\u2019une collaboration entre lubie et la Villa Arev, un atelier de c\u00e9ramique Fran\u00e7ais. Des pi\u00e8ces modernes et d\u00e9complex\u00e9es \u00e0 pour la maison.<\/p>\n","protected":false},"excerpt":{"rendered":"<ul>\n<li>Mat\u00e9riau : c\u00e9ramique \/ peint \u00e0 la main<\/li>\n<li>D\u00e9tails : 3 perles et 1 scarab\u00e9e<\/li>\n<li>Couleurs : cr\u00e8me \/ c\u00e9ladon \/ nude<\/li>\n<\/ul>\n","protected":false},"featured_media":1224653,"template":"","meta":{"_acf_changed":false,"content-type":"","_themeisle_gutenberg_block_has_review":false},"product_brand":[],"product_cat":[12531,12536,19973],"product_tag":[22790],"product_designer":[],"comfabric":[],"manufacturer":[20426],"reporting_designer":[],"samplecomfabric":[],"designer_clubroom":[20516],"class_list":{"0":"post-1224643","1":"product","2":"type-product","3":"status-publish","4":"has-post-thumbnail","6":"clubroom_taxonomies-gift-room","7":"product_cat-objets-de-decoration","8":"product_cat-plateaux-vide-poche","9":"product_cat-accessoires-pour-la-maison","10":"product_tag-disponible-immediatement","11":"manufacturer-lubie-paris-fr","12":"clubroom_product_designer-lubie-paris-fr","13":"exhibitions-londres-fr","15":"first","16":"instock","17":"taxable","18":"shipping-taxable","19":"purchasable","20":"product-type-simple"},"acf":[],"_links":{"self":[{"href":"https:\/\/theinvisiblecollection.com\/fr\/wp-json\/wp\/v2\/product\/1224643","targetHints":{"allow":["GET"]}}],"collection":[{"href":"https:\/\/theinvisiblecollection.com\/fr\/wp-json\/wp\/v2\/product"}],"about":[{"href":"https:\/\/theinvisiblecollection.com\/fr\/wp-json\/wp\/v2\/types\/product"}],"wp:featuredmedia":[{"embeddable":true,"href":"https:\/\/theinvisiblecollection.com\/fr\/wp-json\/wp\/v2\/media\/1224653"}],"wp:attachment":[{"href":"https:\/\/theinvisiblecollection.com\/fr\/wp-json\/wp\/v2\/media?parent=1224643"}],"wp:term":[{"taxonomy":"product_brand","embeddable":true,"href":"https:\/\/theinvisiblecollection.com\/fr\/wp-json\/wp\/v2\/product_brand?post=1224643"},{"taxonomy":"product_cat","embeddable":true,"href":"https:\/\/theinvisiblecollection.com\/fr\/wp-json\/wp\/v2\/product_cat?post=1224643"},{"taxonomy":"product_tag","embeddable":true,"href":"https:\/\/theinvisiblecollection.com\/fr\/wp-json\/wp\/v2\/product_tag?post=1224643"},{"taxonomy":"product_designer","embeddable":true,"href":"https:\/\/theinvisiblecollection.com\/fr\/wp-json\/wp\/v2\/product_designer?post=1224643"},{"taxonomy":"comfabric","embeddable":true,"href":"https:\/\/theinvisiblecollection.com\/fr\/wp-json\/wp\/v2\/comfabric?post=1224643"},{"taxonomy":"manufacturer","embeddable":true,"href":"https:\/\/theinvisiblecollection.com\/fr\/wp-json\/wp\/v2\/manufacturer?post=1224643"},{"taxonomy":"reporting_designer","embeddable":true,"href":"https:\/\/theinvisiblecollection.com\/fr\/wp-json\/wp\/v2\/reporting_designer?post=1224643"},{"taxonomy":"samplecomfabric","embeddable":true,"href":"https:\/\/theinvisiblecollection.com\/fr\/wp-json\/wp\/v2\/samplecomfabric?post=1224643"},{"taxonomy":"clubroom_product_designer","embeddable":true,"href":"https:\/\/theinvisiblecollection.com\/fr\/wp-json\/wp\/v2\/designer_clubroom?post=1224643"}],"curies":[{"name":"wp","href":"https:\/\/api.w.org\/{rel}","templated":true}]}}