{"id":122499,"date":"2022-03-07T15:59:54","date_gmt":"2022-03-07T14:59:54","guid":{"rendered":"https:\/\/theinvisiblecollection.com\/?post_type=product&#038;p=122499"},"modified":"2026-05-01T07:38:59","modified_gmt":"2026-05-01T07:38:59","slug":"garce-dimofski-etagere-lison","status":"publish","type":"product","link":"https:\/\/theinvisiblecollection.com\/fr\/produit\/garce-dimofski-etagere-lison\/","title":{"rendered":"\u00c9tag\u00e8re Lison"},"content":{"rendered":"<p style=\"text-align: justify;\">L\u2019\u00e9tag\u00e8re suspendue Lison est r\u00e9alis\u00e9e en bois de ch\u00e2taignier ou de noyer, avec un dessus en c\u00e9ramique \u00e9maill\u00e9e.<\/p>\n","protected":false},"excerpt":{"rendered":"<p>\u00c9tag\u00e8re suspendue en noyer<br \/>\nPlateau en marqueterie de paille<br \/>\nCouleurs, dimensions et marqueteries de paille sur-mesure sur demande<\/p>\n<p>L 327.6 x l 40.3 x H 15.1 cm<\/p>\n<p>Fabriqu\u00e9e \u00e0 la main en France par Lison de Caunes et Ateliers Saint Jacques<br \/>\nD\u00e9lais de production : 12 &#8211; 14 semaines<\/p>\n<p><span style=\"text-decoration: underline;\"><a href=\"https:\/\/www.theinvisiblecollection.com\/fr\/demande-de-devis\/?product_id=122499\" target=\"_blank\" rel=\"noopener\">Contactez nous pour toute demande de devis ou de renseignements<\/a><\/span><\/p>\n","protected":false},"featured_media":123718,"template":"","meta":{"_acf_changed":false,"content-type":"","_themeisle_gutenberg_block_has_review":false},"product_brand":[],"product_cat":[12531,7517],"product_tag":[31477,35206,31475],"product_designer":[15857],"comfabric":[],"manufacturer":[22038],"reporting_designer":[37463],"samplecomfabric":[],"designer_clubroom":[],"class_list":{"0":"post-122499","1":"product","2":"type-product","3":"status-publish","4":"has-post-thumbnail","6":"product_cat-objets-de-decoration","7":"product_cat-deco-fr","8":"product_tag-st-curvy-fr","9":"product_tag-exclusive-fr","10":"product_tag-st-ceramic-fr","11":"pa_choice-cote-droit-plus-large","12":"pa_choice-cote-gauche-plus-large","13":"pa_color-bois-de-noyer-et-marqueterie-de-paille-bordeaux","14":"pa_color-couleurs-personalisees","15":"pa_size-grand-fr","16":"pa_size-petit","17":"product_designer-garce-dimofski-fr","18":"manufacturer-garc-dimofski-atelier-so-pedro-da-cova-fr","19":"reporting_designer-garce-dimofski","21":"first","22":"instock","23":"taxable","24":"shipping-taxable","25":"purchasable","26":"product-type-variable"},"acf":[],"_links":{"self":[{"href":"https:\/\/theinvisiblecollection.com\/fr\/wp-json\/wp\/v2\/product\/122499","targetHints":{"allow":["GET"]}}],"collection":[{"href":"https:\/\/theinvisiblecollection.com\/fr\/wp-json\/wp\/v2\/product"}],"about":[{"href":"https:\/\/theinvisiblecollection.com\/fr\/wp-json\/wp\/v2\/types\/product"}],"wp:featuredmedia":[{"embeddable":true,"href":"https:\/\/theinvisiblecollection.com\/fr\/wp-json\/wp\/v2\/media\/123718"}],"wp:attachment":[{"href":"https:\/\/theinvisiblecollection.com\/fr\/wp-json\/wp\/v2\/media?parent=122499"}],"wp:term":[{"taxonomy":"product_brand","embeddable":true,"href":"https:\/\/theinvisiblecollection.com\/fr\/wp-json\/wp\/v2\/product_brand?post=122499"},{"taxonomy":"product_cat","embeddable":true,"href":"https:\/\/theinvisiblecollection.com\/fr\/wp-json\/wp\/v2\/product_cat?post=122499"},{"taxonomy":"product_tag","embeddable":true,"href":"https:\/\/theinvisiblecollection.com\/fr\/wp-json\/wp\/v2\/product_tag?post=122499"},{"taxonomy":"product_designer","embeddable":true,"href":"https:\/\/theinvisiblecollection.com\/fr\/wp-json\/wp\/v2\/product_designer?post=122499"},{"taxonomy":"comfabric","embeddable":true,"href":"https:\/\/theinvisiblecollection.com\/fr\/wp-json\/wp\/v2\/comfabric?post=122499"},{"taxonomy":"manufacturer","embeddable":true,"href":"https:\/\/theinvisiblecollection.com\/fr\/wp-json\/wp\/v2\/manufacturer?post=122499"},{"taxonomy":"reporting_designer","embeddable":true,"href":"https:\/\/theinvisiblecollection.com\/fr\/wp-json\/wp\/v2\/reporting_designer?post=122499"},{"taxonomy":"samplecomfabric","embeddable":true,"href":"https:\/\/theinvisiblecollection.com\/fr\/wp-json\/wp\/v2\/samplecomfabric?post=122499"},{"taxonomy":"clubroom_product_designer","embeddable":true,"href":"https:\/\/theinvisiblecollection.com\/fr\/wp-json\/wp\/v2\/designer_clubroom?post=122499"}],"curies":[{"name":"wp","href":"https:\/\/api.w.org\/{rel}","templated":true}]}}