{"id":122583,"date":"2022-08-24T17:37:48","date_gmt":"2022-08-24T16:37:48","guid":{"rendered":"https:\/\/theinvisiblecollection.com\/?post_type=product&#038;p=122583"},"modified":"2026-05-01T07:38:59","modified_gmt":"2026-05-01T07:38:59","slug":"diptyque-la-laguna","status":"publish","type":"product","link":"https:\/\/theinvisiblecollection.com\/fr\/produit\/diptyque-la-laguna\/","title":{"rendered":"La Laguna"},"content":{"rendered":"<p style=\"text-align: justify;\">Pour Diptyque, Johan Creten a imagin\u00e9 une sculpture en bronze, La Laguna, immerg\u00e9e dans une bougie 4 m\u00e8ches d\u20191,5 kg en verre teint\u00e9 bleu, dont la cire d\u2019un bleu vert translucide, rappelant les eaux v\u00e9nitiennes mena\u00e7antes de l\u2019acqua alta redevenues claires r\u00e9cemment, laisse appara\u00eetre l\u2019ic\u00f4ne f\u00e9minine.<\/p>\n","protected":false},"excerpt":{"rendered":"<p>Diptyque 60 ans &#8211; Destination Grand Tour<br \/>\n\u00c9dition limit\u00e9e de 24 pi\u00e8ces num\u00e9rot\u00e9es con\u00e7ues par Johan Creten<br \/>\nSculpture en bronze immerg\u00e9e dans une bougie parfum\u00e9e 4 m\u00e8ches d\u20191,5 kg en verre teint\u00e9 bleu avec cire bleu vert translucide<br \/>\nFond progressivement pour r\u00e9v\u00e9ler l\u2019ic\u00f4ne f\u00e9minine<br \/>\nFragrance de C\u00e9cile Matton : l\u2019odeur de la mer, la note d\u2019iode, une odeur l\u00e9g\u00e8re, ind\u00e9finissable, fra\u00eeche comme le vent qui flotte au dessus de l\u2019eau quand on passe \u00ab Torcello \u00bb en \u00ab vaporetto \u00bb et que l&#8217;on sent la cuisine et les jardins<\/p>\n<p>Top : \u00d8 16 cm<br \/>\nBas : \u00d8 13.8 cm<br \/>\nHauteur : 18.6 cm<\/p>\n<p><p class=\"p1\">Fabriqu\u00e9e \u00e0 la main en France<\/p>\n<p class=\"p2\"><span style=\"text-decoration: underline;\"><span class=\"s1\"><a href=\"https:\/\/www.theinvisiblecollection.com\/demande-de-devis\/?product_id=122583\" target=\"_blank\" rel=\"noopener\">Contactez-nous pour toute demande de devis ou de renseignements<\/a><\/span><\/span><\/p><\/p>\n","protected":false},"featured_media":123150,"template":"","meta":{"_acf_changed":false,"content-type":"","_themeisle_gutenberg_block_has_review":false},"product_brand":[],"product_cat":[7517,12531,12535,16319],"product_tag":[7435,14925,31476,33319],"product_designer":[15894,16325],"comfabric":[],"manufacturer":[19891],"reporting_designer":[37741],"samplecomfabric":[],"designer_clubroom":[],"class_list":{"0":"post-122583","1":"product","2":"type-product","3":"status-publish","4":"has-post-thumbnail","6":"product_cat-deco-fr","7":"product_cat-objets-de-decoration","8":"product_cat-arts-de-la-table","9":"product_cat-cartes-cadeaux","10":"product_tag-new-in-fr","11":"product_tag-hpfav-fr","12":"product_tag-st-collectible-fr","13":"product_tag-edition-limitee","14":"product_designer-diptyque-fr","15":"product_designer-johan-creten-pour-diptyque","16":"manufacturer-lp-art-fr","17":"reporting_designer-diptyque","18":"exhibitions-londres-fr","20":"first","21":"instock","22":"taxable","23":"shipping-taxable","24":"purchasable","25":"product-type-simple"},"acf":[],"_links":{"self":[{"href":"https:\/\/theinvisiblecollection.com\/fr\/wp-json\/wp\/v2\/product\/122583","targetHints":{"allow":["GET"]}}],"collection":[{"href":"https:\/\/theinvisiblecollection.com\/fr\/wp-json\/wp\/v2\/product"}],"about":[{"href":"https:\/\/theinvisiblecollection.com\/fr\/wp-json\/wp\/v2\/types\/product"}],"wp:featuredmedia":[{"embeddable":true,"href":"https:\/\/theinvisiblecollection.com\/fr\/wp-json\/wp\/v2\/media\/123150"}],"wp:attachment":[{"href":"https:\/\/theinvisiblecollection.com\/fr\/wp-json\/wp\/v2\/media?parent=122583"}],"wp:term":[{"taxonomy":"product_brand","embeddable":true,"href":"https:\/\/theinvisiblecollection.com\/fr\/wp-json\/wp\/v2\/product_brand?post=122583"},{"taxonomy":"product_cat","embeddable":true,"href":"https:\/\/theinvisiblecollection.com\/fr\/wp-json\/wp\/v2\/product_cat?post=122583"},{"taxonomy":"product_tag","embeddable":true,"href":"https:\/\/theinvisiblecollection.com\/fr\/wp-json\/wp\/v2\/product_tag?post=122583"},{"taxonomy":"product_designer","embeddable":true,"href":"https:\/\/theinvisiblecollection.com\/fr\/wp-json\/wp\/v2\/product_designer?post=122583"},{"taxonomy":"comfabric","embeddable":true,"href":"https:\/\/theinvisiblecollection.com\/fr\/wp-json\/wp\/v2\/comfabric?post=122583"},{"taxonomy":"manufacturer","embeddable":true,"href":"https:\/\/theinvisiblecollection.com\/fr\/wp-json\/wp\/v2\/manufacturer?post=122583"},{"taxonomy":"reporting_designer","embeddable":true,"href":"https:\/\/theinvisiblecollection.com\/fr\/wp-json\/wp\/v2\/reporting_designer?post=122583"},{"taxonomy":"samplecomfabric","embeddable":true,"href":"https:\/\/theinvisiblecollection.com\/fr\/wp-json\/wp\/v2\/samplecomfabric?post=122583"},{"taxonomy":"clubroom_product_designer","embeddable":true,"href":"https:\/\/theinvisiblecollection.com\/fr\/wp-json\/wp\/v2\/designer_clubroom?post=122583"}],"curies":[{"name":"wp","href":"https:\/\/api.w.org\/{rel}","templated":true}]}}