{"id":122585,"date":"2022-03-07T17:42:17","date_gmt":"2022-03-07T16:42:17","guid":{"rendered":"https:\/\/theinvisiblecollection.com\/?post_type=product&#038;p=122585"},"modified":"2026-05-01T07:38:59","modified_gmt":"2026-05-01T07:38:59","slug":"diptyque-un-temps-apres-la-jeunesse","status":"publish","type":"product","link":"https:\/\/theinvisiblecollection.com\/fr\/produit\/diptyque-un-temps-apres-la-jeunesse\/","title":{"rendered":"Un temps apr\u00e8s la jeunesse"},"content":{"rendered":"<p style=\"text-align: justify;\">Le projet de Jo\u00ebl Andrianomearisoa, intitul\u00e9 Un Temps Apr\u00e8s La Jeunesse, est un hommage au Paris litt\u00e9raire ainsi qu\u2019\u00e0 l\u2019histoire pass\u00e9e et \u00e0 venir de Diptyque. Sa proposition prend la forme d\u2019un \u00abr\u00e9cit m\u00ealant pr\u00e9sent, projection et m\u00e9lancolie \u00bb imprim\u00e9 sur 34 \u00e9criteaux rassembl\u00e9s dans une bo\u00eete noire comme un monolithe, qui repr\u00e9sente Paris comme un roman, car Paris est un roman.<\/p>\n","protected":false},"excerpt":{"rendered":"<p>Diptyque 60 ans &#8211; Destination Grand Tour<br \/>\n\u00c9dition limit\u00e9e \u00e0 34 \u00e9criteaux num\u00e9rot\u00e9s, con\u00e7ue par Jo\u00ebl Andrianomearisoa<br \/>\n\u00c9criteau imprim\u00e9 et parfum\u00e9<br \/>\nPlac\u00e9 dans une bo\u00eete noire, en tissu qui repr\u00e9sente Paris comme un roman<br \/>\nFragrance l&#8217;Escale d&#8217;Olivia Giacobetti : odeur du bois cir\u00e9 des antiquaires, du pav\u00e9 parisien et des pages de livres anciens, une note fum\u00e9e en plus rappelant celle du tabac et des feux de chemin\u00e9e de la ville<\/p>\n<p>Chaque \u00e9criteau : L 70 x l 50 cm, pli\u00e9 en deux<br \/>\nBo\u00eete : L 52 x l 37 cm<\/p>\n<p><p class=\"p1\">Fabriqu\u00e9 \u00e0 la main en France<\/p>\n<p class=\"p2\"><span style=\"text-decoration: underline;\"><span class=\"s1\"><a href=\"https:\/\/www.theinvisiblecollection.com\/demande-de-devis\/?product_id=122585\" target=\"_blank\" rel=\"noopener\">Contactez-nous pour toute demande de devis ou de renseignements<\/a><\/span><\/span><\/p><\/p>\n","protected":false},"featured_media":123193,"template":"","meta":{"_acf_changed":false,"content-type":"","_themeisle_gutenberg_block_has_review":false},"product_brand":[],"product_cat":[12531,13076,16319,7517],"product_tag":[31476,33319,31474],"product_designer":[16324,15894],"comfabric":[],"manufacturer":[19891],"reporting_designer":[37741],"samplecomfabric":[],"designer_clubroom":[],"class_list":{"0":"post-122585","1":"product","2":"type-product","3":"status-publish","4":"has-post-thumbnail","6":"product_cat-objets-de-decoration","7":"product_cat-bureau-a-la-maison","8":"product_cat-cartes-cadeaux","9":"product_cat-deco-fr","10":"product_tag-st-collectible-fr","11":"product_tag-edition-limitee","12":"product_tag-co-white-fr","13":"product_designer-joel-andrianomearisoa-pour-diptyque","14":"product_designer-diptyque-fr","15":"manufacturer-lp-art-fr","16":"reporting_designer-diptyque","18":"first","19":"instock","20":"taxable","21":"shipping-taxable","22":"purchasable","23":"product-type-simple"},"acf":[],"_links":{"self":[{"href":"https:\/\/theinvisiblecollection.com\/fr\/wp-json\/wp\/v2\/product\/122585","targetHints":{"allow":["GET"]}}],"collection":[{"href":"https:\/\/theinvisiblecollection.com\/fr\/wp-json\/wp\/v2\/product"}],"about":[{"href":"https:\/\/theinvisiblecollection.com\/fr\/wp-json\/wp\/v2\/types\/product"}],"wp:featuredmedia":[{"embeddable":true,"href":"https:\/\/theinvisiblecollection.com\/fr\/wp-json\/wp\/v2\/media\/123193"}],"wp:attachment":[{"href":"https:\/\/theinvisiblecollection.com\/fr\/wp-json\/wp\/v2\/media?parent=122585"}],"wp:term":[{"taxonomy":"product_brand","embeddable":true,"href":"https:\/\/theinvisiblecollection.com\/fr\/wp-json\/wp\/v2\/product_brand?post=122585"},{"taxonomy":"product_cat","embeddable":true,"href":"https:\/\/theinvisiblecollection.com\/fr\/wp-json\/wp\/v2\/product_cat?post=122585"},{"taxonomy":"product_tag","embeddable":true,"href":"https:\/\/theinvisiblecollection.com\/fr\/wp-json\/wp\/v2\/product_tag?post=122585"},{"taxonomy":"product_designer","embeddable":true,"href":"https:\/\/theinvisiblecollection.com\/fr\/wp-json\/wp\/v2\/product_designer?post=122585"},{"taxonomy":"comfabric","embeddable":true,"href":"https:\/\/theinvisiblecollection.com\/fr\/wp-json\/wp\/v2\/comfabric?post=122585"},{"taxonomy":"manufacturer","embeddable":true,"href":"https:\/\/theinvisiblecollection.com\/fr\/wp-json\/wp\/v2\/manufacturer?post=122585"},{"taxonomy":"reporting_designer","embeddable":true,"href":"https:\/\/theinvisiblecollection.com\/fr\/wp-json\/wp\/v2\/reporting_designer?post=122585"},{"taxonomy":"samplecomfabric","embeddable":true,"href":"https:\/\/theinvisiblecollection.com\/fr\/wp-json\/wp\/v2\/samplecomfabric?post=122585"},{"taxonomy":"clubroom_product_designer","embeddable":true,"href":"https:\/\/theinvisiblecollection.com\/fr\/wp-json\/wp\/v2\/designer_clubroom?post=122585"}],"curies":[{"name":"wp","href":"https:\/\/api.w.org\/{rel}","templated":true}]}}