{"id":122671,"date":"2022-03-08T11:44:52","date_gmt":"2022-03-08T10:44:52","guid":{"rendered":"https:\/\/theinvisiblecollection.com\/?post_type=product&#038;p=122671"},"modified":"2026-05-01T07:38:59","modified_gmt":"2026-05-01T07:38:59","slug":"la-chance-table-penrose","status":"publish","type":"product","link":"https:\/\/theinvisiblecollection.com\/fr\/produit\/la-chance-table-penrose\/","title":{"rendered":"Table Penrose"},"content":{"rendered":"<p style=\"text-align: justify;\">Penrose est une table aux dimensions g\u00e9n\u00e9reuses en bois et verre. Son dessin est inspir\u00e9 par le fameux triangle impossible, recherche g\u00e9om\u00e9trique du math\u00e9maticien Roger Penrose.<\/p>\n","protected":false},"excerpt":{"rendered":"<p>Design par Hayo Gebauer<br \/>\nTable de salle \u00e0 manger en bois et verre<br \/>\nBase et pieds photographi\u00e9s ici en fr\u00eane massif teint\u00e9 orange, rose et bleu<br \/>\n\u00c9galement disponibles en fr\u00eane massif teint\u00e9 noir, naturel et blanc<br \/>\nPlateau photographi\u00e9 ici en verre transparent<br \/>\n\u00c9galement disponible en verre rose<\/p>\n<p>L 240 x l 115 x H 71.8 cm<\/p>\n<p>Fabriqu\u00e9e \u00e0 la main en Italie<br \/>\nD\u00e9lais de fabrication : 8 &#8211; 10 semaines<\/p>\n<p class=\"p1\"><span style=\"text-decoration: underline;\"><span class=\"s1\"><a href=\"https:\/\/www.theinvisiblecollection.com\/fr\/demande-de-devis\/?product_id=122671\" target=\"_blank\" rel=\"noopener\">Contactez-nous pour toute demande de devis ou de renseignements<\/a><\/span><\/span><\/p><\/p>\n","protected":false},"featured_media":117065,"template":"","meta":{"_acf_changed":false,"content-type":"","_themeisle_gutenberg_block_has_review":false},"product_brand":[],"product_cat":[8977,12503,13076],"product_tag":[],"product_designer":[13254],"comfabric":[],"manufacturer":[21949],"reporting_designer":[37467],"samplecomfabric":[],"designer_clubroom":[],"class_list":{"0":"post-122671","1":"product","2":"type-product","3":"status-publish","4":"has-post-thumbnail","6":"product_cat-tables-salle-a-manger","7":"product_cat-tables-fr","8":"product_cat-bureau-a-la-maison","9":"pa_base-frene-massif-orange-rose-et-bleu","10":"pa_base-frene-massif-teinte-noir-naturel-et-blanc","11":"pa_tabletop-verre-rose","12":"pa_tabletop-verre-transparent","13":"product_designer-la-chance-fr","14":"manufacturer-shipea-chez-sylvania-fr","15":"reporting_designer-la-chance","17":"first","18":"instock","19":"taxable","20":"shipping-taxable","21":"purchasable","22":"product-type-variable"},"acf":[],"_links":{"self":[{"href":"https:\/\/theinvisiblecollection.com\/fr\/wp-json\/wp\/v2\/product\/122671","targetHints":{"allow":["GET"]}}],"collection":[{"href":"https:\/\/theinvisiblecollection.com\/fr\/wp-json\/wp\/v2\/product"}],"about":[{"href":"https:\/\/theinvisiblecollection.com\/fr\/wp-json\/wp\/v2\/types\/product"}],"wp:featuredmedia":[{"embeddable":true,"href":"https:\/\/theinvisiblecollection.com\/fr\/wp-json\/wp\/v2\/media\/117065"}],"wp:attachment":[{"href":"https:\/\/theinvisiblecollection.com\/fr\/wp-json\/wp\/v2\/media?parent=122671"}],"wp:term":[{"taxonomy":"product_brand","embeddable":true,"href":"https:\/\/theinvisiblecollection.com\/fr\/wp-json\/wp\/v2\/product_brand?post=122671"},{"taxonomy":"product_cat","embeddable":true,"href":"https:\/\/theinvisiblecollection.com\/fr\/wp-json\/wp\/v2\/product_cat?post=122671"},{"taxonomy":"product_tag","embeddable":true,"href":"https:\/\/theinvisiblecollection.com\/fr\/wp-json\/wp\/v2\/product_tag?post=122671"},{"taxonomy":"product_designer","embeddable":true,"href":"https:\/\/theinvisiblecollection.com\/fr\/wp-json\/wp\/v2\/product_designer?post=122671"},{"taxonomy":"comfabric","embeddable":true,"href":"https:\/\/theinvisiblecollection.com\/fr\/wp-json\/wp\/v2\/comfabric?post=122671"},{"taxonomy":"manufacturer","embeddable":true,"href":"https:\/\/theinvisiblecollection.com\/fr\/wp-json\/wp\/v2\/manufacturer?post=122671"},{"taxonomy":"reporting_designer","embeddable":true,"href":"https:\/\/theinvisiblecollection.com\/fr\/wp-json\/wp\/v2\/reporting_designer?post=122671"},{"taxonomy":"samplecomfabric","embeddable":true,"href":"https:\/\/theinvisiblecollection.com\/fr\/wp-json\/wp\/v2\/samplecomfabric?post=122671"},{"taxonomy":"clubroom_product_designer","embeddable":true,"href":"https:\/\/theinvisiblecollection.com\/fr\/wp-json\/wp\/v2\/designer_clubroom?post=122671"}],"curies":[{"name":"wp","href":"https:\/\/api.w.org\/{rel}","templated":true}]}}