{"id":122681,"date":"2022-03-08T11:48:48","date_gmt":"2022-03-08T10:48:48","guid":{"rendered":"https:\/\/theinvisiblecollection.com\/?post_type=product&#038;p=122681"},"modified":"2026-05-08T04:40:12","modified_gmt":"2026-05-08T04:40:12","slug":"diptyque-the-cave-of-chiron","status":"publish","type":"product","link":"https:\/\/theinvisiblecollection.com\/fr\/produit\/diptyque-the-cave-of-chiron\/","title":{"rendered":"The Cave of Chiron"},"content":{"rendered":"<p style=\"text-align: justify;\">L\u2019esprit des lieux a inspir\u00e9 \u00e0 Zo\u00eb Paul son \u00e9dition exclusive, limit\u00e9e \u00e0 15 exemplaires : un petit rideau de perles en c\u00e9ramique &#8211; sa signature &#8211; cuites selon la technique traditionnelle japonaise du raku qui donne \u00e0 chacune une couleur diff\u00e9rente et qui cr\u00e9e du relief, surmont\u00e9 d\u2019une couronne en \u00e9tain.<\/p>\n","protected":false},"excerpt":{"rendered":"<p><p>Diptyque 60 ans &#8211; Destination Grand Tour<br \/>\u00c9dition limit\u00e9e de 15 pi\u00e8ces num\u00e9rot\u00e9es con\u00e7ues par Zo\u00eb Paul<br \/>Petit rideau de perles en c\u00e9ramique cuites selon la technique traditionnelle japonaise du raku<br \/>Perles dessinent une main, r\u00e9f\u00e9rence \u00e0 Chiron et symbole sacr\u00e9 renvoyant au soin, \u00e0 l\u2019amour et \u00e0 l\u2019art<br \/>Fragrance d&#8217;Olivier Pescheux : parfum, \u00e0 la fois frais et chaud de l\u2019escale grecque haut perch\u00e9e convoquant cypr\u00e8s, figuiers et immortelles<\/p>\n<\/p>\n<p>L 20.5 x P 13 x H 64 cm<\/p>\n<p><p class=\"p1\">Fabriqu\u00e9 \u00e0 la main en Gr\u00e8ce<\/p>\n<p class=\"p2\"><span style=\"text-decoration: underline;\"><span class=\"s1\"><a href=\"https:\/\/www.theinvisiblecollection.com\/demande-de-devis\/?product_id=122681\" target=\"_blank\" rel=\"noopener\">Contactez-nous pour toute demande de devis ou de renseignements<\/a><\/span><\/span><\/p><\/p>\n","protected":false},"featured_media":123156,"template":"","meta":{"_acf_changed":false,"content-type":"","_themeisle_gutenberg_block_has_review":false},"product_brand":[],"product_cat":[7517,12531,16319],"product_tag":[31476,33319],"product_designer":[15894],"comfabric":[],"manufacturer":[19891],"reporting_designer":[37741],"samplecomfabric":[],"designer_clubroom":[],"class_list":{"0":"post-122681","1":"product","2":"type-product","3":"status-publish","4":"has-post-thumbnail","6":"product_cat-deco-fr","7":"product_cat-objets-de-decoration","8":"product_cat-cartes-cadeaux","9":"product_tag-st-collectible-fr","10":"product_tag-edition-limitee","11":"product_designer-diptyque-fr","12":"manufacturer-lp-art-fr","13":"reporting_designer-diptyque","15":"first","16":"instock","17":"taxable","18":"shipping-taxable","19":"purchasable","20":"product-type-simple"},"acf":[],"_links":{"self":[{"href":"https:\/\/theinvisiblecollection.com\/fr\/wp-json\/wp\/v2\/product\/122681","targetHints":{"allow":["GET"]}}],"collection":[{"href":"https:\/\/theinvisiblecollection.com\/fr\/wp-json\/wp\/v2\/product"}],"about":[{"href":"https:\/\/theinvisiblecollection.com\/fr\/wp-json\/wp\/v2\/types\/product"}],"wp:featuredmedia":[{"embeddable":true,"href":"https:\/\/theinvisiblecollection.com\/fr\/wp-json\/wp\/v2\/media\/123156"}],"wp:attachment":[{"href":"https:\/\/theinvisiblecollection.com\/fr\/wp-json\/wp\/v2\/media?parent=122681"}],"wp:term":[{"taxonomy":"product_brand","embeddable":true,"href":"https:\/\/theinvisiblecollection.com\/fr\/wp-json\/wp\/v2\/product_brand?post=122681"},{"taxonomy":"product_cat","embeddable":true,"href":"https:\/\/theinvisiblecollection.com\/fr\/wp-json\/wp\/v2\/product_cat?post=122681"},{"taxonomy":"product_tag","embeddable":true,"href":"https:\/\/theinvisiblecollection.com\/fr\/wp-json\/wp\/v2\/product_tag?post=122681"},{"taxonomy":"product_designer","embeddable":true,"href":"https:\/\/theinvisiblecollection.com\/fr\/wp-json\/wp\/v2\/product_designer?post=122681"},{"taxonomy":"comfabric","embeddable":true,"href":"https:\/\/theinvisiblecollection.com\/fr\/wp-json\/wp\/v2\/comfabric?post=122681"},{"taxonomy":"manufacturer","embeddable":true,"href":"https:\/\/theinvisiblecollection.com\/fr\/wp-json\/wp\/v2\/manufacturer?post=122681"},{"taxonomy":"reporting_designer","embeddable":true,"href":"https:\/\/theinvisiblecollection.com\/fr\/wp-json\/wp\/v2\/reporting_designer?post=122681"},{"taxonomy":"samplecomfabric","embeddable":true,"href":"https:\/\/theinvisiblecollection.com\/fr\/wp-json\/wp\/v2\/samplecomfabric?post=122681"},{"taxonomy":"clubroom_product_designer","embeddable":true,"href":"https:\/\/theinvisiblecollection.com\/fr\/wp-json\/wp\/v2\/designer_clubroom?post=122681"}],"curies":[{"name":"wp","href":"https:\/\/api.w.org\/{rel}","templated":true}]}}