{"id":122691,"date":"2022-03-08T12:07:12","date_gmt":"2022-03-08T11:07:12","guid":{"rendered":"https:\/\/theinvisiblecollection.com\/?post_type=product&#038;p=122691"},"modified":"2026-05-01T07:38:59","modified_gmt":"2026-05-01T07:38:59","slug":"diptyque-secretum","status":"publish","type":"product","link":"https:\/\/theinvisiblecollection.com\/fr\/produit\/diptyque-secretum\/","title":{"rendered":"Secretum"},"content":{"rendered":"<p style=\"text-align: justify;\">Dans un coffret en bois de c\u00e8dre reposent ainsi trois petites sculptures, semblables aux vestiges qu\u2019auraient pu rapporter les fondateurs de Diptyque \u00e0 l\u2019issue de leur visite : le fragment d\u2019une maquette d\u2019un temple, le fossile d\u2019un coquelicot, fleur n\u00e9e dans la proche vall\u00e9e d\u2019Adonis o\u00f9 Rabih Kayrouz a vu le jour, et un fragment en or d\u2019une couronne de c\u00e8dre qui aurait pu appartenir au roi de Byblos, hommage \u00e0 la for\u00eat qui servit dans le monde antique \u00e0 la construction des merveilles du monde et dont les c\u00e8dres transit\u00e8rent depuis Byblos, le plus vieux port du monde.<\/p>\n","protected":false},"excerpt":{"rendered":"<p>Diptyque 60 ans &#8211; Destination Grand Tour<br \/>\n\u00c9dition limit\u00e9e de 15 pi\u00e8ces num\u00e9rot\u00e9es con\u00e7ues par Rabih Kayrouz<br \/>\nTrois petites sculptures: la maquette d\u2019un temple, le fossile d\u2019un coquelicot et fragment en or d\u2019une couronne de c\u00e8dre<br \/>\nFragrance de Fabrice Pellegrin : odeurs de caf\u00e9 et de c\u00e8dre, tr\u00e8s \u00e9vocatrices du Liban<\/p>\n<p>L 20.5 x H 30 cm<\/p>\n<p><p class=\"p1\">Fabriqu\u00e9 \u00e0 la main au Liban<\/p>\n<p class=\"p2\"><span style=\"text-decoration: underline;\"><span class=\"s1\"><a href=\"https:\/\/www.theinvisiblecollection.com\/demande-de-devis\/?product_id=122691\" target=\"_blank\" rel=\"noopener\">Contactez-nous pour toute demande de devis ou de renseignements<\/a><\/span><\/span><\/p><\/p>\n","protected":false},"featured_media":123144,"template":"","meta":{"_acf_changed":false,"content-type":"","_themeisle_gutenberg_block_has_review":false},"product_brand":[],"product_cat":[7517,12531,16319],"product_tag":[31476],"product_designer":[15894,18601],"comfabric":[],"manufacturer":[19891],"reporting_designer":[37741],"samplecomfabric":[],"designer_clubroom":[],"class_list":{"0":"post-122691","1":"product","2":"type-product","3":"status-publish","4":"has-post-thumbnail","6":"product_cat-deco-fr","7":"product_cat-objets-de-decoration","8":"product_cat-cartes-cadeaux","9":"product_tag-st-collectible-fr","10":"product_designer-diptyque-fr","11":"product_designer-rabih-kayrouz-pour-diptyque","12":"manufacturer-lp-art-fr","13":"reporting_designer-diptyque","15":"first","16":"instock","17":"taxable","18":"shipping-taxable","19":"purchasable","20":"product-type-simple"},"acf":[],"_links":{"self":[{"href":"https:\/\/theinvisiblecollection.com\/fr\/wp-json\/wp\/v2\/product\/122691","targetHints":{"allow":["GET"]}}],"collection":[{"href":"https:\/\/theinvisiblecollection.com\/fr\/wp-json\/wp\/v2\/product"}],"about":[{"href":"https:\/\/theinvisiblecollection.com\/fr\/wp-json\/wp\/v2\/types\/product"}],"wp:featuredmedia":[{"embeddable":true,"href":"https:\/\/theinvisiblecollection.com\/fr\/wp-json\/wp\/v2\/media\/123144"}],"wp:attachment":[{"href":"https:\/\/theinvisiblecollection.com\/fr\/wp-json\/wp\/v2\/media?parent=122691"}],"wp:term":[{"taxonomy":"product_brand","embeddable":true,"href":"https:\/\/theinvisiblecollection.com\/fr\/wp-json\/wp\/v2\/product_brand?post=122691"},{"taxonomy":"product_cat","embeddable":true,"href":"https:\/\/theinvisiblecollection.com\/fr\/wp-json\/wp\/v2\/product_cat?post=122691"},{"taxonomy":"product_tag","embeddable":true,"href":"https:\/\/theinvisiblecollection.com\/fr\/wp-json\/wp\/v2\/product_tag?post=122691"},{"taxonomy":"product_designer","embeddable":true,"href":"https:\/\/theinvisiblecollection.com\/fr\/wp-json\/wp\/v2\/product_designer?post=122691"},{"taxonomy":"comfabric","embeddable":true,"href":"https:\/\/theinvisiblecollection.com\/fr\/wp-json\/wp\/v2\/comfabric?post=122691"},{"taxonomy":"manufacturer","embeddable":true,"href":"https:\/\/theinvisiblecollection.com\/fr\/wp-json\/wp\/v2\/manufacturer?post=122691"},{"taxonomy":"reporting_designer","embeddable":true,"href":"https:\/\/theinvisiblecollection.com\/fr\/wp-json\/wp\/v2\/reporting_designer?post=122691"},{"taxonomy":"samplecomfabric","embeddable":true,"href":"https:\/\/theinvisiblecollection.com\/fr\/wp-json\/wp\/v2\/samplecomfabric?post=122691"},{"taxonomy":"clubroom_product_designer","embeddable":true,"href":"https:\/\/theinvisiblecollection.com\/fr\/wp-json\/wp\/v2\/designer_clubroom?post=122691"}],"curies":[{"name":"wp","href":"https:\/\/api.w.org\/{rel}","templated":true}]}}