{"id":1228738,"date":"2022-12-14T18:30:51","date_gmt":"2022-12-14T17:30:51","guid":{"rendered":"https:\/\/theinvisiblecollection.com\/?post_type=product&#038;p=1228738"},"modified":"2026-05-01T07:38:27","modified_gmt":"2026-05-01T07:38:27","slug":"mobilier-national-bruno-de-maistre-bureau-lyrique-vetu-de-sa-robe-noire","status":"publish","type":"product","link":"https:\/\/theinvisiblecollection.com\/fr\/produit\/mobilier-national-bruno-de-maistre-bureau-lyrique-vetu-de-sa-robe-noire\/","title":{"rendered":"Bureau Lyrique V\u00eatu De Sa Robe Noire"},"content":{"rendered":"<p style=\"text-align: justify;\">Le Bureau Lyrique V\u00eatu De Sa Robe Noire de Bruno de Maistre est un d\u00e9fi esth\u00e9tique et technique. Ce bureau aux courbes sensuelles, organiques, proches de la sculpture, emprunte \u00e0 la fois l&#8217;\u00e9l\u00e9gance du style Louis XV et la fluidit\u00e9 des lignes contemporaines.<\/p>\n<p style=\"text-align: justify;\">Par ces formes dansantes et vaporeuses, o\u00f9 volutes de bois et la laque noire ondulent et s\u2019entrem\u00ealent, Bruno de Maistre a su faire na\u00eetre un dialogue des mati\u00e8res et apporter la ligne envol\u00e9e qui donne \u00e0 ce mobilier un caract\u00e8re fort dont l\u2019harmonie est emprunt\u00e9e de f\u00e9minit\u00e9. Entre robe noire fig\u00e9e et bois voluptueux, ce bureau joue avec les mati\u00e8res et la physique. La robe noire devient en effet une mati\u00e8re solide.<br \/>\nElle enveloppe, structure et souligne les courbes du meuble, tandis que le bois devient l\u00e9ger et souple, au point de laisser un coin s\u2019envoler.<br \/>\nSupport d\u2019inspiration pour l\u2019auteur qui l\u2019utilise, cette complicit\u00e9 des mati\u00e8res invite \u00e0 l\u2019envol\u00e9e lyrique.<\/p>\n<p>Cr\u00e9dit photos : DA Spela Lenarcic \/ IIIRD MAN et Atelier BdM<\/p>\n","protected":false},"excerpt":{"rendered":"<p>Design par Bruno de Maistre<br \/>\nCr\u00e9ation int\u00e9gr\u00e9e au sein des collections du Mobilier national<br \/>\n\u00c9dition limit\u00e9e de 8 pi\u00e8ces sign\u00e9es<br \/>\nBureau en ch\u00eane<br \/>\nRobe noire avec finitions en r\u00e9sine \u00e9poxy et vernis<br \/>\nCouleurs, dimensions et finitions sur mesure sur demande<\/p>\n<p>L 160 x l 80 x H 74 cm<\/p>\n<p>Fabriqu\u00e9 \u00e0 la main en France<br \/>\nD\u00e9lais de production : 8 semaines<\/p>\n<p><span style=\"text-decoration: underline;\"><a href=\"https:\/\/www.theinvisiblecollection.com\/fr\/demande-de-devis\/?product_id=1867253\" target=\"_blank\" rel=\"noopener\">Contactez-nous pour toute demande de devis ou de renseignements<\/a><\/span><\/p>\n","protected":false},"featured_media":1228569,"template":"","meta":{"_acf_changed":false,"content-type":"","_themeisle_gutenberg_block_has_review":false},"product_brand":[],"product_cat":[7704,12503],"product_tag":[20434,31477,33319],"product_designer":[20295,20441],"comfabric":[],"manufacturer":[20293],"reporting_designer":[37637],"samplecomfabric":[],"designer_clubroom":[],"class_list":{"0":"post-1228738","1":"product","2":"type-product","3":"status-publish","4":"has-post-thumbnail","6":"product_cat-bureaux-fr","7":"product_cat-tables-fr","8":"product_tag-mobilier-national-fr","9":"product_tag-st-curvy-fr","10":"product_tag-edition-limitee","11":"pa_size-l-280-x-l-100-x-h-80-fr","12":"pa_size-moyen","13":"product_designer-ateliers-bdm-fr","14":"product_designer-mobilier-national-fr","15":"manufacturer-ateliers-bdm-fr","16":"reporting_designer-ateliers-bdm","18":"first","19":"instock","20":"taxable","21":"shipping-taxable","22":"purchasable","23":"product-type-variable"},"acf":[],"_links":{"self":[{"href":"https:\/\/theinvisiblecollection.com\/fr\/wp-json\/wp\/v2\/product\/1228738","targetHints":{"allow":["GET"]}}],"collection":[{"href":"https:\/\/theinvisiblecollection.com\/fr\/wp-json\/wp\/v2\/product"}],"about":[{"href":"https:\/\/theinvisiblecollection.com\/fr\/wp-json\/wp\/v2\/types\/product"}],"wp:featuredmedia":[{"embeddable":true,"href":"https:\/\/theinvisiblecollection.com\/fr\/wp-json\/wp\/v2\/media\/1228569"}],"wp:attachment":[{"href":"https:\/\/theinvisiblecollection.com\/fr\/wp-json\/wp\/v2\/media?parent=1228738"}],"wp:term":[{"taxonomy":"product_brand","embeddable":true,"href":"https:\/\/theinvisiblecollection.com\/fr\/wp-json\/wp\/v2\/product_brand?post=1228738"},{"taxonomy":"product_cat","embeddable":true,"href":"https:\/\/theinvisiblecollection.com\/fr\/wp-json\/wp\/v2\/product_cat?post=1228738"},{"taxonomy":"product_tag","embeddable":true,"href":"https:\/\/theinvisiblecollection.com\/fr\/wp-json\/wp\/v2\/product_tag?post=1228738"},{"taxonomy":"product_designer","embeddable":true,"href":"https:\/\/theinvisiblecollection.com\/fr\/wp-json\/wp\/v2\/product_designer?post=1228738"},{"taxonomy":"comfabric","embeddable":true,"href":"https:\/\/theinvisiblecollection.com\/fr\/wp-json\/wp\/v2\/comfabric?post=1228738"},{"taxonomy":"manufacturer","embeddable":true,"href":"https:\/\/theinvisiblecollection.com\/fr\/wp-json\/wp\/v2\/manufacturer?post=1228738"},{"taxonomy":"reporting_designer","embeddable":true,"href":"https:\/\/theinvisiblecollection.com\/fr\/wp-json\/wp\/v2\/reporting_designer?post=1228738"},{"taxonomy":"samplecomfabric","embeddable":true,"href":"https:\/\/theinvisiblecollection.com\/fr\/wp-json\/wp\/v2\/samplecomfabric?post=1228738"},{"taxonomy":"clubroom_product_designer","embeddable":true,"href":"https:\/\/theinvisiblecollection.com\/fr\/wp-json\/wp\/v2\/designer_clubroom?post=1228738"}],"curies":[{"name":"wp","href":"https:\/\/api.w.org\/{rel}","templated":true}]}}