{"id":123066,"date":"2022-03-09T11:12:58","date_gmt":"2022-03-09T10:12:58","guid":{"rendered":"https:\/\/theinvisiblecollection.com\/?post_type=product&#038;p=123066"},"modified":"2026-05-01T07:38:59","modified_gmt":"2026-05-01T07:38:59","slug":"la-chance-tabouret-de-bar-planet","status":"publish","type":"product","link":"https:\/\/theinvisiblecollection.com\/fr\/produit\/la-chance-tabouret-de-bar-planet\/","title":{"rendered":"Paire de Tabourets De Bar Planet"},"content":{"rendered":"<p style=\"text-align: justify;\">Planet bar est une chaise haute inspir\u00e9e par la silhouette de la plan\u00e8te Saturne. La version \u201cbar\u201d offre une solution confortable et fonctionnelle pour s&#8217;asseoir \u00e0 un comptoir haut tout en conservant le style distinctif de la chaise Planet originale.<\/p>\n","protected":false},"excerpt":{"rendered":"<p>Design par Jean-Baptiste Souletie<br \/>\nTabouret de bar tapiss\u00e9 ici en tissu Leli\u00e8vre Sherpas, couleur craie<br \/>\n<a href=\"https:\/\/theinvisiblecollection.com\/wp-content\/uploads\/2022\/03\/TheInvisibleCollection_LaChance_Lelievre_FabricSelection-1-1.pdf\" target=\"_blank\" rel=\"noopener\"><span style=\"text-decoration: underline;\">D\u00e9couvrez la s\u00e9lection de tissus Leli\u00e8vre ici<\/span><\/a><br \/>\n\u00c9galement disponible en blanc sans tissu<br \/>\nStructure en bois teint\u00e9 noir<\/p>\n<p>L 44 x P 51 x H 102 cm<br \/>\nHauteur d&#8217;assise : 65 cm<br \/>\nTissu requis : 0.6 m<\/p>\n<p>Fabriqu\u00e9 \u00e0 la main en Italie<br \/>\nD\u00e9lais de fabrication : 8 \u2013 10 semaines<br \/>\n<span style=\"text-decoration: underline;\"><a href=\"https:\/\/www.theinvisiblecollection.com\/fr\/demande-de-devis\/?product_id=123066\" target=\"_blank\" rel=\"noopener\"><span lang=\"FR\">Contactez-nous pour toute demande de devis ou de renseignement<\/span><\/a><\/span><\/p>\n","protected":false},"featured_media":123090,"template":"","meta":{"_acf_changed":false,"content-type":"","_themeisle_gutenberg_block_has_review":false},"product_brand":[],"product_cat":[8962,12499,34857],"product_tag":[],"product_designer":[13254],"comfabric":[29542],"manufacturer":[21949],"reporting_designer":[37467],"samplecomfabric":[30568],"designer_clubroom":[],"class_list":{"0":"post-123066","1":"product","2":"type-product","3":"status-publish","4":"has-post-thumbnail","6":"product_cat-chaises","7":"product_cat-assises","8":"product_cat-tabourets-de-bar","9":"pa_fabric-en-blanc-sans-tissu-fr","10":"pa_fabric-tissu-lelievre-sherpas-craie","11":"pa_fabric-tissu-lelievre-smart-charbon","12":"product_designer-la-chance-fr","13":"comfabric-la-chance-fr","14":"manufacturer-shipea-chez-sylvania-fr","15":"reporting_designer-la-chance","16":"samplecomfabric-la-chance-fr","18":"first","19":"instock","20":"taxable","21":"shipping-taxable","22":"purchasable","23":"product-type-variable"},"acf":[],"_links":{"self":[{"href":"https:\/\/theinvisiblecollection.com\/fr\/wp-json\/wp\/v2\/product\/123066","targetHints":{"allow":["GET"]}}],"collection":[{"href":"https:\/\/theinvisiblecollection.com\/fr\/wp-json\/wp\/v2\/product"}],"about":[{"href":"https:\/\/theinvisiblecollection.com\/fr\/wp-json\/wp\/v2\/types\/product"}],"wp:featuredmedia":[{"embeddable":true,"href":"https:\/\/theinvisiblecollection.com\/fr\/wp-json\/wp\/v2\/media\/123090"}],"wp:attachment":[{"href":"https:\/\/theinvisiblecollection.com\/fr\/wp-json\/wp\/v2\/media?parent=123066"}],"wp:term":[{"taxonomy":"product_brand","embeddable":true,"href":"https:\/\/theinvisiblecollection.com\/fr\/wp-json\/wp\/v2\/product_brand?post=123066"},{"taxonomy":"product_cat","embeddable":true,"href":"https:\/\/theinvisiblecollection.com\/fr\/wp-json\/wp\/v2\/product_cat?post=123066"},{"taxonomy":"product_tag","embeddable":true,"href":"https:\/\/theinvisiblecollection.com\/fr\/wp-json\/wp\/v2\/product_tag?post=123066"},{"taxonomy":"product_designer","embeddable":true,"href":"https:\/\/theinvisiblecollection.com\/fr\/wp-json\/wp\/v2\/product_designer?post=123066"},{"taxonomy":"comfabric","embeddable":true,"href":"https:\/\/theinvisiblecollection.com\/fr\/wp-json\/wp\/v2\/comfabric?post=123066"},{"taxonomy":"manufacturer","embeddable":true,"href":"https:\/\/theinvisiblecollection.com\/fr\/wp-json\/wp\/v2\/manufacturer?post=123066"},{"taxonomy":"reporting_designer","embeddable":true,"href":"https:\/\/theinvisiblecollection.com\/fr\/wp-json\/wp\/v2\/reporting_designer?post=123066"},{"taxonomy":"samplecomfabric","embeddable":true,"href":"https:\/\/theinvisiblecollection.com\/fr\/wp-json\/wp\/v2\/samplecomfabric?post=123066"},{"taxonomy":"clubroom_product_designer","embeddable":true,"href":"https:\/\/theinvisiblecollection.com\/fr\/wp-json\/wp\/v2\/designer_clubroom?post=123066"}],"curies":[{"name":"wp","href":"https:\/\/api.w.org\/{rel}","templated":true}]}}