{"id":1231098,"date":"2022-11-28T16:49:12","date_gmt":"2022-11-28T15:49:12","guid":{"rendered":"https:\/\/theinvisiblecollection.com\/?post_type=product&#038;p=1231098"},"modified":"2026-05-01T07:38:27","modified_gmt":"2026-05-01T07:38:27","slug":"the-vintage-list-set-carafe-en-cristal-etoiles","status":"publish","type":"product","link":"https:\/\/theinvisiblecollection.com\/fr\/produit\/the-vintage-list-set-carafe-en-cristal-etoiles\/","title":{"rendered":"Set Carafe En Cristal \u00c9toiles"},"content":{"rendered":"<p style=\"text-align: justify;\">Cette carafe et son verre faits et graves \u00e0 la main en cristal sont une pure merveille. Le verre vient se poser au-dessus de la carafe et peut en \u00eatre dissoci\u00e9.<\/p>\n","protected":false},"excerpt":{"rendered":"<ul>\n<li>Composition : souffl\u00e9 \u00e0 la main \/ grav\u00e9 \u00e0 la main \/ cristal fin sans plomb<\/li>\n<li>Convient pour un lavage au lave-vaisselle<\/li>\n<\/ul>\n","protected":false},"featured_media":1231085,"template":"","meta":{"_acf_changed":false,"content-type":"","_themeisle_gutenberg_block_has_review":false},"product_brand":[],"product_cat":[19981,19986,19988],"product_tag":[31477],"product_designer":[],"comfabric":[],"manufacturer":[19679],"reporting_designer":[],"samplecomfabric":[],"designer_clubroom":[20511],"class_list":{"0":"post-1231098","1":"product","2":"type-product","3":"status-publish","4":"has-post-thumbnail","6":"clubroom_taxonomies-gift-room","7":"product_cat-art-de-la-table","8":"product_cat-verres","9":"product_cat-carafes","10":"product_tag-st-curvy-fr","11":"manufacturer-the-vintage-list-fr","12":"clubroom_product_designer-the-vintage-list-fr","13":"exhibitions-new-york-fr","15":"first","16":"outofstock","17":"taxable","18":"shipping-taxable","19":"purchasable","20":"product-type-simple"},"acf":[],"_links":{"self":[{"href":"https:\/\/theinvisiblecollection.com\/fr\/wp-json\/wp\/v2\/product\/1231098","targetHints":{"allow":["GET"]}}],"collection":[{"href":"https:\/\/theinvisiblecollection.com\/fr\/wp-json\/wp\/v2\/product"}],"about":[{"href":"https:\/\/theinvisiblecollection.com\/fr\/wp-json\/wp\/v2\/types\/product"}],"wp:featuredmedia":[{"embeddable":true,"href":"https:\/\/theinvisiblecollection.com\/fr\/wp-json\/wp\/v2\/media\/1231085"}],"wp:attachment":[{"href":"https:\/\/theinvisiblecollection.com\/fr\/wp-json\/wp\/v2\/media?parent=1231098"}],"wp:term":[{"taxonomy":"product_brand","embeddable":true,"href":"https:\/\/theinvisiblecollection.com\/fr\/wp-json\/wp\/v2\/product_brand?post=1231098"},{"taxonomy":"product_cat","embeddable":true,"href":"https:\/\/theinvisiblecollection.com\/fr\/wp-json\/wp\/v2\/product_cat?post=1231098"},{"taxonomy":"product_tag","embeddable":true,"href":"https:\/\/theinvisiblecollection.com\/fr\/wp-json\/wp\/v2\/product_tag?post=1231098"},{"taxonomy":"product_designer","embeddable":true,"href":"https:\/\/theinvisiblecollection.com\/fr\/wp-json\/wp\/v2\/product_designer?post=1231098"},{"taxonomy":"comfabric","embeddable":true,"href":"https:\/\/theinvisiblecollection.com\/fr\/wp-json\/wp\/v2\/comfabric?post=1231098"},{"taxonomy":"manufacturer","embeddable":true,"href":"https:\/\/theinvisiblecollection.com\/fr\/wp-json\/wp\/v2\/manufacturer?post=1231098"},{"taxonomy":"reporting_designer","embeddable":true,"href":"https:\/\/theinvisiblecollection.com\/fr\/wp-json\/wp\/v2\/reporting_designer?post=1231098"},{"taxonomy":"samplecomfabric","embeddable":true,"href":"https:\/\/theinvisiblecollection.com\/fr\/wp-json\/wp\/v2\/samplecomfabric?post=1231098"},{"taxonomy":"clubroom_product_designer","embeddable":true,"href":"https:\/\/theinvisiblecollection.com\/fr\/wp-json\/wp\/v2\/designer_clubroom?post=1231098"}],"curies":[{"name":"wp","href":"https:\/\/api.w.org\/{rel}","templated":true}]}}