{"id":123314,"date":"2022-03-09T20:08:06","date_gmt":"2022-03-09T19:08:06","guid":{"rendered":"https:\/\/theinvisiblecollection.com\/?post_type=product&#038;p=123314"},"modified":"2026-05-01T07:38:59","modified_gmt":"2026-05-01T07:38:59","slug":"la-chance-table-basse-ronde-sunday-l","status":"publish","type":"product","link":"https:\/\/theinvisiblecollection.com\/fr\/produit\/la-chance-table-basse-ronde-sunday-l\/","title":{"rendered":"Table Basse Ronde Sunday L"},"content":{"rendered":"<p style=\"text-align: justify;\">Sunday est une famille de tables au design d\u2019une \u00e9vidente simplicit\u00e9. De lourds pieds en marbre contrastent avec la finesse du plateau en bois massif ou en marbre et donnent sa personnalit\u00e9 \u00e0 cette pi\u00e8ce aux formes rondes et rassurantes.<\/p>\n","protected":false},"excerpt":{"rendered":"<p>Design par Jean-Baptiste Souletie<br \/>\nTable basse photographi\u00e9e ici avec plateau en bois laqu\u00e9 noir<br \/>\nPlateau \u00e9galement disponible en noyer<br \/>\nPieds en marbre blanc Pele de tigre<br \/>\n\u00c9galement disponibles en marbre noir Marquina ou vert Indian<br \/>\nDimensions sur-mesure sur demande<\/p>\n<p>\u01fe 150 cm x H 35 cm<\/p>\n<p>Fabriqu\u00e9e \u00e0 la main en Europe<br \/>\nD\u00e9lais de fabrication : 12 semaines<\/p>\n<p><span style=\"text-decoration: underline;\"><a href=\"https:\/\/www.theinvisiblecollection.com\/fr\/demande-de-devis\/?product_id=123314\" target=\"_blank\" rel=\"noopener\">Contactez-nous pour toute demande de devis ou de renseignements<\/a><\/span><\/p>\n","protected":false},"featured_media":123379,"template":"","meta":{"_acf_changed":false,"content-type":"","_themeisle_gutenberg_block_has_review":false},"product_brand":[],"product_cat":[7509,12503],"product_tag":[],"product_designer":[13254],"comfabric":[],"manufacturer":[21949],"reporting_designer":[37467],"samplecomfabric":[],"designer_clubroom":[],"class_list":{"0":"post-123314","1":"product","2":"type-product","3":"status-publish","4":"has-post-thumbnail","6":"product_cat-tables-basses-dappoint","7":"product_cat-tables-fr","8":"pa_feet-material-en-marbre-blanc-pele-de-tigre","9":"pa_feet-material-en-marbre-noir-marquina","10":"pa_feet-material-en-marbre-vert-indian-fr","11":"pa_tabletop-material-bois-laque-noir","12":"pa_tabletop-material-noyer","13":"product_designer-la-chance-fr","14":"manufacturer-shipea-chez-sylvania-fr","15":"reporting_designer-la-chance","17":"first","18":"instock","19":"taxable","20":"shipping-taxable","21":"purchasable","22":"product-type-variable"},"acf":[],"_links":{"self":[{"href":"https:\/\/theinvisiblecollection.com\/fr\/wp-json\/wp\/v2\/product\/123314","targetHints":{"allow":["GET"]}}],"collection":[{"href":"https:\/\/theinvisiblecollection.com\/fr\/wp-json\/wp\/v2\/product"}],"about":[{"href":"https:\/\/theinvisiblecollection.com\/fr\/wp-json\/wp\/v2\/types\/product"}],"wp:featuredmedia":[{"embeddable":true,"href":"https:\/\/theinvisiblecollection.com\/fr\/wp-json\/wp\/v2\/media\/123379"}],"wp:attachment":[{"href":"https:\/\/theinvisiblecollection.com\/fr\/wp-json\/wp\/v2\/media?parent=123314"}],"wp:term":[{"taxonomy":"product_brand","embeddable":true,"href":"https:\/\/theinvisiblecollection.com\/fr\/wp-json\/wp\/v2\/product_brand?post=123314"},{"taxonomy":"product_cat","embeddable":true,"href":"https:\/\/theinvisiblecollection.com\/fr\/wp-json\/wp\/v2\/product_cat?post=123314"},{"taxonomy":"product_tag","embeddable":true,"href":"https:\/\/theinvisiblecollection.com\/fr\/wp-json\/wp\/v2\/product_tag?post=123314"},{"taxonomy":"product_designer","embeddable":true,"href":"https:\/\/theinvisiblecollection.com\/fr\/wp-json\/wp\/v2\/product_designer?post=123314"},{"taxonomy":"comfabric","embeddable":true,"href":"https:\/\/theinvisiblecollection.com\/fr\/wp-json\/wp\/v2\/comfabric?post=123314"},{"taxonomy":"manufacturer","embeddable":true,"href":"https:\/\/theinvisiblecollection.com\/fr\/wp-json\/wp\/v2\/manufacturer?post=123314"},{"taxonomy":"reporting_designer","embeddable":true,"href":"https:\/\/theinvisiblecollection.com\/fr\/wp-json\/wp\/v2\/reporting_designer?post=123314"},{"taxonomy":"samplecomfabric","embeddable":true,"href":"https:\/\/theinvisiblecollection.com\/fr\/wp-json\/wp\/v2\/samplecomfabric?post=123314"},{"taxonomy":"clubroom_product_designer","embeddable":true,"href":"https:\/\/theinvisiblecollection.com\/fr\/wp-json\/wp\/v2\/designer_clubroom?post=123314"}],"curies":[{"name":"wp","href":"https:\/\/api.w.org\/{rel}","templated":true}]}}