{"id":124309,"date":"2025-02-20T12:34:21","date_gmt":"2025-02-20T12:34:21","guid":{"rendered":"https:\/\/theinvisiblecollection.com\/?post_type=product&#038;p=124309"},"modified":"2026-05-01T07:38:57","modified_gmt":"2026-05-01T07:38:57","slug":"charles-zana-lampadaire-dm","status":"publish","type":"product","link":"https:\/\/theinvisiblecollection.com\/fr\/produit\/charles-zana-lampadaire-dm\/","title":{"rendered":"Lampadaire DM"},"content":{"rendered":"<p style=\"text-align: justify;\">Le lampadaire DM de Charles Zana est un hommage po\u00e9tique \u00e0 la verticalit\u00e9 des gratte-ciel de New York. Con\u00e7u \u00e0 l&#8217;origine pour le salon de David Mallet au cinqui\u00e8me \u00e9tage du Webster SoHo, le lampadaire est devenu l&#8217;une des pi\u00e8ces ma\u00eetresses de Zana, disponible en plusieurs variations dont celle pr\u00e9sent\u00e9e ici en laiton brut sur une base en travertin argent\u00e9.<\/p>\n","protected":false},"excerpt":{"rendered":"<p>Lampadaire en laiton brut<br \/>\nBase en travertin argent\u00e9<\/p>\n<p>\u00d8 30 x H 170 cm<\/p>\n<p><span lang=\"FR\">Fabriqu\u00e9 \u00e0 la main en France<br \/>\n<\/span><span lang=\"FR\">D\u00e9lais de fabrication : 8 semaines<\/span><\/p>\n<p><span style=\"text-decoration: underline;\"><a href=\"https:\/\/www.theinvisiblecollection.com\/fr\/demande-de-devis\/?product_id=124309\" target=\"_blank\" rel=\"noopener\">Contactez-nous pour toute demande de devis ou de renseignements<\/a><\/span><\/p>\n","protected":false},"featured_media":124879,"template":"","meta":{"_acf_changed":false,"content-type":"","_themeisle_gutenberg_block_has_review":false},"product_brand":[],"product_cat":[8966,12507],"product_tag":[31477,35206],"product_designer":[8871],"comfabric":[],"manufacturer":[34466],"reporting_designer":[37681],"samplecomfabric":[],"designer_clubroom":[],"class_list":{"0":"post-124309","1":"product","2":"type-product","3":"status-publish","4":"has-post-thumbnail","6":"product_cat-lampes-sur-pied","7":"product_cat-luminaires","8":"product_tag-st-curvy-fr","9":"product_tag-exclusive-fr","10":"product_designer-charles-zana-fr","11":"manufacturer-charles-zana-pick-up-roissy-emballage-fr","12":"reporting_designer-charles-zana","14":"first","15":"instock","16":"taxable","17":"shipping-taxable","18":"purchasable","19":"product-type-simple"},"acf":[],"_links":{"self":[{"href":"https:\/\/theinvisiblecollection.com\/fr\/wp-json\/wp\/v2\/product\/124309","targetHints":{"allow":["GET"]}}],"collection":[{"href":"https:\/\/theinvisiblecollection.com\/fr\/wp-json\/wp\/v2\/product"}],"about":[{"href":"https:\/\/theinvisiblecollection.com\/fr\/wp-json\/wp\/v2\/types\/product"}],"wp:featuredmedia":[{"embeddable":true,"href":"https:\/\/theinvisiblecollection.com\/fr\/wp-json\/wp\/v2\/media\/124879"}],"wp:attachment":[{"href":"https:\/\/theinvisiblecollection.com\/fr\/wp-json\/wp\/v2\/media?parent=124309"}],"wp:term":[{"taxonomy":"product_brand","embeddable":true,"href":"https:\/\/theinvisiblecollection.com\/fr\/wp-json\/wp\/v2\/product_brand?post=124309"},{"taxonomy":"product_cat","embeddable":true,"href":"https:\/\/theinvisiblecollection.com\/fr\/wp-json\/wp\/v2\/product_cat?post=124309"},{"taxonomy":"product_tag","embeddable":true,"href":"https:\/\/theinvisiblecollection.com\/fr\/wp-json\/wp\/v2\/product_tag?post=124309"},{"taxonomy":"product_designer","embeddable":true,"href":"https:\/\/theinvisiblecollection.com\/fr\/wp-json\/wp\/v2\/product_designer?post=124309"},{"taxonomy":"comfabric","embeddable":true,"href":"https:\/\/theinvisiblecollection.com\/fr\/wp-json\/wp\/v2\/comfabric?post=124309"},{"taxonomy":"manufacturer","embeddable":true,"href":"https:\/\/theinvisiblecollection.com\/fr\/wp-json\/wp\/v2\/manufacturer?post=124309"},{"taxonomy":"reporting_designer","embeddable":true,"href":"https:\/\/theinvisiblecollection.com\/fr\/wp-json\/wp\/v2\/reporting_designer?post=124309"},{"taxonomy":"samplecomfabric","embeddable":true,"href":"https:\/\/theinvisiblecollection.com\/fr\/wp-json\/wp\/v2\/samplecomfabric?post=124309"},{"taxonomy":"clubroom_product_designer","embeddable":true,"href":"https:\/\/theinvisiblecollection.com\/fr\/wp-json\/wp\/v2\/designer_clubroom?post=124309"}],"curies":[{"name":"wp","href":"https:\/\/api.w.org\/{rel}","templated":true}]}}