{"id":1244315,"date":"2022-11-29T16:58:40","date_gmt":"2022-11-29T15:58:40","guid":{"rendered":"https:\/\/theinvisiblecollection.com\/?post_type=product&#038;p=1244315"},"modified":"2026-05-08T04:39:40","modified_gmt":"2026-05-08T04:39:40","slug":"caroline-de-benoist-assiette-arya-verte","status":"publish","type":"product","link":"https:\/\/theinvisiblecollection.com\/fr\/produit\/caroline-de-benoist-assiette-arya-verte\/","title":{"rendered":"Assiette Arya Verte"},"content":{"rendered":"<p style=\"text-align: justify;\">C&#8217;est dans un petit village pr\u00e8s de Jaipur que la technique ancestrale de la poterie bleue est pr\u00e9serv\u00e9e et transmise. Chaque pi\u00e8ce est faite et peinte \u00e0 la main par des artisans qualifi\u00e9s.<\/p>\n","protected":false},"excerpt":{"rendered":"<ul>\n<li>Composition : c\u00e9ramique \/ peinte \u00e0 la main<\/li>\n<li>Chaque pi\u00e8ce est unique<\/li>\n<li>Utilisation : lave-vaisselle et micro-onde<\/li>\n<\/ul>\n","protected":false},"featured_media":1244227,"template":"","meta":{"_acf_changed":false,"content-type":"","_themeisle_gutenberg_block_has_review":false},"product_brand":[],"product_cat":[19984,19981],"product_tag":[22790],"product_designer":[],"comfabric":[],"manufacturer":[19100],"reporting_designer":[],"samplecomfabric":[],"designer_clubroom":[20514],"class_list":{"0":"post-1244315","1":"product","2":"type-product","3":"status-publish","4":"has-post-thumbnail","6":"clubroom_taxonomies-gift-room","7":"product_cat-assiettes-et-plats","8":"product_cat-art-de-la-table","9":"product_tag-disponible-immediatement","10":"manufacturer-caroline-de-benoist-fr","11":"clubroom_product_designer-caroline-de-benoist-fr","12":"exhibitions-new-york-fr","13":"exhibitions-londres-fr","14":"exhibitions-paris-fr","16":"first","17":"instock","18":"taxable","19":"shipping-taxable","20":"purchasable","21":"product-type-simple"},"acf":[],"_links":{"self":[{"href":"https:\/\/theinvisiblecollection.com\/fr\/wp-json\/wp\/v2\/product\/1244315","targetHints":{"allow":["GET"]}}],"collection":[{"href":"https:\/\/theinvisiblecollection.com\/fr\/wp-json\/wp\/v2\/product"}],"about":[{"href":"https:\/\/theinvisiblecollection.com\/fr\/wp-json\/wp\/v2\/types\/product"}],"wp:featuredmedia":[{"embeddable":true,"href":"https:\/\/theinvisiblecollection.com\/fr\/wp-json\/wp\/v2\/media\/1244227"}],"wp:attachment":[{"href":"https:\/\/theinvisiblecollection.com\/fr\/wp-json\/wp\/v2\/media?parent=1244315"}],"wp:term":[{"taxonomy":"product_brand","embeddable":true,"href":"https:\/\/theinvisiblecollection.com\/fr\/wp-json\/wp\/v2\/product_brand?post=1244315"},{"taxonomy":"product_cat","embeddable":true,"href":"https:\/\/theinvisiblecollection.com\/fr\/wp-json\/wp\/v2\/product_cat?post=1244315"},{"taxonomy":"product_tag","embeddable":true,"href":"https:\/\/theinvisiblecollection.com\/fr\/wp-json\/wp\/v2\/product_tag?post=1244315"},{"taxonomy":"product_designer","embeddable":true,"href":"https:\/\/theinvisiblecollection.com\/fr\/wp-json\/wp\/v2\/product_designer?post=1244315"},{"taxonomy":"comfabric","embeddable":true,"href":"https:\/\/theinvisiblecollection.com\/fr\/wp-json\/wp\/v2\/comfabric?post=1244315"},{"taxonomy":"manufacturer","embeddable":true,"href":"https:\/\/theinvisiblecollection.com\/fr\/wp-json\/wp\/v2\/manufacturer?post=1244315"},{"taxonomy":"reporting_designer","embeddable":true,"href":"https:\/\/theinvisiblecollection.com\/fr\/wp-json\/wp\/v2\/reporting_designer?post=1244315"},{"taxonomy":"samplecomfabric","embeddable":true,"href":"https:\/\/theinvisiblecollection.com\/fr\/wp-json\/wp\/v2\/samplecomfabric?post=1244315"},{"taxonomy":"clubroom_product_designer","embeddable":true,"href":"https:\/\/theinvisiblecollection.com\/fr\/wp-json\/wp\/v2\/designer_clubroom?post=1244315"}],"curies":[{"name":"wp","href":"https:\/\/api.w.org\/{rel}","templated":true}]}}