{"id":1244933,"date":"2022-10-13T14:45:15","date_gmt":"2022-10-13T13:45:15","guid":{"rendered":"https:\/\/theinvisiblecollection.com\/?post_type=product&#038;p=1244933"},"modified":"2026-05-01T07:38:27","modified_gmt":"2026-05-01T07:38:27","slug":"antoinette-poisson-abat-jour-canton-creme","status":"publish","type":"product","link":"https:\/\/theinvisiblecollection.com\/fr\/produit\/antoinette-poisson-abat-jour-canton-creme\/","title":{"rendered":"Abat-jour Canton Cr\u00e8me"},"content":{"rendered":"<p style=\"text-align: justify;\">Abat-jour de forme conique en papier m\u00e2ch\u00e9, recouvert de papier imprim\u00e9 au motif &#8220;Canton&#8221; dans l&#8217;esprit des indiennes du 18\u00e8me si\u00e8cle. Le filet est peint \u00e0 la main. Clipsable ou en suspension.<\/p>\n","protected":false},"excerpt":{"rendered":"<ul>\n<li>Abat-jour<\/li>\n<li>Composition : papier m\u00e2ch\u00e9 recouvert de papier imprim\u00e9 Antoinette Poisson au motif &#8220;Canton&#8221;<\/li>\n<li>Utilisation : Clipsable. Possibilit\u00e9 de l&#8217;utiliser en suspension. Pince ampoule incluse.<\/li>\n<li>Ampoule non incluse. Privil\u00e9gier l&#8217;emploi d&#8217;ampoules basse temp\u00e9rature (LED).<\/li>\n<\/ul>\n","protected":false},"featured_media":1244913,"template":"","meta":{"_acf_changed":false,"content-type":"","_themeisle_gutenberg_block_has_review":false},"product_brand":[],"product_cat":[12507,19973],"product_tag":[22790],"product_designer":[],"comfabric":[],"manufacturer":[19128],"reporting_designer":[],"samplecomfabric":[],"designer_clubroom":[20508],"class_list":{"0":"post-1244933","1":"product","2":"type-product","3":"status-publish","4":"has-post-thumbnail","6":"clubroom_taxonomies-gift-room","7":"product_cat-luminaires","8":"product_cat-accessoires-pour-la-maison","9":"product_tag-disponible-immediatement","10":"manufacturer-antoinette-poisson-fr","11":"clubroom_product_designer-antoinette-poisson-fr","12":"exhibitions-new-york-fr","13":"exhibitions-londres-fr","15":"first","16":"instock","17":"taxable","18":"shipping-taxable","19":"purchasable","20":"product-type-simple"},"acf":[],"_links":{"self":[{"href":"https:\/\/theinvisiblecollection.com\/fr\/wp-json\/wp\/v2\/product\/1244933","targetHints":{"allow":["GET"]}}],"collection":[{"href":"https:\/\/theinvisiblecollection.com\/fr\/wp-json\/wp\/v2\/product"}],"about":[{"href":"https:\/\/theinvisiblecollection.com\/fr\/wp-json\/wp\/v2\/types\/product"}],"wp:featuredmedia":[{"embeddable":true,"href":"https:\/\/theinvisiblecollection.com\/fr\/wp-json\/wp\/v2\/media\/1244913"}],"wp:attachment":[{"href":"https:\/\/theinvisiblecollection.com\/fr\/wp-json\/wp\/v2\/media?parent=1244933"}],"wp:term":[{"taxonomy":"product_brand","embeddable":true,"href":"https:\/\/theinvisiblecollection.com\/fr\/wp-json\/wp\/v2\/product_brand?post=1244933"},{"taxonomy":"product_cat","embeddable":true,"href":"https:\/\/theinvisiblecollection.com\/fr\/wp-json\/wp\/v2\/product_cat?post=1244933"},{"taxonomy":"product_tag","embeddable":true,"href":"https:\/\/theinvisiblecollection.com\/fr\/wp-json\/wp\/v2\/product_tag?post=1244933"},{"taxonomy":"product_designer","embeddable":true,"href":"https:\/\/theinvisiblecollection.com\/fr\/wp-json\/wp\/v2\/product_designer?post=1244933"},{"taxonomy":"comfabric","embeddable":true,"href":"https:\/\/theinvisiblecollection.com\/fr\/wp-json\/wp\/v2\/comfabric?post=1244933"},{"taxonomy":"manufacturer","embeddable":true,"href":"https:\/\/theinvisiblecollection.com\/fr\/wp-json\/wp\/v2\/manufacturer?post=1244933"},{"taxonomy":"reporting_designer","embeddable":true,"href":"https:\/\/theinvisiblecollection.com\/fr\/wp-json\/wp\/v2\/reporting_designer?post=1244933"},{"taxonomy":"samplecomfabric","embeddable":true,"href":"https:\/\/theinvisiblecollection.com\/fr\/wp-json\/wp\/v2\/samplecomfabric?post=1244933"},{"taxonomy":"clubroom_product_designer","embeddable":true,"href":"https:\/\/theinvisiblecollection.com\/fr\/wp-json\/wp\/v2\/designer_clubroom?post=1244933"}],"curies":[{"name":"wp","href":"https:\/\/api.w.org\/{rel}","templated":true}]}}