{"id":124661,"date":"2025-02-20T12:37:54","date_gmt":"2025-02-20T12:37:54","guid":{"rendered":"https:\/\/theinvisiblecollection.com\/?post_type=product&#038;p=124661"},"modified":"2026-05-04T14:56:37","modified_gmt":"2026-05-04T14:56:37","slug":"charles-zana-lit-teddy","status":"publish","type":"product","link":"https:\/\/theinvisiblecollection.com\/fr\/produit\/charles-zana-lit-teddy\/","title":{"rendered":"Lit Teddy"},"content":{"rendered":"<p style=\"text-align: justify;\">Le lit Teddy de Charles Zana se caract\u00e9rise par des lignes pelucheuses et enveloppantes. La t\u00eate de lit en bois est rembourr\u00e9e pour plus de douceur et habill\u00e9e de magnifique tissu de velours. Le large et confortable cadre en bois, est fabriqu\u00e9 par les meilleurs artisans et peut \u00eatre personnalis\u00e9.<\/p>\n","protected":false},"excerpt":{"rendered":"<p>T\u00eate et base de lit en bois recouverts ici en velours Teddy Mohair de Pierre Frey, couleur miel<br \/>\n<a href=\"https:\/\/theinvisiblecollection.com\/wp-content\/uploads\/2022\/03\/TheInvisibleCollection_CharlesZana__Pierre_Frey_Teddy_Mohair.pdf\" target=\"_blank\" rel=\"noopener\"><span style=\"text-decoration: underline;\">D\u00e9couvrez la s\u00e9lection de tissu Teddy Mohair<\/span><\/a><br \/>\n\u00c9galement disponible en blanc sans tissu<br \/>\nDimensions sur-mesure sur demande<\/p>\n<p>L 340 x l 272 x H 90 cm<br \/>\nTissu requis : 10 m<br \/>\nT\u00eate de lit : L 340 x l 71.5 x H 90 cm<br \/>\nBase de lit : L 220 x l 212 x H 34 cm<br \/>\nSommier avec pieds et matelas non inclus, dimensions conseill\u00e9es :<br \/>\nSommier : L 200 x l 200 x H 22 cm avec pieds de min 1.5 cm de haut<br \/>\nMatelas : L 200 x l 200 x H 20 cm (sur-matelas H 6 cm)<\/p>\n<p>Fabriqu\u00e9 \u00e0 la main en France<br \/>\nD\u00e9lais de production : 20 semaines<\/p>\n<p><span style=\"text-decoration: underline;\"><a href=\"https:\/\/www.theinvisiblecollection.com\/fr\/demande-de-devis\/?product_id=124661\" target=\"_blank\" rel=\"noopener\">Contactez nous pour toute demande de devis ou de renseignements<\/a><\/span><\/p>\n","protected":false},"featured_media":124598,"template":"","meta":{"_acf_changed":false,"content-type":"","_themeisle_gutenberg_block_has_review":false},"product_brand":[],"product_cat":[7909,12501],"product_tag":[31477,35206],"product_designer":[8871],"comfabric":[],"manufacturer":[34466],"reporting_designer":[37682],"samplecomfabric":[],"designer_clubroom":[],"class_list":{"0":"post-124661","1":"product","2":"type-product","3":"status-publish","4":"has-post-thumbnail","6":"product_cat-lits","7":"product_cat-chambre-a-coucher","8":"product_tag-st-curvy-fr","9":"product_tag-exclusive-fr","10":"pa_choice-avec-base-de-lit","11":"pa_choice-sans-base-de-lit","12":"product_designer-charles-zana-fr","13":"manufacturer-charles-zana-pick-up-roissy-emballage-fr","14":"reporting_designer-charles-zana","16":"first","17":"instock","18":"taxable","19":"shipping-taxable","20":"purchasable","21":"product-type-variable"},"acf":[],"_links":{"self":[{"href":"https:\/\/theinvisiblecollection.com\/fr\/wp-json\/wp\/v2\/product\/124661","targetHints":{"allow":["GET"]}}],"collection":[{"href":"https:\/\/theinvisiblecollection.com\/fr\/wp-json\/wp\/v2\/product"}],"about":[{"href":"https:\/\/theinvisiblecollection.com\/fr\/wp-json\/wp\/v2\/types\/product"}],"wp:featuredmedia":[{"embeddable":true,"href":"https:\/\/theinvisiblecollection.com\/fr\/wp-json\/wp\/v2\/media\/124598"}],"wp:attachment":[{"href":"https:\/\/theinvisiblecollection.com\/fr\/wp-json\/wp\/v2\/media?parent=124661"}],"wp:term":[{"taxonomy":"product_brand","embeddable":true,"href":"https:\/\/theinvisiblecollection.com\/fr\/wp-json\/wp\/v2\/product_brand?post=124661"},{"taxonomy":"product_cat","embeddable":true,"href":"https:\/\/theinvisiblecollection.com\/fr\/wp-json\/wp\/v2\/product_cat?post=124661"},{"taxonomy":"product_tag","embeddable":true,"href":"https:\/\/theinvisiblecollection.com\/fr\/wp-json\/wp\/v2\/product_tag?post=124661"},{"taxonomy":"product_designer","embeddable":true,"href":"https:\/\/theinvisiblecollection.com\/fr\/wp-json\/wp\/v2\/product_designer?post=124661"},{"taxonomy":"comfabric","embeddable":true,"href":"https:\/\/theinvisiblecollection.com\/fr\/wp-json\/wp\/v2\/comfabric?post=124661"},{"taxonomy":"manufacturer","embeddable":true,"href":"https:\/\/theinvisiblecollection.com\/fr\/wp-json\/wp\/v2\/manufacturer?post=124661"},{"taxonomy":"reporting_designer","embeddable":true,"href":"https:\/\/theinvisiblecollection.com\/fr\/wp-json\/wp\/v2\/reporting_designer?post=124661"},{"taxonomy":"samplecomfabric","embeddable":true,"href":"https:\/\/theinvisiblecollection.com\/fr\/wp-json\/wp\/v2\/samplecomfabric?post=124661"},{"taxonomy":"clubroom_product_designer","embeddable":true,"href":"https:\/\/theinvisiblecollection.com\/fr\/wp-json\/wp\/v2\/designer_clubroom?post=124661"}],"curies":[{"name":"wp","href":"https:\/\/api.w.org\/{rel}","templated":true}]}}