{"id":124728,"date":"2025-02-20T12:36:48","date_gmt":"2025-02-20T12:36:48","guid":{"rendered":"https:\/\/theinvisiblecollection.com\/?post_type=product&#038;p=124728"},"modified":"2026-05-01T07:38:57","modified_gmt":"2026-05-01T07:38:57","slug":"charles-zana-tabouret-nomad-pin-noir","status":"publish","type":"product","link":"https:\/\/theinvisiblecollection.com\/fr\/produit\/charles-zana-tabouret-nomad-pin-noir\/","title":{"rendered":"Tabouret Nomad Pin Noir"},"content":{"rendered":"<p style=\"text-align: justify;\">Le tabouret Nomad Pin noir de Charles Zana est un hommage au plus ancien si\u00e8ge de l&#8217;histoire de l&#8217;humanit\u00e9. Sans doute l&#8217;une des cr\u00e9ations les plus embl\u00e9matiques de l&#8217;architecte fran\u00e7ais, le tabouret Nomad est r\u00e9alisable dans de nombreuses versions, y compris en bois naturel et en marbre, toutes s\u2019adaptant merveilleusement aux diff\u00e9rents int\u00e9rieurs. Sa ligne simple et \u00e9l\u00e9gante est rehauss\u00e9e par des pieds fins en laiton.<\/p>\n","protected":false},"excerpt":{"rendered":"<p>Tabouret photographi\u00e9 ici en pin massif teint\u00e9 en noir<br \/>\nDisponible \u00e9galement en <a href=\"https:\/\/theinvisiblecollection.com\/fr\/produit\/charles-zana-tabouret-nomad-noir-marquina\/\" target=\"_blank\" rel=\"noopener\"><span style=\"text-decoration: underline;\">marbre noir Marquina<\/span><\/a>, <a href=\"https:\/\/theinvisiblecollection.com\/fr\/produit\/charles-zana-tabouret-nomad-pin\/\" target=\"_blank\" rel=\"noopener\"><span style=\"text-decoration: underline;\">pin massif verni<\/span><\/a>, <a href=\"https:\/\/theinvisiblecollection.com\/fr\/produit\/charles-zana-tabouret-nomad\/\" target=\"_blank\" rel=\"noopener\"><span style=\"text-decoration: underline;\">marbre Calacatta Oro<\/span><\/a>\u00a0ou marbre noir Saint Laurent<br \/>\nPieds en laiton<\/p>\n<p>L 48 x P 35 x H 43 cm<\/p>\n<p>Fabriqu\u00e9 \u00e0 la main en France<br \/>\nD\u00e9lai de fabrication : 12 &#8211; 14 semaines<\/p>\n<p><span style=\"text-decoration: underline;\"><a href=\"https:\/\/www.theinvisiblecollection.com\/fr\/demande-de-devis\/?product_id=124728\" target=\"_blank\" rel=\"noopener\">Contactez-nous pour toute demande de devis ou de renseignements<\/a><\/span><\/p>\n","protected":false},"featured_media":124740,"template":"","meta":{"_acf_changed":false,"content-type":"","_themeisle_gutenberg_block_has_review":false},"product_brand":[],"product_cat":[8969,12499],"product_tag":[9140,9275,35206],"product_designer":[8871],"comfabric":[],"manufacturer":[34466],"reporting_designer":[37681],"samplecomfabric":[],"designer_clubroom":[],"class_list":{"0":"post-124728","1":"product","2":"type-product","3":"status-publish","4":"has-post-thumbnail","6":"product_cat-ottomans-tabourets","7":"product_cat-assises","8":"product_tag-charles-zana-fr-3","9":"product_tag-tabouret-fr-2","10":"product_tag-exclusive-fr","11":"product_designer-charles-zana-fr","12":"manufacturer-charles-zana-pick-up-roissy-emballage-fr","13":"reporting_designer-charles-zana","15":"first","16":"instock","17":"taxable","18":"shipping-taxable","19":"purchasable","20":"product-type-variable"},"acf":[],"_links":{"self":[{"href":"https:\/\/theinvisiblecollection.com\/fr\/wp-json\/wp\/v2\/product\/124728","targetHints":{"allow":["GET"]}}],"collection":[{"href":"https:\/\/theinvisiblecollection.com\/fr\/wp-json\/wp\/v2\/product"}],"about":[{"href":"https:\/\/theinvisiblecollection.com\/fr\/wp-json\/wp\/v2\/types\/product"}],"wp:featuredmedia":[{"embeddable":true,"href":"https:\/\/theinvisiblecollection.com\/fr\/wp-json\/wp\/v2\/media\/124740"}],"wp:attachment":[{"href":"https:\/\/theinvisiblecollection.com\/fr\/wp-json\/wp\/v2\/media?parent=124728"}],"wp:term":[{"taxonomy":"product_brand","embeddable":true,"href":"https:\/\/theinvisiblecollection.com\/fr\/wp-json\/wp\/v2\/product_brand?post=124728"},{"taxonomy":"product_cat","embeddable":true,"href":"https:\/\/theinvisiblecollection.com\/fr\/wp-json\/wp\/v2\/product_cat?post=124728"},{"taxonomy":"product_tag","embeddable":true,"href":"https:\/\/theinvisiblecollection.com\/fr\/wp-json\/wp\/v2\/product_tag?post=124728"},{"taxonomy":"product_designer","embeddable":true,"href":"https:\/\/theinvisiblecollection.com\/fr\/wp-json\/wp\/v2\/product_designer?post=124728"},{"taxonomy":"comfabric","embeddable":true,"href":"https:\/\/theinvisiblecollection.com\/fr\/wp-json\/wp\/v2\/comfabric?post=124728"},{"taxonomy":"manufacturer","embeddable":true,"href":"https:\/\/theinvisiblecollection.com\/fr\/wp-json\/wp\/v2\/manufacturer?post=124728"},{"taxonomy":"reporting_designer","embeddable":true,"href":"https:\/\/theinvisiblecollection.com\/fr\/wp-json\/wp\/v2\/reporting_designer?post=124728"},{"taxonomy":"samplecomfabric","embeddable":true,"href":"https:\/\/theinvisiblecollection.com\/fr\/wp-json\/wp\/v2\/samplecomfabric?post=124728"},{"taxonomy":"clubroom_product_designer","embeddable":true,"href":"https:\/\/theinvisiblecollection.com\/fr\/wp-json\/wp\/v2\/designer_clubroom?post=124728"}],"curies":[{"name":"wp","href":"https:\/\/api.w.org\/{rel}","templated":true}]}}