{"id":1255010,"date":"2022-12-01T10:11:21","date_gmt":"2022-12-01T09:11:21","guid":{"rendered":"https:\/\/theinvisiblecollection.com\/?post_type=product&#038;p=1255010"},"modified":"2026-05-01T07:38:27","modified_gmt":"2026-05-01T07:38:27","slug":"the-waxness-bougie-damier-noir","status":"publish","type":"product","link":"https:\/\/theinvisiblecollection.com\/fr\/produit\/the-waxness-bougie-damier-noir\/","title":{"rendered":"Bougie Damier Noir"},"content":{"rendered":"<p style=\"text-align: justify\">Associez le graphisme du damier \u00e0 votre int\u00e9rieur avec cette bougie de The Waxness. Tous les cubes sont fabriqu\u00e9s individuellement en cire (sans peinture) avant d&#8217;\u00eatre superpos\u00e9s \u00e0 la main.<\/p>\n","protected":false},"excerpt":{"rendered":"<ul>\n<li>Composition : cire de soja et cire d&#8217;abeille \/ sans peinture \/ assembl\u00e9e \u00e0 la main avec de la cire coul\u00e9e<\/li>\n<li>Couleur : noir et blanc<\/li>\n<\/ul>\n","protected":false},"featured_media":1254963,"template":"","meta":{"_acf_changed":false,"content-type":"","_themeisle_gutenberg_block_has_review":false},"product_brand":[],"product_cat":[12529,19973],"product_tag":[22790],"product_designer":[],"comfabric":[],"manufacturer":[20030],"reporting_designer":[],"samplecomfabric":[],"designer_clubroom":[20515],"class_list":{"0":"post-1255010","1":"product","2":"type-product","3":"status-publish","4":"has-post-thumbnail","6":"clubroom_taxonomies-gift-room","7":"product_cat-bougies-bougeoirs","8":"product_cat-accessoires-pour-la-maison","9":"product_tag-disponible-immediatement","10":"manufacturer-the-waxness-fr","11":"clubroom_product_designer-the-waxness-fr","12":"exhibitions-paris-fr","13":"exhibitions-new-york-fr","15":"first","16":"instock","17":"taxable","18":"shipping-taxable","19":"purchasable","20":"product-type-simple"},"acf":[],"_links":{"self":[{"href":"https:\/\/theinvisiblecollection.com\/fr\/wp-json\/wp\/v2\/product\/1255010","targetHints":{"allow":["GET"]}}],"collection":[{"href":"https:\/\/theinvisiblecollection.com\/fr\/wp-json\/wp\/v2\/product"}],"about":[{"href":"https:\/\/theinvisiblecollection.com\/fr\/wp-json\/wp\/v2\/types\/product"}],"wp:featuredmedia":[{"embeddable":true,"href":"https:\/\/theinvisiblecollection.com\/fr\/wp-json\/wp\/v2\/media\/1254963"}],"wp:attachment":[{"href":"https:\/\/theinvisiblecollection.com\/fr\/wp-json\/wp\/v2\/media?parent=1255010"}],"wp:term":[{"taxonomy":"product_brand","embeddable":true,"href":"https:\/\/theinvisiblecollection.com\/fr\/wp-json\/wp\/v2\/product_brand?post=1255010"},{"taxonomy":"product_cat","embeddable":true,"href":"https:\/\/theinvisiblecollection.com\/fr\/wp-json\/wp\/v2\/product_cat?post=1255010"},{"taxonomy":"product_tag","embeddable":true,"href":"https:\/\/theinvisiblecollection.com\/fr\/wp-json\/wp\/v2\/product_tag?post=1255010"},{"taxonomy":"product_designer","embeddable":true,"href":"https:\/\/theinvisiblecollection.com\/fr\/wp-json\/wp\/v2\/product_designer?post=1255010"},{"taxonomy":"comfabric","embeddable":true,"href":"https:\/\/theinvisiblecollection.com\/fr\/wp-json\/wp\/v2\/comfabric?post=1255010"},{"taxonomy":"manufacturer","embeddable":true,"href":"https:\/\/theinvisiblecollection.com\/fr\/wp-json\/wp\/v2\/manufacturer?post=1255010"},{"taxonomy":"reporting_designer","embeddable":true,"href":"https:\/\/theinvisiblecollection.com\/fr\/wp-json\/wp\/v2\/reporting_designer?post=1255010"},{"taxonomy":"samplecomfabric","embeddable":true,"href":"https:\/\/theinvisiblecollection.com\/fr\/wp-json\/wp\/v2\/samplecomfabric?post=1255010"},{"taxonomy":"clubroom_product_designer","embeddable":true,"href":"https:\/\/theinvisiblecollection.com\/fr\/wp-json\/wp\/v2\/designer_clubroom?post=1255010"}],"curies":[{"name":"wp","href":"https:\/\/api.w.org\/{rel}","templated":true}]}}