{"id":125522,"date":"2022-03-31T16:04:07","date_gmt":"2022-03-31T15:04:07","guid":{"rendered":"https:\/\/theinvisiblecollection.com\/?post_type=product&#038;p=125522"},"modified":"2026-05-08T04:40:09","modified_gmt":"2026-05-08T04:40:09","slug":"maison-leleu-meridienne-colette","status":"publish","type":"product","link":"https:\/\/theinvisiblecollection.com\/fr\/produit\/maison-leleu-meridienne-colette\/","title":{"rendered":"M\u00e9ridienne Colette"},"content":{"rendered":"<p style=\"text-align: justify;\"><span class=\"TextRun SCXW36462062 BCX0\" lang=\"EN-GB\" xml:lang=\"EN-GB\" data-contrast=\"auto\"><span class=\"NormalTextRun SCXW36462062 BCX0\">Cette pi\u00e8ce <\/span><span class=\"NormalTextRun SpellingErrorV2 SCXW36462062 BCX0\">est<\/span> <span class=\"NormalTextRun SpellingErrorV2 SCXW36462062 BCX0\">une<\/span> <span class=\"NormalTextRun SpellingErrorV2 SCXW36462062 BCX0\">r\u00e9interpr\u00e9tation<\/span><span class=\"NormalTextRun SCXW36462062 BCX0\"> de la <\/span><span class=\"NormalTextRun SpellingErrorV2 SCXW36462062 BCX0\">M\u00e9ridienne<\/span> <span class=\"NormalTextRun SpellingErrorV2 SCXW36462062 BCX0\">Iconique<\/span><span class=\"NormalTextRun SCXW36462062 BCX0\"> de Jules <\/span><span class=\"NormalTextRun ContextualSpellingAndGrammarErrorV2 SCXW36462062 BCX0\">Leleu :<\/span><span class=\"NormalTextRun SCXW36462062 BCX0\"> la <\/span><span class=\"NormalTextRun SpellingErrorV2 SCXW36462062 BCX0\">m\u00e9ridienne<\/span><span class=\"NormalTextRun SCXW36462062 BCX0\"> &#8220;Rognon&#8221;. <\/span><span class=\"NormalTextRun SpellingErrorV2 SCXW36462062 BCX0\">Initialement<\/span> <span class=\"NormalTextRun SpellingErrorV2 SCXW36462062 BCX0\">cr\u00e9\u00e9e<\/span><span class=\"NormalTextRun SCXW36462062 BCX0\"> pour le paquebot &#8220;Le Normandie&#8221;, <\/span><span class=\"NormalTextRun SpellingErrorV2 SCXW36462062 BCX0\">elle<\/span><span class=\"NormalTextRun SCXW36462062 BCX0\"> a <\/span><span class=\"NormalTextRun SpellingErrorV2 SCXW36462062 BCX0\">\u00e9t\u00e9<\/span> <span class=\"NormalTextRun SpellingErrorV2 SCXW36462062 BCX0\">r\u00e9interpr\u00e9t\u00e9e<\/span><span class=\"NormalTextRun SCXW36462062 BCX0\"> par Alexia Leleu avec des <\/span><span class=\"NormalTextRun SpellingErrorV2 SCXW36462062 BCX0\">formes<\/span><span class=\"NormalTextRun SCXW36462062 BCX0\"> plus <\/span><span class=\"NormalTextRun SpellingErrorV2 SCXW36462062 BCX0\">arrondies<\/span><span class=\"NormalTextRun SCXW36462062 BCX0\"> et <\/span><span class=\"NormalTextRun SpellingErrorV2 SCXW36462062 BCX0\">enveloppantes<\/span><span class=\"NormalTextRun SCXW36462062 BCX0\">. Pour <\/span><span class=\"NormalTextRun SpellingErrorV2 SCXW36462062 BCX0\">cela<\/span><span class=\"NormalTextRun SCXW36462062 BCX0\"> (et <\/span><span class=\"NormalTextRun SpellingErrorV2 SCXW36462062 BCX0\">c\u2019est<\/span><span class=\"NormalTextRun SCXW36462062 BCX0\"> le <\/span><span class=\"NormalTextRun SpellingErrorV2 SCXW36462062 BCX0\">cas<\/span><span class=\"NormalTextRun SCXW36462062 BCX0\"> de <\/span><span class=\"NormalTextRun SpellingErrorV2 SCXW36462062 BCX0\">nombreux<\/span> <span class=\"NormalTextRun SpellingErrorV2 SCXW36462062 BCX0\">mod\u00e8les<\/span> <span class=\"NormalTextRun SpellingErrorV2 SCXW36462062 BCX0\">pr\u00e9sents<\/span> <span class=\"NormalTextRun SpellingErrorV2 SCXW36462062 BCX0\">ici<\/span><span class=\"NormalTextRun SCXW36462062 BCX0\">), le <\/span><span class=\"NormalTextRun SpellingErrorV2 SCXW36462062 BCX0\">cr\u00e9ateur<\/span><span class=\"NormalTextRun SCXW36462062 BCX0\"> a <\/span><span class=\"NormalTextRun SpellingErrorV2 SCXW36462062 BCX0\">conserv\u00e9<\/span><span class=\"NormalTextRun SCXW36462062 BCX0\"> les <\/span><span class=\"NormalTextRun SpellingErrorV2 SCXW36462062 BCX0\">lignes<\/span><span class=\"NormalTextRun SCXW36462062 BCX0\"> et les <\/span><span class=\"NormalTextRun SpellingErrorV2 SCXW36462062 BCX0\">\u00e9l\u00e9ments<\/span><span class=\"NormalTextRun SCXW36462062 BCX0\"> \u00ab signatures \u00bb de Leleu <\/span><span class=\"NormalTextRun SpellingErrorV2 SCXW36462062 BCX0\">avant<\/span><span class=\"NormalTextRun SCXW36462062 BCX0\"> de les <\/span><span class=\"NormalTextRun SpellingErrorV2 SCXW36462062 BCX0\">r\u00e9interpr\u00e9ter<\/span> <span class=\"NormalTextRun SpellingErrorV2 SCXW36462062 BCX0\">en<\/span> <span class=\"NormalTextRun SpellingErrorV2 SCXW36462062 BCX0\">ajoutant<\/span> <span class=\"NormalTextRun SpellingErrorV2 SCXW36462062 BCX0\">notamment<\/span><span class=\"NormalTextRun SCXW36462062 BCX0\"> des touches <\/span><span class=\"NormalTextRun SpellingErrorV2 SCXW36462062 BCX0\">contemporaines<\/span> <span class=\"NormalTextRun SpellingErrorV2 SCXW36462062 BCX0\">faisant<\/span> <span class=\"NormalTextRun SpellingErrorV2 SCXW36462062 BCX0\">ainsi<\/span><span class=\"NormalTextRun SCXW36462062 BCX0\"> le lien entre pass\u00e9 et <\/span><span class=\"NormalTextRun SpellingErrorV2 SCXW36462062 BCX0\">pr\u00e9sent<\/span><span class=\"NormalTextRun SCXW36462062 BCX0\">.<\/span><\/span><span class=\"EOP SCXW36462062 BCX0\" data-ccp-props=\"{&quot;201341983&quot;:0,&quot;335559740&quot;:259}\">\u00a0<\/span><\/p>\n","protected":false},"excerpt":{"rendered":"<p>M\u00e9ridienne photographi\u00e9e ici en tissu Lelievre Or\u00e9e, couleur pl\u00e2tre<br \/>\n<span style=\"text-decoration: underline;\"><a href=\"https:\/\/theinvisiblecollection.com\/wp-content\/uploads\/2022\/08\/TheInvisibleCollection_MaisonLeuleu_FabricSelection_Colette-2.pdf\" target=\"_blank\" rel=\"noopener\">D\u00e9couvrez la s\u00e9lection de tissus ici<\/a><\/span><br \/>\nPi\u00e8tement en merisier mat, teinte 2<br \/>\n<span style=\"text-decoration: underline;\"><a href=\"https:\/\/theinvisiblecollection.com\/wp-content\/uploads\/2022\/03\/TheInvisibleCollection_Maison_Leleu_Wood_selection.pdf\" target=\"_blank\" rel=\"noopener\">D\u00e9couvrez la s\u00e9lection de bois ici<\/a><\/span><br \/>\nTissus, dimensions et finitions sur-mesure sur demande<\/p>\n<p>L 161 x D 81 x H 80 cm<br \/>\nHauteur d&#8217;assise : 40 cm<br \/>\nTissu requis : 13 m<\/p>\n<p>Fabriqu\u00e9e \u00e0 la main en France<br \/>\nD\u00e9lais de fabrication : 20 semaines<\/p>\n<p class=\"p2\"><span style=\"text-decoration: underline;\"><span class=\"s1\"><a href=\"https:\/\/www.theinvisiblecollection.com\/fr\/demande-de-devis\/?product_id=125522\" target=\"_blank\" rel=\"noopener\">Contactez-nous pour toute demande de devis ou de renseignements<\/a><\/span><\/span><\/p>\n","protected":false},"featured_media":5871660,"template":"","meta":{"_acf_changed":false,"content-type":"","_themeisle_gutenberg_block_has_review":false},"product_brand":[],"product_cat":[8973,12501],"product_tag":[22790],"product_designer":[16596],"comfabric":[],"manufacturer":[37012],"reporting_designer":[37699],"samplecomfabric":[],"designer_clubroom":[],"class_list":{"0":"post-125522","1":"product","2":"type-product","3":"status-publish","4":"has-post-thumbnail","6":"product_cat-canapes-lits","7":"product_cat-chambre-a-coucher","8":"product_tag-disponible-immediatement","9":"pa_fabric-en-blanc-sans-tissu-fr","10":"pa_fabric-tissu-antoine-dalbiousse-mademoiselle-non-feu-bouleau","11":"pa_fabric-tissu-dedar-atlas-couleur-avorio","12":"pa_fabric-tissu-textiles-chapas-rumi-couleur-caramel-mist","13":"pa_finish-brillante","14":"pa_finish-matte-fr","15":"pa_finish-satinee","16":"product_designer-maison-leleu-fr","17":"manufacturer-maison-leleu-esi-louvres-fr","18":"reporting_designer-maison-leleu","19":"exhibitions-paris-fr","20":"exhibitions-londres-fr","22":"first","23":"instock","24":"taxable","25":"shipping-taxable","26":"purchasable","27":"product-type-variable"},"acf":[],"_links":{"self":[{"href":"https:\/\/theinvisiblecollection.com\/fr\/wp-json\/wp\/v2\/product\/125522","targetHints":{"allow":["GET"]}}],"collection":[{"href":"https:\/\/theinvisiblecollection.com\/fr\/wp-json\/wp\/v2\/product"}],"about":[{"href":"https:\/\/theinvisiblecollection.com\/fr\/wp-json\/wp\/v2\/types\/product"}],"wp:featuredmedia":[{"embeddable":true,"href":"https:\/\/theinvisiblecollection.com\/fr\/wp-json\/wp\/v2\/media\/5871660"}],"wp:attachment":[{"href":"https:\/\/theinvisiblecollection.com\/fr\/wp-json\/wp\/v2\/media?parent=125522"}],"wp:term":[{"taxonomy":"product_brand","embeddable":true,"href":"https:\/\/theinvisiblecollection.com\/fr\/wp-json\/wp\/v2\/product_brand?post=125522"},{"taxonomy":"product_cat","embeddable":true,"href":"https:\/\/theinvisiblecollection.com\/fr\/wp-json\/wp\/v2\/product_cat?post=125522"},{"taxonomy":"product_tag","embeddable":true,"href":"https:\/\/theinvisiblecollection.com\/fr\/wp-json\/wp\/v2\/product_tag?post=125522"},{"taxonomy":"product_designer","embeddable":true,"href":"https:\/\/theinvisiblecollection.com\/fr\/wp-json\/wp\/v2\/product_designer?post=125522"},{"taxonomy":"comfabric","embeddable":true,"href":"https:\/\/theinvisiblecollection.com\/fr\/wp-json\/wp\/v2\/comfabric?post=125522"},{"taxonomy":"manufacturer","embeddable":true,"href":"https:\/\/theinvisiblecollection.com\/fr\/wp-json\/wp\/v2\/manufacturer?post=125522"},{"taxonomy":"reporting_designer","embeddable":true,"href":"https:\/\/theinvisiblecollection.com\/fr\/wp-json\/wp\/v2\/reporting_designer?post=125522"},{"taxonomy":"samplecomfabric","embeddable":true,"href":"https:\/\/theinvisiblecollection.com\/fr\/wp-json\/wp\/v2\/samplecomfabric?post=125522"},{"taxonomy":"clubroom_product_designer","embeddable":true,"href":"https:\/\/theinvisiblecollection.com\/fr\/wp-json\/wp\/v2\/designer_clubroom?post=125522"}],"curies":[{"name":"wp","href":"https:\/\/api.w.org\/{rel}","templated":true}]}}