{"id":125558,"date":"2022-03-31T16:03:38","date_gmt":"2022-03-31T15:03:38","guid":{"rendered":"https:\/\/theinvisiblecollection.com\/?post_type=product&#038;p=125558"},"modified":"2026-05-01T07:38:57","modified_gmt":"2026-05-01T07:38:57","slug":"maison-leleu-fauteuil-olivia","status":"publish","type":"product","link":"https:\/\/theinvisiblecollection.com\/fr\/produit\/maison-leleu-fauteuil-olivia\/","title":{"rendered":"Fauteuil Olivia"},"content":{"rendered":"<p style=\"text-align: justify;\"><span class=\"TextRun SCXW172525812 BCX0\" lang=\"EN-GB\" xml:lang=\"EN-GB\" data-contrast=\"auto\"><span class=\"NormalTextRun SCXW172525812 BCX0\">Au commencement, <\/span><span class=\"NormalTextRun SpellingErrorV2 SCXW172525812 BCX0\">c\u2019est<\/span> <span class=\"NormalTextRun SpellingErrorV2 SCXW172525812 BCX0\">l\u2019histoire<\/span> <span class=\"NormalTextRun SpellingErrorV2 SCXW172525812 BCX0\">d\u2019une<\/span> <span class=\"NormalTextRun ContextualSpellingAndGrammarErrorV2 SCXW172525812 BCX0\">chaise\u00a0:<\/span><span class=\"NormalTextRun SCXW172525812 BCX0\"> la chaise &#8220;Olivia&#8221;, <\/span><span class=\"NormalTextRun SpellingErrorV2 SCXW172525812 BCX0\">\u00e9l\u00e9gante<\/span><span class=\"NormalTextRun SCXW172525812 BCX0\"> et <\/span><span class=\"NormalTextRun SpellingErrorV2 SCXW172525812 BCX0\">intemporelle<\/span><span class=\"NormalTextRun SCXW172525812 BCX0\">, <\/span><span class=\"NormalTextRun SpellingErrorV2 SCXW172525812 BCX0\">dessin\u00e9e<\/span><span class=\"NormalTextRun SCXW172525812 BCX0\"> par Leleu <\/span><span class=\"NormalTextRun SpellingErrorV2 SCXW172525812 BCX0\">en<\/span><span class=\"NormalTextRun SCXW172525812 BCX0\"> 1964 et <\/span><span class=\"NormalTextRun SpellingErrorV2 SCXW172525812 BCX0\">r\u00e9alis\u00e9e<\/span><span class=\"NormalTextRun SCXW172525812 BCX0\"> \u00e0 <\/span><span class=\"NormalTextRun SpellingErrorV2 SCXW172525812 BCX0\">l&#8217;\u00e9poque<\/span><span class=\"NormalTextRun SCXW172525812 BCX0\"> pour un <\/span><span class=\"NormalTextRun SpellingErrorV2 SCXW172525812 BCX0\">seul<\/span><span class=\"NormalTextRun SCXW172525812 BCX0\"> client&#8230;<\/span><\/span> <span class=\"TextRun SCXW172525812 BCX0\" lang=\"EN-GB\" xml:lang=\"EN-GB\" data-contrast=\"auto\"><span class=\"NormalTextRun SCXW172525812 BCX0\">De <\/span><span class=\"NormalTextRun SpellingErrorV2 SCXW172525812 BCX0\">cette<\/span> <span class=\"NormalTextRun SpellingErrorV2 SCXW172525812 BCX0\">cr\u00e9ation<\/span><span class=\"NormalTextRun SCXW172525812 BCX0\"> unique <\/span><span class=\"NormalTextRun SpellingErrorV2 SCXW172525812 BCX0\">est<\/span><span class=\"NormalTextRun SCXW172525812 BCX0\"> n\u00e9e 40 <\/span><span class=\"NormalTextRun SpellingErrorV2 SCXW172525812 BCX0\">ans<\/span><span class=\"NormalTextRun SCXW172525812 BCX0\"> plus tard <\/span><span class=\"NormalTextRun SpellingErrorV2 SCXW172525812 BCX0\">sa<\/span><span class=\"NormalTextRun SCXW172525812 BCX0\"> version <\/span><span class=\"NormalTextRun ContextualSpellingAndGrammarErrorV2 SCXW172525812 BCX0\">fauteuil !<\/span><\/span> <span class=\"TextRun SCXW172525812 BCX0\" lang=\"EN-GB\" xml:lang=\"EN-GB\" data-contrast=\"auto\"><span class=\"NormalTextRun SCXW172525812 BCX0\">Pour <\/span><span class=\"NormalTextRun SpellingErrorV2 SCXW172525812 BCX0\">cela<\/span><span class=\"NormalTextRun SCXW172525812 BCX0\">\u00a0le <\/span><span class=\"NormalTextRun SpellingErrorV2 SCXW172525812 BCX0\">choix<\/span><span class=\"NormalTextRun SCXW172525812 BCX0\"> du <\/span><span class=\"NormalTextRun SpellingErrorV2 SCXW172525812 BCX0\">d\u00e9signer<\/span><span class=\"NormalTextRun SCXW172525812 BCX0\"> a <\/span><span class=\"NormalTextRun SpellingErrorV2 SCXW172525812 BCX0\">\u00e9t\u00e9<\/span><span class=\"NormalTextRun SCXW172525812 BCX0\"> de conserver <\/span><span class=\"NormalTextRun SpellingErrorV2 SCXW172525812 BCX0\">l&#8217;angle<\/span><span class=\"NormalTextRun SCXW172525812 BCX0\"> tr\u00e8s droit de son <\/span><span class=\"NormalTextRun SpellingErrorV2 SCXW172525812 BCX0\">accoudoir<\/span><span class=\"NormalTextRun SCXW172525812 BCX0\"> et la <\/span><span class=\"NormalTextRun SpellingErrorV2 SCXW172525812 BCX0\">forme<\/span> <span class=\"NormalTextRun SpellingErrorV2 SCXW172525812 BCX0\">singuli\u00e8re<\/span><span class=\"NormalTextRun SCXW172525812 BCX0\"> de son dossier <\/span><span class=\"NormalTextRun SpellingErrorV2 SCXW172525812 BCX0\">afin<\/span><span class=\"NormalTextRun SCXW172525812 BCX0\"> de <\/span><span class=\"NormalTextRun SpellingErrorV2 SCXW172525812 BCX0\">lui<\/span> <span class=\"NormalTextRun SpellingErrorV2 SCXW172525812 BCX0\">apporter<\/span> <span class=\"NormalTextRun SpellingErrorV2 SCXW172525812 BCX0\">une<\/span><span class=\"NormalTextRun SCXW172525812 BCX0\"> image un <\/span><span class=\"NormalTextRun SpellingErrorV2 SCXW172525812 BCX0\">peu<\/span><span class=\"NormalTextRun SCXW172525812 BCX0\"> plus <\/span><span class=\"NormalTextRun SpellingErrorV2 SCXW172525812 BCX0\">enveloppante<\/span><span class=\"NormalTextRun SCXW172525812 BCX0\"> et <\/span><span class=\"NormalTextRun SpellingErrorV2 SCXW172525812 BCX0\">confortable<\/span><span class=\"NormalTextRun SCXW172525812 BCX0\">\u2026 <\/span><span class=\"NormalTextRun SpellingErrorV2 SCXW172525812 BCX0\">Ainsi<\/span><span class=\"NormalTextRun SCXW172525812 BCX0\">, \u00e0 <\/span><span class=\"NormalTextRun SpellingErrorV2 SCXW172525812 BCX0\">l&#8217;image<\/span><span class=\"NormalTextRun SCXW172525812 BCX0\"> de son design, <\/span><span class=\"NormalTextRun SpellingErrorV2 SCXW172525812 BCX0\">l&#8217;assise<\/span> <span class=\"NormalTextRun SpellingErrorV2 SCXW172525812 BCX0\">devient<\/span><span class=\"NormalTextRun SCXW172525812 BCX0\"> un mix entre tradition et <\/span><span class=\"NormalTextRun SpellingErrorV2 SCXW172525812 BCX0\">modernit\u00e9<\/span><span class=\"NormalTextRun SCXW172525812 BCX0\"> avec un <\/span><span class=\"NormalTextRun SpellingErrorV2 SCXW172525812 BCX0\">rembourrage<\/span> <span class=\"NormalTextRun SpellingErrorV2 SCXW172525812 BCX0\">en<\/span><span class=\"NormalTextRun SCXW172525812 BCX0\"> plume <\/span><span class=\"NormalTextRun SpellingErrorV2 SCXW172525812 BCX0\">reposant<\/span><span class=\"NormalTextRun SCXW172525812 BCX0\"> sur <\/span><span class=\"NormalTextRun SpellingErrorV2 SCXW172525812 BCX0\">une<\/span><span class=\"NormalTextRun SCXW172525812 BCX0\"> mousse \u00e0 <\/span><span class=\"NormalTextRun SpellingErrorV2 SCXW172525812 BCX0\">m\u00e9moire<\/span><span class=\"NormalTextRun SCXW172525812 BCX0\"> de <\/span><span class=\"NormalTextRun SpellingErrorV2 SCXW172525812 BCX0\">forme<\/span><span class=\"NormalTextRun SCXW172525812 BCX0\">.<\/span><\/span><span class=\"EOP SCXW172525812 BCX0\" data-ccp-props=\"{&quot;201341983&quot;:0,&quot;335559740&quot;:259}\">\u00a0<\/span><\/p>\n","protected":false},"excerpt":{"rendered":"<p>Fauteuil photographi\u00e9 ici en tissu Dedar Xylophone, couleur blanc polaire<br \/>\n<span style=\"text-decoration: underline;\"><a href=\"https:\/\/theinvisiblecollection.com\/wp-content\/uploads\/2022\/03\/TheInvisibleCollection_MaisonLeleu_FabricSelection_Olivia2.pdf\" target=\"_blank\" rel=\"noopener\">D\u00e9couvrez la s\u00e9lection de tissus ici<\/a><\/span><br \/>\nPi\u00e8tement en merisier avec finition glossy, teinte 3<br \/>\n<span style=\"text-decoration: underline;\"><a href=\"https:\/\/theinvisiblecollection.com\/wp-content\/uploads\/2022\/03\/TheInvisibleCollection_Maison_Leleu_Wood_selection.pdf\" target=\"_blank\" rel=\"noopener\">D\u00e9couvrez la s\u00e9lection de bois ici<\/a><\/span><br \/>\nSabots en bronze dor\u00e9, \u00e9galement disponible en bronze nickel\u00e9<br \/>\nTissus, dimensions et finitions sur-mesure sur demande<\/p>\n<p>L 75 x P 70 x H 81 cm<br \/>\nHauteur d&#8217;assise : 40 cm<br \/>\nTissu requis : 6 m<\/p>\n<p>Fabriqu\u00e9 \u00e0 la main en France<br \/>\nD\u00e9lais de fabrication : 20 semaines<\/p>\n<p class=\"p2\"><span style=\"text-decoration: underline;\"><span class=\"s1\"><a href=\"https:\/\/www.theinvisiblecollection.com\/fr\/demande-de-devis\/?product_id=125522\" target=\"_blank\" rel=\"noopener\">Contactez-nous pour toute demande de devis ou de renseignements<\/a><\/span><\/span><\/p>\n","protected":false},"featured_media":5723254,"template":"","meta":{"_acf_changed":false,"content-type":"","_themeisle_gutenberg_block_has_review":false},"product_brand":[],"product_cat":[8945,12499],"product_tag":[31474,31477],"product_designer":[16596],"comfabric":[],"manufacturer":[37012],"reporting_designer":[37699],"samplecomfabric":[],"designer_clubroom":[],"class_list":{"0":"post-125558","1":"product","2":"type-product","3":"status-publish","4":"has-post-thumbnail","6":"product_cat-fauteuils","7":"product_cat-assises","8":"product_tag-co-white-fr","9":"product_tag-st-curvy-fr","10":"pa_fabric-dedar-karakorum-fr","11":"pa_fabric-en-blanc-sans-tissu-fr","12":"pa_fabric-lelievre-tissu-oree-couleur-platre","13":"pa_fabric-tissu-dedar-atlas-couleur-avorio","14":"pa_fabric-tissu-dedar-xylophone-couleur-001","15":"pa_fabric-tissu-holland-and-sherry-melissani-couleur-naturel","16":"pa_fabric-tissu-rogers-and-goffigon-fabric-cambon","17":"pa_fabric-tissu-textiles-chapas-rumi-couleur-caramel-mist","18":"product_designer-maison-leleu-fr","19":"manufacturer-maison-leleu-esi-louvres-fr","20":"reporting_designer-maison-leleu","21":"exhibitions-los-angeles-fr","23":"first","24":"instock","25":"taxable","26":"shipping-taxable","27":"purchasable","28":"product-type-variable"},"acf":[],"_links":{"self":[{"href":"https:\/\/theinvisiblecollection.com\/fr\/wp-json\/wp\/v2\/product\/125558","targetHints":{"allow":["GET"]}}],"collection":[{"href":"https:\/\/theinvisiblecollection.com\/fr\/wp-json\/wp\/v2\/product"}],"about":[{"href":"https:\/\/theinvisiblecollection.com\/fr\/wp-json\/wp\/v2\/types\/product"}],"wp:featuredmedia":[{"embeddable":true,"href":"https:\/\/theinvisiblecollection.com\/fr\/wp-json\/wp\/v2\/media\/5723254"}],"wp:attachment":[{"href":"https:\/\/theinvisiblecollection.com\/fr\/wp-json\/wp\/v2\/media?parent=125558"}],"wp:term":[{"taxonomy":"product_brand","embeddable":true,"href":"https:\/\/theinvisiblecollection.com\/fr\/wp-json\/wp\/v2\/product_brand?post=125558"},{"taxonomy":"product_cat","embeddable":true,"href":"https:\/\/theinvisiblecollection.com\/fr\/wp-json\/wp\/v2\/product_cat?post=125558"},{"taxonomy":"product_tag","embeddable":true,"href":"https:\/\/theinvisiblecollection.com\/fr\/wp-json\/wp\/v2\/product_tag?post=125558"},{"taxonomy":"product_designer","embeddable":true,"href":"https:\/\/theinvisiblecollection.com\/fr\/wp-json\/wp\/v2\/product_designer?post=125558"},{"taxonomy":"comfabric","embeddable":true,"href":"https:\/\/theinvisiblecollection.com\/fr\/wp-json\/wp\/v2\/comfabric?post=125558"},{"taxonomy":"manufacturer","embeddable":true,"href":"https:\/\/theinvisiblecollection.com\/fr\/wp-json\/wp\/v2\/manufacturer?post=125558"},{"taxonomy":"reporting_designer","embeddable":true,"href":"https:\/\/theinvisiblecollection.com\/fr\/wp-json\/wp\/v2\/reporting_designer?post=125558"},{"taxonomy":"samplecomfabric","embeddable":true,"href":"https:\/\/theinvisiblecollection.com\/fr\/wp-json\/wp\/v2\/samplecomfabric?post=125558"},{"taxonomy":"clubroom_product_designer","embeddable":true,"href":"https:\/\/theinvisiblecollection.com\/fr\/wp-json\/wp\/v2\/designer_clubroom?post=125558"}],"curies":[{"name":"wp","href":"https:\/\/api.w.org\/{rel}","templated":true}]}}