{"id":1258338,"date":"2022-12-01T17:05:42","date_gmt":"2022-12-01T16:05:42","guid":{"rendered":"https:\/\/theinvisiblecollection.com\/?post_type=product&#038;p=1258338"},"modified":"2026-05-08T04:39:40","modified_gmt":"2026-05-08T04:39:40","slug":"laura-gonzalez-chaise-mawu-new-york","status":"publish","type":"product","link":"https:\/\/theinvisiblecollection.com\/fr\/produit\/laura-gonzalez-chaise-mawu-new-york\/","title":{"rendered":"Chaise Mawu New York Verte"},"content":{"rendered":"<p style=\"text-align: justify;\">La chaise Mawu New York est une \u00e9dition sp\u00e9ciale con\u00e7ue par Laura Gonzalez x Lesage Int\u00e9rieurs pour Invisible Collection. Chaque chaise est brod\u00e9e par les artisans de Lesage Int\u00e9rieurs selon le motif Grotto, compos\u00e9 de tubes or antique exclusifs, des fils de chenille et de canetille, des perles de m\u00e9tal couleur bronze et des \u00e9l\u00e9ments dor\u00e9s. \u201cAvec du vert duveteux comme la mousse au pied des arbres, de l\u2019or et du bronze comme les \u00e9clats de lumi\u00e8re au travers des feuillages, la broderie \u00ab Grotto \u00bb cr\u00e9\u00e9e pour Mawu interpr\u00e8te le raffinement d\u2019une nature f\u00e9\u00e9rique.\u201d \u2013 Jean Francois Lesage<\/p>\n","protected":false},"excerpt":{"rendered":"<p>\u00c9dition sp\u00e9ciale Laura Gonzalez x Lesage Int\u00e9rieurs pour Invisible Collection<br \/>\nChaise photographi\u00e9e ici en tissu Pierre Frey Opio, couleur erba<br \/>\n<a href=\"https:\/\/theinvisiblecollection.com\/wp-content\/uploads\/2022\/12\/InvisibleCollection_MawuChairNY_Laura-Gonzalez_FabricSelectiont.pdf\" target=\"_blank\" rel=\"noopener\"><span style=\"text-decoration: underline;\">D\u00e9couvrez la s\u00e9lection de tissus ici<\/span><\/a><br \/>\nPieds \u00e9vas\u00e9s en bois de ch\u00eane dor\u00e9 et finition satin\u00e9e<br \/>\nChaque chaise est brod\u00e9e par les artisans de Lesage Int\u00e9rieurs avec la broderie &#8220;Grotto&#8221;<br \/>\nHuit motifs de broderie disponibles pour cr\u00e9er un paysage continu<br \/>\n<a href=\"https:\/\/theinvisiblecollection.com\/wp-content\/uploads\/2022\/12\/InvisibleCollection_MawuChairNY_Laura-Gonzalez_LesageInterieurs_SpecSheet.pdf\" target=\"_blank\" rel=\"noopener\"><span style=\"text-decoration: underline;\">D\u00e9couvrez les motifs de broderie et les techniques ici<\/span><\/a><br \/>\nTissus et broderies sur-mesure sur demande<\/p>\n<p>L 45 x l 52 x H 90 cm<br \/>\nHauteur d&#8217;assise : 47 cm<br \/>\nProfondeur d&#8217;assise : 44 cm<br \/>\nTissu requis : 1.5 m<\/p>\n<p>Fabriqu\u00e9e \u00e0 la main en France<br \/>\nD\u00e9lais de fabrication : 12 &#8211; 14 semaines<\/p>\n<p><span style=\"text-decoration: underline;\"><a href=\"https:\/\/www.theinvisiblecollection.com\/fr\/demande-de-devis\/?product_id=1258338\" target=\"_blank\" rel=\"noopener noreferrer\">Contactez-nous pour toute demande de devis ou de renseignements<\/a><\/span><\/p>\n","protected":false},"featured_media":1258493,"template":"","meta":{"_acf_changed":false,"content-type":"","_themeisle_gutenberg_block_has_review":false},"product_brand":[],"product_cat":[8962,12499],"product_tag":[31477],"product_designer":[10956,21702],"comfabric":[29426],"manufacturer":[16912],"reporting_designer":[37573],"samplecomfabric":[31100],"designer_clubroom":[],"class_list":{"0":"post-1258338","1":"product","2":"type-product","3":"status-publish","4":"has-post-thumbnail","6":"product_cat-chaises","7":"product_cat-assises","8":"product_tag-st-curvy-fr","9":"product_designer-laura-gonzalez-fr","10":"product_designer-lesage-intrieurs-fr","11":"comfabric-laura-gonzalez-fr","12":"manufacturer-premier-logistics-art-interiors-fr","13":"reporting_designer-laura-gonzalez","14":"samplecomfabric-laura-gonzalez-fr","15":"exhibitions-new-york-fr","17":"first","18":"instock","19":"taxable","20":"shipping-taxable","21":"purchasable","22":"product-type-variable"},"acf":[],"_links":{"self":[{"href":"https:\/\/theinvisiblecollection.com\/fr\/wp-json\/wp\/v2\/product\/1258338","targetHints":{"allow":["GET"]}}],"collection":[{"href":"https:\/\/theinvisiblecollection.com\/fr\/wp-json\/wp\/v2\/product"}],"about":[{"href":"https:\/\/theinvisiblecollection.com\/fr\/wp-json\/wp\/v2\/types\/product"}],"wp:featuredmedia":[{"embeddable":true,"href":"https:\/\/theinvisiblecollection.com\/fr\/wp-json\/wp\/v2\/media\/1258493"}],"wp:attachment":[{"href":"https:\/\/theinvisiblecollection.com\/fr\/wp-json\/wp\/v2\/media?parent=1258338"}],"wp:term":[{"taxonomy":"product_brand","embeddable":true,"href":"https:\/\/theinvisiblecollection.com\/fr\/wp-json\/wp\/v2\/product_brand?post=1258338"},{"taxonomy":"product_cat","embeddable":true,"href":"https:\/\/theinvisiblecollection.com\/fr\/wp-json\/wp\/v2\/product_cat?post=1258338"},{"taxonomy":"product_tag","embeddable":true,"href":"https:\/\/theinvisiblecollection.com\/fr\/wp-json\/wp\/v2\/product_tag?post=1258338"},{"taxonomy":"product_designer","embeddable":true,"href":"https:\/\/theinvisiblecollection.com\/fr\/wp-json\/wp\/v2\/product_designer?post=1258338"},{"taxonomy":"comfabric","embeddable":true,"href":"https:\/\/theinvisiblecollection.com\/fr\/wp-json\/wp\/v2\/comfabric?post=1258338"},{"taxonomy":"manufacturer","embeddable":true,"href":"https:\/\/theinvisiblecollection.com\/fr\/wp-json\/wp\/v2\/manufacturer?post=1258338"},{"taxonomy":"reporting_designer","embeddable":true,"href":"https:\/\/theinvisiblecollection.com\/fr\/wp-json\/wp\/v2\/reporting_designer?post=1258338"},{"taxonomy":"samplecomfabric","embeddable":true,"href":"https:\/\/theinvisiblecollection.com\/fr\/wp-json\/wp\/v2\/samplecomfabric?post=1258338"},{"taxonomy":"clubroom_product_designer","embeddable":true,"href":"https:\/\/theinvisiblecollection.com\/fr\/wp-json\/wp\/v2\/designer_clubroom?post=1258338"}],"curies":[{"name":"wp","href":"https:\/\/api.w.org\/{rel}","templated":true}]}}