{"id":125835,"date":"2022-04-04T11:09:50","date_gmt":"2022-04-04T10:09:50","guid":{"rendered":"https:\/\/theinvisiblecollection.com\/?post_type=product&#038;p=125835"},"modified":"2026-05-01T07:38:57","modified_gmt":"2026-05-01T07:38:57","slug":"maison-leleu-buffet-albertine","status":"publish","type":"product","link":"https:\/\/theinvisiblecollection.com\/fr\/produit\/maison-leleu-buffet-albertine\/","title":{"rendered":"Buffet Albertine"},"content":{"rendered":"<p style=\"text-align: justify;\"><span class=\"TextRun SCXW99173036 BCX0\" lang=\"EN-GB\" xml:lang=\"EN-GB\" data-contrast=\"auto\"><span class=\"NormalTextRun SCXW99173036 BCX0\">Ce buffet a <\/span><span class=\"NormalTextRun SpellingErrorV2 SCXW99173036 BCX0\">\u00e9t\u00e9<\/span> <span class=\"NormalTextRun SpellingErrorV2 SCXW99173036 BCX0\">r\u00e9alis\u00e9<\/span><span class=\"NormalTextRun SCXW99173036 BCX0\"> \u00e0 <\/span><span class=\"NormalTextRun SpellingErrorV2 SCXW99173036 BCX0\">partir<\/span> <span class=\"NormalTextRun SpellingErrorV2 SCXW99173036 BCX0\">d&#8217;une<\/span><span class=\"NormalTextRun SCXW99173036 BCX0\"> vitrine <\/span><span class=\"NormalTextRun SpellingErrorV2 SCXW99173036 BCX0\">dessin\u00e9e<\/span><span class=\"NormalTextRun SCXW99173036 BCX0\"> par Jean Leleu pour <\/span><span class=\"NormalTextRun SpellingErrorV2 SCXW99173036 BCX0\">\u00eatre<\/span> <span class=\"NormalTextRun SpellingErrorV2 SCXW99173036 BCX0\">d\u00e9clin\u00e9e<\/span><span class=\"NormalTextRun SCXW99173036 BCX0\"> dans <\/span><span class=\"NormalTextRun SpellingErrorV2 SCXW99173036 BCX0\">une<\/span><span class=\"NormalTextRun SCXW99173036 BCX0\"> version \u00ab\u00a0petit buffet\u00a0\u00bb. Pour plus de <\/span><span class=\"NormalTextRun SpellingErrorV2 SCXW99173036 BCX0\">l\u00e9g\u00e8ret\u00e9<\/span><span class=\"NormalTextRun SCXW99173036 BCX0\">, les <\/span><span class=\"NormalTextRun SpellingErrorV2 SCXW99173036 BCX0\">pieds<\/span> <span class=\"NormalTextRun SpellingErrorV2 SCXW99173036 BCX0\">en<\/span><span class=\"NormalTextRun SCXW99173036 BCX0\"> fer <\/span><span class=\"NormalTextRun SpellingErrorV2 SCXW99173036 BCX0\">forg\u00e9<\/span><span class=\"NormalTextRun SCXW99173036 BCX0\"> tr\u00e8s fins <\/span><span class=\"NormalTextRun SpellingErrorV2 SCXW99173036 BCX0\">ont<\/span> <span class=\"NormalTextRun SpellingErrorV2 SCXW99173036 BCX0\">\u00e9t\u00e9<\/span> <span class=\"NormalTextRun SpellingErrorV2 SCXW99173036 BCX0\">soulign\u00e9s<\/span><span class=\"NormalTextRun SCXW99173036 BCX0\"> des filets <\/span><span class=\"NormalTextRun SpellingErrorV2 SCXW99173036 BCX0\">en<\/span> <span class=\"NormalTextRun SpellingErrorV2 SCXW99173036 BCX0\">laiton<\/span><span class=\"NormalTextRun SCXW99173036 BCX0\">. <\/span><span class=\"NormalTextRun SpellingErrorV2 SCXW99173036 BCX0\">\u00c9l\u00e9gante<\/span><span class=\"NormalTextRun SCXW99173036 BCX0\"> et <\/span><span class=\"NormalTextRun SpellingErrorV2 SCXW99173036 BCX0\">raffin\u00e9e<\/span><span class=\"NormalTextRun SCXW99173036 BCX0\">, <\/span><span class=\"NormalTextRun SpellingErrorV2 SCXW99173036 BCX0\">cette<\/span><span class=\"NormalTextRun SCXW99173036 BCX0\"> pi\u00e8ce <\/span><span class=\"NormalTextRun SpellingErrorV2 SCXW99173036 BCX0\">s\u00e9duira<\/span><span class=\"NormalTextRun SCXW99173036 BCX0\"> les clients les plus <\/span><span class=\"NormalTextRun SpellingErrorV2 SCXW99173036 BCX0\">exigeants<\/span><span class=\"NormalTextRun SCXW99173036 BCX0\">.\u00a0<\/span><\/span><span class=\"EOP SCXW99173036 BCX0\" data-ccp-props=\"{&quot;201341983&quot;:0,&quot;335559740&quot;:259}\">\u00a0<\/span><\/p>\n","protected":false},"excerpt":{"rendered":"<p>Buffet en laque photographi\u00e9 ici vert fonc\u00e9<br \/>\n\u00c9galement disponible en laque noire<br \/>\nD\u00e9tails en laiton<br \/>\nPi\u00e8tement en fer forg\u00e9<br \/>\nDimensions et finitions sur-mesure sur demande<\/p>\n<p>L 130 x l 53 x H 90 cm<\/p>\n<p class=\"p1\">Fabriqu\u00e9 \u00e0 la main en France<br \/>\nD\u00e9lais de fabrication : 20 semaines<\/p>\n<p class=\"p2\"><span style=\"text-decoration: underline;\"><span class=\"s1\"><a href=\"https:\/\/www.theinvisiblecollection.com\/fr\/demande-de-devis\/?product_id=125835\" target=\"_blank\" rel=\"noopener\">Contactez-nous pour toute demande de devis ou de renseignements<\/a><\/span><\/span><\/p>\n","protected":false},"featured_media":132394,"template":"","meta":{"_acf_changed":false,"content-type":"","_themeisle_gutenberg_block_has_review":false},"product_brand":[],"product_cat":[8957,12505],"product_tag":[],"product_designer":[16596],"comfabric":[],"manufacturer":[37012],"reporting_designer":[37699],"samplecomfabric":[],"designer_clubroom":[],"class_list":{"0":"post-125835","1":"product","2":"type-product","3":"status-publish","4":"has-post-thumbnail","6":"product_cat-commodes","7":"product_cat-rangements","8":"pa_lacquer-noir","9":"pa_lacquer-vert-fonce","10":"product_designer-maison-leleu-fr","11":"manufacturer-maison-leleu-esi-louvres-fr","12":"reporting_designer-maison-leleu","14":"first","15":"instock","16":"taxable","17":"shipping-taxable","18":"purchasable","19":"product-type-variable"},"acf":[],"_links":{"self":[{"href":"https:\/\/theinvisiblecollection.com\/fr\/wp-json\/wp\/v2\/product\/125835","targetHints":{"allow":["GET"]}}],"collection":[{"href":"https:\/\/theinvisiblecollection.com\/fr\/wp-json\/wp\/v2\/product"}],"about":[{"href":"https:\/\/theinvisiblecollection.com\/fr\/wp-json\/wp\/v2\/types\/product"}],"wp:featuredmedia":[{"embeddable":true,"href":"https:\/\/theinvisiblecollection.com\/fr\/wp-json\/wp\/v2\/media\/132394"}],"wp:attachment":[{"href":"https:\/\/theinvisiblecollection.com\/fr\/wp-json\/wp\/v2\/media?parent=125835"}],"wp:term":[{"taxonomy":"product_brand","embeddable":true,"href":"https:\/\/theinvisiblecollection.com\/fr\/wp-json\/wp\/v2\/product_brand?post=125835"},{"taxonomy":"product_cat","embeddable":true,"href":"https:\/\/theinvisiblecollection.com\/fr\/wp-json\/wp\/v2\/product_cat?post=125835"},{"taxonomy":"product_tag","embeddable":true,"href":"https:\/\/theinvisiblecollection.com\/fr\/wp-json\/wp\/v2\/product_tag?post=125835"},{"taxonomy":"product_designer","embeddable":true,"href":"https:\/\/theinvisiblecollection.com\/fr\/wp-json\/wp\/v2\/product_designer?post=125835"},{"taxonomy":"comfabric","embeddable":true,"href":"https:\/\/theinvisiblecollection.com\/fr\/wp-json\/wp\/v2\/comfabric?post=125835"},{"taxonomy":"manufacturer","embeddable":true,"href":"https:\/\/theinvisiblecollection.com\/fr\/wp-json\/wp\/v2\/manufacturer?post=125835"},{"taxonomy":"reporting_designer","embeddable":true,"href":"https:\/\/theinvisiblecollection.com\/fr\/wp-json\/wp\/v2\/reporting_designer?post=125835"},{"taxonomy":"samplecomfabric","embeddable":true,"href":"https:\/\/theinvisiblecollection.com\/fr\/wp-json\/wp\/v2\/samplecomfabric?post=125835"},{"taxonomy":"clubroom_product_designer","embeddable":true,"href":"https:\/\/theinvisiblecollection.com\/fr\/wp-json\/wp\/v2\/designer_clubroom?post=125835"}],"curies":[{"name":"wp","href":"https:\/\/api.w.org\/{rel}","templated":true}]}}