{"id":125843,"date":"2022-04-04T11:18:39","date_gmt":"2022-04-04T10:18:39","guid":{"rendered":"https:\/\/theinvisiblecollection.com\/?post_type=product&#038;p=125843"},"modified":"2026-05-01T07:38:57","modified_gmt":"2026-05-01T07:38:57","slug":"maison-leleu-buffet-narval","status":"publish","type":"product","link":"https:\/\/theinvisiblecollection.com\/fr\/produit\/maison-leleu-buffet-narval\/","title":{"rendered":"Buffet Narval"},"content":{"rendered":"<p style=\"text-align: justify;\"><span class=\"TextRun SCXW169597833 BCX0\" lang=\"EN-GB\" xml:lang=\"EN-GB\" data-contrast=\"auto\"><span class=\"NormalTextRun SCXW169597833 BCX0\">Cette enfilade a <\/span><span class=\"NormalTextRun SpellingErrorV2 SCXW169597833 BCX0\">\u00e9t\u00e9<\/span> <span class=\"NormalTextRun SpellingErrorV2 SCXW169597833 BCX0\">redessin\u00e9e<\/span><span class=\"NormalTextRun SCXW169597833 BCX0\"> \u00e0 <\/span><span class=\"NormalTextRun SpellingErrorV2 SCXW169597833 BCX0\">partir<\/span> <span class=\"NormalTextRun SpellingErrorV2 SCXW169597833 BCX0\">d&#8217;une<\/span><span class=\"NormalTextRun SCXW169597833 BCX0\"> photo <\/span><span class=\"NormalTextRun SpellingErrorV2 SCXW169597833 BCX0\">d&#8217;archives<\/span><span class=\"NormalTextRun SCXW169597833 BCX0\"> de la Maison Leleu. <\/span><span class=\"NormalTextRun SpellingErrorV2 SCXW169597833 BCX0\">Initialement<\/span> <span class=\"NormalTextRun SpellingErrorV2 SCXW169597833 BCX0\">r\u00e9alis\u00e9e<\/span> <span class=\"NormalTextRun SpellingErrorV2 SCXW169597833 BCX0\">en<\/span><span class=\"NormalTextRun SCXW169597833 BCX0\"> loupe <\/span><span class=\"NormalTextRun SpellingErrorV2 SCXW169597833 BCX0\">d&#8217;Amboine<\/span><span class=\"NormalTextRun SCXW169597833 BCX0\">, <\/span><span class=\"NormalTextRun SpellingErrorV2 SCXW169597833 BCX0\">elle<\/span> <span class=\"NormalTextRun SpellingErrorV2 SCXW169597833 BCX0\">est<\/span> <span class=\"NormalTextRun SpellingErrorV2 SCXW169597833 BCX0\">d\u00e9sormais<\/span> <span class=\"NormalTextRun SpellingErrorV2 SCXW169597833 BCX0\">propos\u00e9e<\/span> <span class=\"NormalTextRun SpellingErrorV2 SCXW169597833 BCX0\">en<\/span> <span class=\"NormalTextRun SpellingErrorV2 SCXW169597833 BCX0\">marqueterie<\/span><span class=\"NormalTextRun SCXW169597833 BCX0\"> de <\/span><span class=\"NormalTextRun SpellingErrorV2 SCXW169597833 BCX0\">paille<\/span><span class=\"NormalTextRun SCXW169597833 BCX0\">.<\/span><\/span> <span class=\"TextRun SCXW169597833 BCX0\" lang=\"EN-GB\" xml:lang=\"EN-GB\" data-contrast=\"auto\"><span class=\"NormalTextRun SCXW169597833 BCX0\">A <\/span><span class=\"NormalTextRun SpellingErrorV2 SCXW169597833 BCX0\">l&#8217;image<\/span><span class=\"NormalTextRun SCXW169597833 BCX0\"> de <\/span><span class=\"NormalTextRun SpellingErrorV2 SCXW169597833 BCX0\">l&#8217;ensemble<\/span><span class=\"NormalTextRun SCXW169597833 BCX0\"> des <\/span><span class=\"NormalTextRun SpellingErrorV2 SCXW169597833 BCX0\">cr\u00e9ations<\/span><span class=\"NormalTextRun SCXW169597833 BCX0\"> de la Maison Leleu, les archives <\/span><span class=\"NormalTextRun SpellingErrorV2 SCXW169597833 BCX0\">sont<\/span> <span class=\"NormalTextRun SpellingErrorV2 SCXW169597833 BCX0\">une<\/span><span class=\"NormalTextRun SCXW169597833 BCX0\"> source <\/span><span class=\"NormalTextRun SpellingErrorV2 SCXW169597833 BCX0\">in\u00e9puisable<\/span> <span class=\"NormalTextRun SpellingErrorV2 SCXW169597833 BCX0\">d\u2019inspiration<\/span><span class=\"NormalTextRun SCXW169597833 BCX0\">. Les <\/span><span class=\"NormalTextRun SpellingErrorV2 SCXW169597833 BCX0\">\u00e9l\u00e9ments<\/span> <span class=\"NormalTextRun SpellingErrorV2 SCXW169597833 BCX0\">sont<\/span> <span class=\"NormalTextRun SpellingErrorV2 SCXW169597833 BCX0\">ainsi<\/span><span class=\"NormalTextRun SCXW169597833 BCX0\"> extraits des archives, <\/span><span class=\"NormalTextRun SpellingErrorV2 SCXW169597833 BCX0\">r\u00e9interpr\u00e9t\u00e9s<\/span><span class=\"NormalTextRun SCXW169597833 BCX0\"> et <\/span><span class=\"NormalTextRun SpellingErrorV2 SCXW169597833 BCX0\">repens\u00e9s<\/span><span class=\"NormalTextRun SCXW169597833 BCX0\"> avec de nouveaux <\/span><span class=\"NormalTextRun SpellingErrorV2 SCXW169597833 BCX0\">mat\u00e9riaux<\/span><span class=\"NormalTextRun SCXW169597833 BCX0\"> et de <\/span><span class=\"NormalTextRun SpellingErrorV2 SCXW169597833 BCX0\">nouvelles<\/span><span class=\"NormalTextRun SCXW169597833 BCX0\"> techniques que Leleu <\/span><span class=\"NormalTextRun SpellingErrorV2 SCXW169597833 BCX0\">n&#8217;utilisait<\/span><span class=\"NormalTextRun SCXW169597833 BCX0\"> pas \u00e0 <\/span><span class=\"NormalTextRun SpellingErrorV2 SCXW169597833 BCX0\">l&#8217;\u00e9poque<\/span><span class=\"NormalTextRun SCXW169597833 BCX0\">&#8230;<\/span><\/span> <span class=\"TextRun SCXW169597833 BCX0\" lang=\"EN-GB\" xml:lang=\"EN-GB\" data-contrast=\"auto\"><span class=\"NormalTextRun SCXW169597833 BCX0\">Le motif de <\/span><span class=\"NormalTextRun SpellingErrorV2 SCXW169597833 BCX0\">marqueterie<\/span><span class=\"NormalTextRun SCXW169597833 BCX0\"> de <\/span><span class=\"NormalTextRun SpellingErrorV2 SCXW169597833 BCX0\">paille<\/span> <span class=\"NormalTextRun SpellingErrorV2 SCXW169597833 BCX0\">provient<\/span><span class=\"NormalTextRun SCXW169597833 BCX0\"> par <\/span><span class=\"NormalTextRun SpellingErrorV2 SCXW169597833 BCX0\">exemple<\/span><span class=\"NormalTextRun SCXW169597833 BCX0\">\u00a0d&#8217;un motif que Leleu <\/span><span class=\"NormalTextRun SpellingErrorV2 SCXW169597833 BCX0\">utilisait<\/span><span class=\"NormalTextRun SCXW169597833 BCX0\"> d\u00e9j\u00e0 pour les <\/span><span class=\"NormalTextRun SpellingErrorV2 SCXW169597833 BCX0\">frisages<\/span><span class=\"NormalTextRun SCXW169597833 BCX0\"> de <\/span><span class=\"NormalTextRun SpellingErrorV2 SCXW169597833 BCX0\">bois<\/span><span class=\"NormalTextRun SCXW169597833 BCX0\">.<\/span><\/span><span class=\"EOP SCXW169597833 BCX0\" data-ccp-props=\"{&quot;201341983&quot;:0,&quot;335559740&quot;:259}\">\u00a0<\/span><\/p>\n","protected":false},"excerpt":{"rendered":"<p>\u00c9dition limit\u00e9e de 8 pi\u00e8ces sign\u00e9es et num\u00e9rot\u00e9es<br \/>\nEnfilade en marqueterie de paille<br \/>\nJonc en bronze<br \/>\nInt\u00e9rieur modulable plaqu\u00e9 en bois d&#8217;essence fine<br \/>\nDimensions et finitions sur-mesure sur demande<\/p>\n<p>L 230 x P 50 x H 83 cm<\/p>\n<p class=\"p1\">Fabriqu\u00e9e \u00e0 la main en France<br \/>\nD\u00e9lais de fabrication : 20 semaines<\/p>\n<p class=\"p2\"><span style=\"text-decoration: underline;\"><span class=\"s1\"><a href=\"https:\/\/www.theinvisiblecollection.com\/fr\/demande-de-devis\/?product_id=125843\" target=\"_blank\" rel=\"noopener\">Contactez-nous pour toute demande de devis ou de renseignements<\/a><\/span><\/span><\/p>\n","protected":false},"featured_media":125892,"template":"","meta":{"_acf_changed":false,"content-type":"","_themeisle_gutenberg_block_has_review":false},"product_brand":[],"product_cat":[8957,12505,12526],"product_tag":[31474,31476,31477,33319],"product_designer":[16596],"comfabric":[],"manufacturer":[37012],"reporting_designer":[37699],"samplecomfabric":[],"designer_clubroom":[],"class_list":{"0":"post-125843","1":"product","2":"type-product","3":"status-publish","4":"has-post-thumbnail","6":"product_cat-commodes","7":"product_cat-rangements","8":"product_cat-bars-et-cabinets","9":"product_tag-co-white-fr","10":"product_tag-st-collectible-fr","11":"product_tag-st-curvy-fr","12":"product_tag-edition-limitee","13":"product_designer-maison-leleu-fr","14":"manufacturer-maison-leleu-esi-louvres-fr","15":"reporting_designer-maison-leleu","17":"first","18":"instock","19":"taxable","20":"shipping-taxable","21":"purchasable","22":"product-type-simple"},"acf":[],"_links":{"self":[{"href":"https:\/\/theinvisiblecollection.com\/fr\/wp-json\/wp\/v2\/product\/125843","targetHints":{"allow":["GET"]}}],"collection":[{"href":"https:\/\/theinvisiblecollection.com\/fr\/wp-json\/wp\/v2\/product"}],"about":[{"href":"https:\/\/theinvisiblecollection.com\/fr\/wp-json\/wp\/v2\/types\/product"}],"wp:featuredmedia":[{"embeddable":true,"href":"https:\/\/theinvisiblecollection.com\/fr\/wp-json\/wp\/v2\/media\/125892"}],"wp:attachment":[{"href":"https:\/\/theinvisiblecollection.com\/fr\/wp-json\/wp\/v2\/media?parent=125843"}],"wp:term":[{"taxonomy":"product_brand","embeddable":true,"href":"https:\/\/theinvisiblecollection.com\/fr\/wp-json\/wp\/v2\/product_brand?post=125843"},{"taxonomy":"product_cat","embeddable":true,"href":"https:\/\/theinvisiblecollection.com\/fr\/wp-json\/wp\/v2\/product_cat?post=125843"},{"taxonomy":"product_tag","embeddable":true,"href":"https:\/\/theinvisiblecollection.com\/fr\/wp-json\/wp\/v2\/product_tag?post=125843"},{"taxonomy":"product_designer","embeddable":true,"href":"https:\/\/theinvisiblecollection.com\/fr\/wp-json\/wp\/v2\/product_designer?post=125843"},{"taxonomy":"comfabric","embeddable":true,"href":"https:\/\/theinvisiblecollection.com\/fr\/wp-json\/wp\/v2\/comfabric?post=125843"},{"taxonomy":"manufacturer","embeddable":true,"href":"https:\/\/theinvisiblecollection.com\/fr\/wp-json\/wp\/v2\/manufacturer?post=125843"},{"taxonomy":"reporting_designer","embeddable":true,"href":"https:\/\/theinvisiblecollection.com\/fr\/wp-json\/wp\/v2\/reporting_designer?post=125843"},{"taxonomy":"samplecomfabric","embeddable":true,"href":"https:\/\/theinvisiblecollection.com\/fr\/wp-json\/wp\/v2\/samplecomfabric?post=125843"},{"taxonomy":"clubroom_product_designer","embeddable":true,"href":"https:\/\/theinvisiblecollection.com\/fr\/wp-json\/wp\/v2\/designer_clubroom?post=125843"}],"curies":[{"name":"wp","href":"https:\/\/api.w.org\/{rel}","templated":true}]}}