{"id":125902,"date":"2022-04-04T13:54:56","date_gmt":"2022-04-04T12:54:56","guid":{"rendered":"https:\/\/theinvisiblecollection.com\/?post_type=product&#038;p=125902"},"modified":"2026-05-01T07:38:57","modified_gmt":"2026-05-01T07:38:57","slug":"maison-leleu-table-basse-julie","status":"publish","type":"product","link":"https:\/\/theinvisiblecollection.com\/fr\/produit\/maison-leleu-table-basse-julie\/","title":{"rendered":"Table Basse Julie"},"content":{"rendered":"<p style=\"text-align: justify;\"><span data-contrast=\"auto\">Cette table est la d\u00e9clinaison d&#8217;une console issue des archives\u00a0: la console Peneloppe qui conserve le motif constitu\u00e9 de cercles et de sph\u00e8res pour r\u00e9aliser une table basse.\u00a0<\/span><span data-contrast=\"auto\">Charg\u00e9e de gr\u00e2ce et de myst\u00e8res, l\u2019illustration de la flore accompagne l&#8217;art depuis l&#8217;antiquit\u00e9. Organique et voluptueuse dans l&#8217;Art Nouveau, l&#8217;Art D\u00e9co marque un tournant. La flore est alors mise en sc\u00e8ne de fa\u00e7on plus g\u00e9om\u00e9trique et organis\u00e9e.\u00a0<\/span><\/p>\n","protected":false},"excerpt":{"rendered":"<p>Table basse avec plateau en laque rouge<br \/>\nStructure en bronze dor\u00e9 et canon de fusil<br \/>\nPi\u00e8tement en bronze<br \/>\nDimensions, finitions et mat\u00e9riaux du plateau sur-mesure sur demande<\/p>\n<p>L 140 x l 60 x H 45 cm<\/p>\n<p class=\"p1\">Fabriqu\u00e9e \u00e0 la main en France<br \/>\nD\u00e9lais de fabrication : 20 semaines<\/p>\n<p class=\"p2\"><span style=\"text-decoration: underline;\"><span class=\"s1\"><a href=\"https:\/\/www.theinvisiblecollection.com\/fr\/demande-de-devis\/?product_id=125902\" target=\"_blank\" rel=\"noopener\">Contactez-nous pour toute demande de devis ou de renseignements<\/a><\/span><\/span><\/p>\n","protected":false},"featured_media":5881702,"template":"","meta":{"_acf_changed":false,"content-type":"","_themeisle_gutenberg_block_has_review":false},"product_brand":[],"product_cat":[7509,12503],"product_tag":[31477],"product_designer":[16596],"comfabric":[],"manufacturer":[37012],"reporting_designer":[37699],"samplecomfabric":[],"designer_clubroom":[],"class_list":{"0":"post-125902","1":"product","2":"type-product","3":"status-publish","4":"has-post-thumbnail","6":"product_cat-tables-basses-dappoint","7":"product_cat-tables-fr","8":"product_tag-st-curvy-fr","9":"product_designer-maison-leleu-fr","10":"manufacturer-maison-leleu-esi-louvres-fr","11":"reporting_designer-maison-leleu","13":"first","14":"instock","15":"taxable","16":"shipping-taxable","17":"purchasable","18":"product-type-simple"},"acf":[],"_links":{"self":[{"href":"https:\/\/theinvisiblecollection.com\/fr\/wp-json\/wp\/v2\/product\/125902","targetHints":{"allow":["GET"]}}],"collection":[{"href":"https:\/\/theinvisiblecollection.com\/fr\/wp-json\/wp\/v2\/product"}],"about":[{"href":"https:\/\/theinvisiblecollection.com\/fr\/wp-json\/wp\/v2\/types\/product"}],"wp:featuredmedia":[{"embeddable":true,"href":"https:\/\/theinvisiblecollection.com\/fr\/wp-json\/wp\/v2\/media\/5881702"}],"wp:attachment":[{"href":"https:\/\/theinvisiblecollection.com\/fr\/wp-json\/wp\/v2\/media?parent=125902"}],"wp:term":[{"taxonomy":"product_brand","embeddable":true,"href":"https:\/\/theinvisiblecollection.com\/fr\/wp-json\/wp\/v2\/product_brand?post=125902"},{"taxonomy":"product_cat","embeddable":true,"href":"https:\/\/theinvisiblecollection.com\/fr\/wp-json\/wp\/v2\/product_cat?post=125902"},{"taxonomy":"product_tag","embeddable":true,"href":"https:\/\/theinvisiblecollection.com\/fr\/wp-json\/wp\/v2\/product_tag?post=125902"},{"taxonomy":"product_designer","embeddable":true,"href":"https:\/\/theinvisiblecollection.com\/fr\/wp-json\/wp\/v2\/product_designer?post=125902"},{"taxonomy":"comfabric","embeddable":true,"href":"https:\/\/theinvisiblecollection.com\/fr\/wp-json\/wp\/v2\/comfabric?post=125902"},{"taxonomy":"manufacturer","embeddable":true,"href":"https:\/\/theinvisiblecollection.com\/fr\/wp-json\/wp\/v2\/manufacturer?post=125902"},{"taxonomy":"reporting_designer","embeddable":true,"href":"https:\/\/theinvisiblecollection.com\/fr\/wp-json\/wp\/v2\/reporting_designer?post=125902"},{"taxonomy":"samplecomfabric","embeddable":true,"href":"https:\/\/theinvisiblecollection.com\/fr\/wp-json\/wp\/v2\/samplecomfabric?post=125902"},{"taxonomy":"clubroom_product_designer","embeddable":true,"href":"https:\/\/theinvisiblecollection.com\/fr\/wp-json\/wp\/v2\/designer_clubroom?post=125902"}],"curies":[{"name":"wp","href":"https:\/\/api.w.org\/{rel}","templated":true}]}}