{"id":1259320,"date":"2022-12-01T18:25:21","date_gmt":"2022-12-01T17:25:21","guid":{"rendered":"https:\/\/theinvisiblecollection.com\/?post_type=product&#038;p=1259320"},"modified":"2026-05-01T07:38:24","modified_gmt":"2026-05-01T07:38:24","slug":"laura-gonzalez-fauteuil-soho-ny","status":"publish","type":"product","link":"https:\/\/theinvisiblecollection.com\/fr\/produit\/laura-gonzalez-fauteuil-soho-ny\/","title":{"rendered":"Fauteuil Soho New York"},"content":{"rendered":"<p style=\"text-align: justify;\">Clin d\u2019\u0153il \u00e0 l&#8217;\u00e9l\u00e9gance des ann\u00e9es 60, le fauteuil Soho de Laura Gonzalez, tout en sensualit\u00e9 brouille les pistes entre r\u00e9tro et contemporain avec son dos ondul\u00e9 et un pied en inox polychrom\u00e9.<\/p>\n","protected":false},"excerpt":{"rendered":"<p>Fauteuil tapiss\u00e9 ici en tissu Pierre Frey Fadini Borghi, Rigato Mantova<br \/>\nBase en m\u00e9tal chrom\u00e9 poli miroir<\/p>\n<p>L 65 x l 65 x H 87<br \/>\nHauteur d&#8217;assise : 46.5 cm<br \/>\nProfondeur d&#8217;assise : 60 cm<br \/>\nTissu requis : 10 m<\/p>\n<p>Fabriqu\u00e9 \u00e0 la main en France<br \/>\nD\u00e9lais de fabrication : 14 semaines<\/p>\n<p><span style=\"text-decoration: underline;\"><a href=\"https:\/\/www.theinvisiblecollection.com\/fr\/demande-de-devis\/?product_id=1259320\" target=\"_blank\" rel=\"noopener\">Contactez-nous pour toute demande de devis ou de renseignement<\/a><\/span><\/p>\n<p>&nbsp;<\/p>\n","protected":false},"featured_media":1259354,"template":"","meta":{"_acf_changed":false,"content-type":"","_themeisle_gutenberg_block_has_review":false},"product_brand":[],"product_cat":[8945,12499],"product_tag":[22790],"product_designer":[10956],"comfabric":[],"manufacturer":[16912],"reporting_designer":[37573],"samplecomfabric":[],"designer_clubroom":[],"class_list":{"0":"post-1259320","1":"product","2":"type-product","3":"status-publish","4":"has-post-thumbnail","6":"product_cat-fauteuils","7":"product_cat-assises","8":"product_tag-disponible-immediatement","9":"pa_fabric-pierre-frey-fadini-borghi","10":"product_designer-laura-gonzalez-fr","11":"manufacturer-premier-logistics-art-interiors-fr","12":"reporting_designer-laura-gonzalez","13":"exhibitions-new-york-fr","15":"first","16":"instock","17":"taxable","18":"shipping-taxable","19":"purchasable","20":"product-type-simple"},"acf":[],"_links":{"self":[{"href":"https:\/\/theinvisiblecollection.com\/fr\/wp-json\/wp\/v2\/product\/1259320","targetHints":{"allow":["GET"]}}],"collection":[{"href":"https:\/\/theinvisiblecollection.com\/fr\/wp-json\/wp\/v2\/product"}],"about":[{"href":"https:\/\/theinvisiblecollection.com\/fr\/wp-json\/wp\/v2\/types\/product"}],"wp:featuredmedia":[{"embeddable":true,"href":"https:\/\/theinvisiblecollection.com\/fr\/wp-json\/wp\/v2\/media\/1259354"}],"wp:attachment":[{"href":"https:\/\/theinvisiblecollection.com\/fr\/wp-json\/wp\/v2\/media?parent=1259320"}],"wp:term":[{"taxonomy":"product_brand","embeddable":true,"href":"https:\/\/theinvisiblecollection.com\/fr\/wp-json\/wp\/v2\/product_brand?post=1259320"},{"taxonomy":"product_cat","embeddable":true,"href":"https:\/\/theinvisiblecollection.com\/fr\/wp-json\/wp\/v2\/product_cat?post=1259320"},{"taxonomy":"product_tag","embeddable":true,"href":"https:\/\/theinvisiblecollection.com\/fr\/wp-json\/wp\/v2\/product_tag?post=1259320"},{"taxonomy":"product_designer","embeddable":true,"href":"https:\/\/theinvisiblecollection.com\/fr\/wp-json\/wp\/v2\/product_designer?post=1259320"},{"taxonomy":"comfabric","embeddable":true,"href":"https:\/\/theinvisiblecollection.com\/fr\/wp-json\/wp\/v2\/comfabric?post=1259320"},{"taxonomy":"manufacturer","embeddable":true,"href":"https:\/\/theinvisiblecollection.com\/fr\/wp-json\/wp\/v2\/manufacturer?post=1259320"},{"taxonomy":"reporting_designer","embeddable":true,"href":"https:\/\/theinvisiblecollection.com\/fr\/wp-json\/wp\/v2\/reporting_designer?post=1259320"},{"taxonomy":"samplecomfabric","embeddable":true,"href":"https:\/\/theinvisiblecollection.com\/fr\/wp-json\/wp\/v2\/samplecomfabric?post=1259320"},{"taxonomy":"clubroom_product_designer","embeddable":true,"href":"https:\/\/theinvisiblecollection.com\/fr\/wp-json\/wp\/v2\/designer_clubroom?post=1259320"}],"curies":[{"name":"wp","href":"https:\/\/api.w.org\/{rel}","templated":true}]}}