{"id":125956,"date":"2022-04-04T14:47:32","date_gmt":"2022-04-04T13:47:32","guid":{"rendered":"https:\/\/theinvisiblecollection.com\/?post_type=product&#038;p=125956"},"modified":"2026-05-01T07:38:57","modified_gmt":"2026-05-01T07:38:57","slug":"maison-leleu-applique-bubble","status":"publish","type":"product","link":"https:\/\/theinvisiblecollection.com\/fr\/produit\/maison-leleu-applique-bubble\/","title":{"rendered":"Applique Bubble"},"content":{"rendered":"<p style=\"text-align: justify;\"><span class=\"TextRun MacChromeBold SCXW211133689 BCX0\" lang=\"EN-GB\" xml:lang=\"EN-GB\" data-contrast=\"auto\"><span class=\"NormalTextRun SpellingErrorV2 SpellingErrorHighlight SCXW211133689 BCX0\">C&#8217;est<\/span><span class=\"NormalTextRun SCXW211133689 BCX0\"> \u00e0 <\/span><span class=\"NormalTextRun SpellingErrorV2 SCXW211133689 BCX0\">partir<\/span><span class=\"NormalTextRun SCXW211133689 BCX0\"> de <\/span><span class=\"NormalTextRun SpellingErrorV2 SCXW211133689 BCX0\">ce<\/span><span class=\"NormalTextRun SCXW211133689 BCX0\"> lustre que Maison Leleu a trouv\u00e9 <\/span><span class=\"NormalTextRun SpellingErrorV2 SCXW211133689 BCX0\">l\u2019inspiration<\/span> <span class=\"NormalTextRun SpellingErrorV2 SCXW211133689 BCX0\">n\u00e9cessaire<\/span><span class=\"NormalTextRun SCXW211133689 BCX0\"> \u00e0 la <\/span><span class=\"NormalTextRun SpellingErrorV2 SCXW211133689 BCX0\">cr\u00e9ation<\/span><span class=\"NormalTextRun SCXW211133689 BCX0\"> de <\/span><span class=\"NormalTextRun SpellingErrorV2 SCXW211133689 BCX0\">l&#8217;applique<\/span><span class=\"NormalTextRun SCXW211133689 BCX0\"> &#8220;Bubble&#8221; pour <\/span><span class=\"NormalTextRun SpellingErrorV2 SCXW211133689 BCX0\">laquelle<\/span> <span class=\"NormalTextRun SpellingErrorV2 SCXW211133689 BCX0\">ont<\/span> <span class=\"NormalTextRun SpellingErrorV2 SCXW211133689 BCX0\">\u00e9t\u00e9<\/span> <span class=\"NormalTextRun SpellingErrorV2 SCXW211133689 BCX0\">conserv\u00e9s<\/span><span class=\"NormalTextRun SCXW211133689 BCX0\"> les <\/span><span class=\"NormalTextRun SpellingErrorV2 SCXW211133689 BCX0\">mat\u00e9riaux<\/span><span class=\"NormalTextRun SCXW211133689 BCX0\"> du lustre <\/span><span class=\"NormalTextRun ContextualSpellingAndGrammarErrorV2 SCXW211133689 BCX0\">original :<\/span> <span class=\"NormalTextRun SpellingErrorV2 SCXW211133689 BCX0\">verre<\/span><span class=\"NormalTextRun SCXW211133689 BCX0\">, <\/span><span class=\"NormalTextRun SpellingErrorV2 SCXW211133689 BCX0\">cordes<\/span><span class=\"NormalTextRun SCXW211133689 BCX0\"> et bronze. Le style de <\/span><span class=\"NormalTextRun SpellingErrorV2 SCXW211133689 BCX0\">cette<\/span><span class=\"NormalTextRun SCXW211133689 BCX0\"> applique <\/span><span class=\"NormalTextRun SpellingErrorV2 SCXW211133689 BCX0\">asym\u00e9trique<\/span> <\/span><span class=\"TextRun SCXW211133689 BCX0\" lang=\"EN-GB\" xml:lang=\"EN-GB\" data-contrast=\"auto\"><span class=\"NormalTextRun SpellingErrorV2 SCXW211133689 BCX0\">illustre<\/span> <span class=\"NormalTextRun SpellingErrorV2 SCXW211133689 BCX0\">merveilleusement<\/span><span class=\"NormalTextRun SCXW211133689 BCX0\"> la transition entre <\/span><span class=\"NormalTextRun SpellingErrorV2 SCXW211133689 BCX0\">l&#8217;Art<\/span> <span class=\"NormalTextRun SpellingErrorV2 SCXW211133689 BCX0\">D\u00e9co<\/span><span class=\"NormalTextRun SCXW211133689 BCX0\"> et <\/span><span class=\"NormalTextRun SpellingErrorV2 SCXW211133689 BCX0\">l&#8217;Art<\/span> <span class=\"NormalTextRun SpellingErrorV2 SCXW211133689 BCX0\">moderne<\/span><span class=\"NormalTextRun SCXW211133689 BCX0\">.<\/span><\/span><\/p>\n","protected":false},"excerpt":{"rendered":"<p>Applique compos\u00e9e de trois globes en verre souffl\u00e9 reli\u00e9s par un cable tress\u00e9<br \/>\nSocle en laiton brillant<br \/>\nAmpoule fournie, dimmable<br \/>\nAmpoules non fournies pour les \u00c9tats-Unis<br \/>\nDimensions et finitions sur-mesure sur demande<\/p>\n<p>L 77.5 x l 70 x H 90 cm<\/p>\n<p>Fabriqu\u00e9e \u00e0 la main en Italie<br \/>\nD\u00e9lais de fabrication : 20 semaines<\/p>\n<p><span style=\"text-decoration: underline;\"><a href=\"https:\/\/www.theinvisiblecollection.com\/fr\/demande-de-devis\/?product_id=125956\" target=\"_blank\" rel=\"noopener\">Contactez-nous pour toute demande de devis ou de renseignement<\/a><\/span><\/p>\n","protected":false},"featured_media":5881724,"template":"","meta":{"_acf_changed":false,"content-type":"","_themeisle_gutenberg_block_has_review":false},"product_brand":[],"product_cat":[12507,8975],"product_tag":[31477],"product_designer":[16596],"comfabric":[],"manufacturer":[37012],"reporting_designer":[37699],"samplecomfabric":[],"designer_clubroom":[],"class_list":{"0":"post-125956","1":"product","2":"type-product","3":"status-publish","4":"has-post-thumbnail","6":"product_cat-luminaires","7":"product_cat-appliques-murales","8":"product_tag-st-curvy-fr","9":"pa_size-large-fr-2","10":"pa_size-petit","11":"product_designer-maison-leleu-fr","12":"manufacturer-maison-leleu-esi-louvres-fr","13":"reporting_designer-maison-leleu","15":"first","16":"instock","17":"taxable","18":"shipping-taxable","19":"purchasable","20":"product-type-variable"},"acf":[],"_links":{"self":[{"href":"https:\/\/theinvisiblecollection.com\/fr\/wp-json\/wp\/v2\/product\/125956","targetHints":{"allow":["GET"]}}],"collection":[{"href":"https:\/\/theinvisiblecollection.com\/fr\/wp-json\/wp\/v2\/product"}],"about":[{"href":"https:\/\/theinvisiblecollection.com\/fr\/wp-json\/wp\/v2\/types\/product"}],"wp:featuredmedia":[{"embeddable":true,"href":"https:\/\/theinvisiblecollection.com\/fr\/wp-json\/wp\/v2\/media\/5881724"}],"wp:attachment":[{"href":"https:\/\/theinvisiblecollection.com\/fr\/wp-json\/wp\/v2\/media?parent=125956"}],"wp:term":[{"taxonomy":"product_brand","embeddable":true,"href":"https:\/\/theinvisiblecollection.com\/fr\/wp-json\/wp\/v2\/product_brand?post=125956"},{"taxonomy":"product_cat","embeddable":true,"href":"https:\/\/theinvisiblecollection.com\/fr\/wp-json\/wp\/v2\/product_cat?post=125956"},{"taxonomy":"product_tag","embeddable":true,"href":"https:\/\/theinvisiblecollection.com\/fr\/wp-json\/wp\/v2\/product_tag?post=125956"},{"taxonomy":"product_designer","embeddable":true,"href":"https:\/\/theinvisiblecollection.com\/fr\/wp-json\/wp\/v2\/product_designer?post=125956"},{"taxonomy":"comfabric","embeddable":true,"href":"https:\/\/theinvisiblecollection.com\/fr\/wp-json\/wp\/v2\/comfabric?post=125956"},{"taxonomy":"manufacturer","embeddable":true,"href":"https:\/\/theinvisiblecollection.com\/fr\/wp-json\/wp\/v2\/manufacturer?post=125956"},{"taxonomy":"reporting_designer","embeddable":true,"href":"https:\/\/theinvisiblecollection.com\/fr\/wp-json\/wp\/v2\/reporting_designer?post=125956"},{"taxonomy":"samplecomfabric","embeddable":true,"href":"https:\/\/theinvisiblecollection.com\/fr\/wp-json\/wp\/v2\/samplecomfabric?post=125956"},{"taxonomy":"clubroom_product_designer","embeddable":true,"href":"https:\/\/theinvisiblecollection.com\/fr\/wp-json\/wp\/v2\/designer_clubroom?post=125956"}],"curies":[{"name":"wp","href":"https:\/\/api.w.org\/{rel}","templated":true}]}}