{"id":1259596,"date":"2022-12-01T18:43:41","date_gmt":"2022-12-01T17:43:41","guid":{"rendered":"https:\/\/theinvisiblecollection.com\/?post_type=product&#038;p=1259596"},"modified":"2026-05-01T07:38:24","modified_gmt":"2026-05-01T07:38:24","slug":"laura-gonzalez-fauteuil-madras-galerie-ny","status":"publish","type":"product","link":"https:\/\/theinvisiblecollection.com\/fr\/produit\/laura-gonzalez-fauteuil-madras-galerie-ny\/","title":{"rendered":"Fauteuil Madras Galerie New York"},"content":{"rendered":"<p style=\"text-align: justify;\">Inspir\u00e9 des chaises indiennes en bois peint de la fin du XIX\u00e8me si\u00e8cle, le Fauteuil Madras dessin\u00e9 par Laura Gonzalez modernise le genre en capitalisant sur les lignes \u00e9pur\u00e9es et l\u2019assise confortable. Tremp\u00e9 dans un bon bain de couleurs vives.<\/p>\n","protected":false},"excerpt":{"rendered":"<p>Fauteuil en bois laqu\u00e9 brillant<br \/>\nTapiss\u00e9 ici tissu Pierre Frey Fadini Borghi fabric, Rigato Mantova<br \/>\n\u00c9galement disponible en blanc sans tissu<br \/>\nCouleurs et tissus sur-mesure sur demande<\/p>\n<p>L 65 x l 65 x H 87 cm<br \/>\nHauteur d&#8217;assise : 45 cm<br \/>\nTissu requis : 3.5 m<\/p>\n<p>Fabriqu\u00e9 \u00e0 la main en Europe<br \/>\nD\u00e9lais de fabrication : 12 &#8211; 14 semaines<\/p>\n<p><span style=\"text-decoration: underline;\"><span class=\"s1\"><a href=\"https:\/\/www.theinvisiblecollection.com\/fr\/contact-produit\/?product_id=1259596\">Contactez-nous pour toute demande de devis ou de renseignement<\/a><\/span><\/span><\/p>\n<p>&nbsp;<\/p>\n","protected":false},"featured_media":1259654,"template":"","meta":{"_acf_changed":false,"content-type":"","_themeisle_gutenberg_block_has_review":false},"product_brand":[],"product_cat":[8945,12499],"product_tag":[22790,33319],"product_designer":[10956],"comfabric":[],"manufacturer":[34399],"reporting_designer":[37573],"samplecomfabric":[],"designer_clubroom":[],"class_list":{"0":"post-1259596","1":"product","2":"type-product","3":"status-publish","4":"has-post-thumbnail","6":"product_cat-fauteuils","7":"product_cat-assises","8":"product_tag-disponible-immediatement","9":"product_tag-edition-limitee","10":"product_designer-laura-gonzalez-fr","11":"manufacturer-invisible-collection-new-york-townhouse-pick-up-fr","12":"reporting_designer-laura-gonzalez","13":"exhibitions-new-york-fr","15":"first","16":"instock","17":"taxable","18":"shipping-taxable","19":"purchasable","20":"product-type-simple"},"acf":[],"_links":{"self":[{"href":"https:\/\/theinvisiblecollection.com\/fr\/wp-json\/wp\/v2\/product\/1259596","targetHints":{"allow":["GET"]}}],"collection":[{"href":"https:\/\/theinvisiblecollection.com\/fr\/wp-json\/wp\/v2\/product"}],"about":[{"href":"https:\/\/theinvisiblecollection.com\/fr\/wp-json\/wp\/v2\/types\/product"}],"wp:featuredmedia":[{"embeddable":true,"href":"https:\/\/theinvisiblecollection.com\/fr\/wp-json\/wp\/v2\/media\/1259654"}],"wp:attachment":[{"href":"https:\/\/theinvisiblecollection.com\/fr\/wp-json\/wp\/v2\/media?parent=1259596"}],"wp:term":[{"taxonomy":"product_brand","embeddable":true,"href":"https:\/\/theinvisiblecollection.com\/fr\/wp-json\/wp\/v2\/product_brand?post=1259596"},{"taxonomy":"product_cat","embeddable":true,"href":"https:\/\/theinvisiblecollection.com\/fr\/wp-json\/wp\/v2\/product_cat?post=1259596"},{"taxonomy":"product_tag","embeddable":true,"href":"https:\/\/theinvisiblecollection.com\/fr\/wp-json\/wp\/v2\/product_tag?post=1259596"},{"taxonomy":"product_designer","embeddable":true,"href":"https:\/\/theinvisiblecollection.com\/fr\/wp-json\/wp\/v2\/product_designer?post=1259596"},{"taxonomy":"comfabric","embeddable":true,"href":"https:\/\/theinvisiblecollection.com\/fr\/wp-json\/wp\/v2\/comfabric?post=1259596"},{"taxonomy":"manufacturer","embeddable":true,"href":"https:\/\/theinvisiblecollection.com\/fr\/wp-json\/wp\/v2\/manufacturer?post=1259596"},{"taxonomy":"reporting_designer","embeddable":true,"href":"https:\/\/theinvisiblecollection.com\/fr\/wp-json\/wp\/v2\/reporting_designer?post=1259596"},{"taxonomy":"samplecomfabric","embeddable":true,"href":"https:\/\/theinvisiblecollection.com\/fr\/wp-json\/wp\/v2\/samplecomfabric?post=1259596"},{"taxonomy":"clubroom_product_designer","embeddable":true,"href":"https:\/\/theinvisiblecollection.com\/fr\/wp-json\/wp\/v2\/designer_clubroom?post=1259596"}],"curies":[{"name":"wp","href":"https:\/\/api.w.org\/{rel}","templated":true}]}}