{"id":125980,"date":"2022-04-04T15:08:59","date_gmt":"2022-04-04T14:08:59","guid":{"rendered":"https:\/\/theinvisiblecollection.com\/?post_type=product&#038;p=125980"},"modified":"2026-05-01T07:38:57","modified_gmt":"2026-05-01T07:38:57","slug":"maison-leleu-lampe-de-table-1k","status":"publish","type":"product","link":"https:\/\/theinvisiblecollection.com\/fr\/produit\/maison-leleu-lampe-de-table-1k\/","title":{"rendered":"Lampe de Table 1K"},"content":{"rendered":"<p style=\"text-align: justify;\"><span class=\"TextRun SCXW26453223 BCX0\" lang=\"EN-GB\" xml:lang=\"EN-GB\" data-contrast=\"auto\"><span class=\"NormalTextRun SCXW26453223 BCX0\">L&#8217;Art <\/span><span class=\"NormalTextRun SpellingErrorV2 SCXW26453223 BCX0\">D\u00e9co<\/span> <span class=\"NormalTextRun SpellingErrorV2 SCXW26453223 BCX0\">est<\/span><span class=\"NormalTextRun SCXW26453223 BCX0\"> un style qui <\/span><span class=\"NormalTextRun SpellingErrorV2 SCXW26453223 BCX0\">puise<\/span><span class=\"NormalTextRun SCXW26453223 BCX0\"> son inspiration dans divers <\/span><span class=\"NormalTextRun SpellingErrorV2 SCXW26453223 BCX0\">mouvements<\/span><span class=\"NormalTextRun SCXW26453223 BCX0\"> et influences. <\/span><span class=\"NormalTextRun SpellingErrorV2 SCXW26453223 BCX0\">G\u00e9om\u00e9trique<\/span><span class=\"NormalTextRun SCXW26453223 BCX0\"> et <\/span><span class=\"NormalTextRun SpellingErrorV2 SCXW26453223 BCX0\">ordonn\u00e9<\/span><span class=\"NormalTextRun SCXW26453223 BCX0\">, il <\/span><span class=\"NormalTextRun SpellingErrorV2 SCXW26453223 BCX0\">pr\u00f4ne<\/span> <span class=\"NormalTextRun SpellingErrorV2 SCXW26453223 BCX0\">\u00e9galement<\/span><span class=\"NormalTextRun SCXW26453223 BCX0\"> un retour \u00e0 la rigueur <\/span><span class=\"NormalTextRun SpellingErrorV2 SCXW26453223 BCX0\">classique<\/span><span class=\"NormalTextRun SCXW26453223 BCX0\"> et <\/span><span class=\"NormalTextRun SpellingErrorV2 SCXW26453223 BCX0\">notamment<\/span><span class=\"NormalTextRun SCXW26453223 BCX0\"> dans <\/span><span class=\"NormalTextRun SpellingErrorV2 SCXW26453223 BCX0\">l&#8217;art<\/span> <span class=\"NormalTextRun SpellingErrorV2 SCXW26453223 BCX0\">primitif<\/span><span class=\"NormalTextRun SCXW26453223 BCX0\">.<\/span><\/span> <span class=\"TextRun SCXW26453223 BCX0\" lang=\"EN-GB\" xml:lang=\"EN-GB\" data-contrast=\"auto\"><span class=\"NormalTextRun SpellingErrorV2 SCXW26453223 BCX0\">Utilis\u00e9<\/span><span class=\"NormalTextRun SCXW26453223 BCX0\"> dans <\/span><span class=\"NormalTextRun SpellingErrorV2 SCXW26453223 BCX0\">plusieurs<\/span><span class=\"NormalTextRun SCXW26453223 BCX0\"> tapis <\/span><span class=\"NormalTextRun SpellingErrorV2 SCXW26453223 BCX0\">dessin\u00e9s<\/span><span class=\"NormalTextRun SCXW26453223 BCX0\"> par Paule, fille de Jules, on note <\/span><span class=\"NormalTextRun SpellingErrorV2 SCXW26453223 BCX0\">l\u2019importance<\/span><span class=\"NormalTextRun SCXW26453223 BCX0\"> de <\/span><span class=\"NormalTextRun SpellingErrorV2 SCXW26453223 BCX0\">mettre<\/span> <span class=\"NormalTextRun SpellingErrorV2 SCXW26453223 BCX0\">en<\/span> <span class=\"NormalTextRun SpellingErrorV2 SCXW26453223 BCX0\">avant<\/span> <span class=\"NormalTextRun SpellingErrorV2 SCXW26453223 BCX0\">l&#8217;art<\/span> <span class=\"NormalTextRun SpellingErrorV2 SCXW26453223 BCX0\">ethnique<\/span><span class=\"NormalTextRun SCXW26453223 BCX0\">\u00a0avec <\/span><span class=\"NormalTextRun SpellingErrorV2 SCXW26453223 BCX0\">ce<\/span><span class=\"NormalTextRun SCXW26453223 BCX0\"> motif <\/span><span class=\"NormalTextRun SpellingErrorV2 SCXW26453223 BCX0\">repens\u00e9<\/span> <span class=\"NormalTextRun SpellingErrorV2 SCXW26453223 BCX0\">en<\/span><span class=\"NormalTextRun SCXW26453223 BCX0\"> pied de <\/span><span class=\"NormalTextRun SpellingErrorV2 SCXW26453223 BCX0\">lampe<\/span><span class=\"NormalTextRun SCXW26453223 BCX0\">.<\/span><\/span><span class=\"LineBreakBlob BlobObject DragDrop SCXW26453223 BCX0\"><span class=\"SCXW26453223 BCX0\">\u00a0<\/span><br class=\"SCXW26453223 BCX0\" \/><\/span><span class=\"TextRun SCXW26453223 BCX0\" lang=\"EN-GB\" xml:lang=\"EN-GB\" data-contrast=\"auto\"><span class=\"NormalTextRun SCXW26453223 BCX0\">Jules Leleu <\/span><span class=\"NormalTextRun SpellingErrorV2 SCXW26453223 BCX0\">disait<\/span><span class=\"NormalTextRun SCXW26453223 BCX0\"> : les <\/span><span class=\"NormalTextRun SpellingErrorV2 SCXW26453223 BCX0\">mat\u00e9riaux<\/span> <span class=\"NormalTextRun SpellingErrorV2 SCXW26453223 BCX0\">d\u00e9finissent<\/span> <span class=\"NormalTextRun SpellingErrorV2 SCXW26453223 BCX0\">l\u2019atmosph\u00e8re<\/span><span class=\"NormalTextRun SCXW26453223 BCX0\">\u2026 <\/span><span class=\"NormalTextRun SpellingErrorV2 SCXW26453223 BCX0\">Ainsi<\/span><span class=\"NormalTextRun SCXW26453223 BCX0\">, le motif Inca <\/span><span class=\"NormalTextRun SpellingErrorV2 SCXW26453223 BCX0\">est<\/span> <span class=\"NormalTextRun SpellingErrorV2 SCXW26453223 BCX0\">contrast\u00e9<\/span><span class=\"NormalTextRun SCXW26453223 BCX0\"> par <\/span><span class=\"NormalTextRun SpellingErrorV2 SCXW26453223 BCX0\">l&#8217;utilisation<\/span><span class=\"NormalTextRun SCXW26453223 BCX0\"> de deux <\/span><span class=\"NormalTextRun SpellingErrorV2 SCXW26453223 BCX0\">mat\u00e9riaux<\/span> <span class=\"NormalTextRun SpellingErrorV2 SCXW26453223 BCX0\">pr\u00e9cieux<\/span><span class=\"NormalTextRun SCXW26453223 BCX0\"> : la <\/span><span class=\"NormalTextRun SpellingErrorV2 SCXW26453223 BCX0\">c\u00e9ramique<\/span> <span class=\"NormalTextRun SpellingErrorV2 SCXW26453223 BCX0\">\u00e9maill\u00e9e<\/span><span class=\"NormalTextRun SCXW26453223 BCX0\"> et la <\/span><span class=\"NormalTextRun SpellingErrorV2 SCXW26453223 BCX0\">feuille<\/span><span class=\"NormalTextRun SCXW26453223 BCX0\"> d&#8217;or.<\/span><\/span> <span class=\"TextRun SCXW26453223 BCX0\" lang=\"EN-GB\" xml:lang=\"EN-GB\" data-contrast=\"auto\"><span class=\"NormalTextRun SCXW26453223 BCX0\">Ce jeu de mati\u00e8res <\/span><span class=\"NormalTextRun SpellingErrorV2 SCXW26453223 BCX0\">apporte<\/span> <span class=\"NormalTextRun SpellingErrorV2 SCXW26453223 BCX0\">raffinement<\/span><span class=\"NormalTextRun SCXW26453223 BCX0\"> et <\/span><span class=\"NormalTextRun SpellingErrorV2 SCXW26453223 BCX0\">\u00e9l\u00e9gance<\/span><span class=\"NormalTextRun SCXW26453223 BCX0\"> \u00e0 <\/span><span class=\"NormalTextRun SpellingErrorV2 SCXW26453223 BCX0\">cet<\/span> <span class=\"NormalTextRun SpellingErrorV2 SCXW26453223 BCX0\">objet<\/span> <span class=\"NormalTextRun SpellingErrorV2 SCXW26453223 BCX0\">d&#8217;inspiration<\/span> <span class=\"NormalTextRun SpellingErrorV2 SCXW26453223 BCX0\">purement<\/span> <span class=\"NormalTextRun SpellingErrorV2 SCXW26453223 BCX0\">brutaliste<\/span><span class=\"NormalTextRun SCXW26453223 BCX0\">.\u00a0<\/span><\/span><span class=\"EOP SCXW26453223 BCX0\" data-ccp-props=\"{&quot;201341983&quot;:0,&quot;335559740&quot;:259}\">\u00a0<\/span><\/p>\n","protected":false},"excerpt":{"rendered":"<p>Lampe de table en c\u00e9ramique \u00e9maill\u00e9e et en bois travaill\u00e9 \u00e0 la feuille d&#8217;or<br \/>\nAbat-jour disponible sur demande<br \/>\nAmpoule fournie, dimmable<br \/>\nAmpoules non fournies pour les \u00c9tats-Unis<br \/>\nDimensions et finitions sur-mesure sur demande<\/p>\n<p>L 22.8 x l 15 x H 78.8 cm<br \/>\nDimensions abat-jour : L 53.2 cm x l 39 x H 30 cm<\/p>\n<p>Fabriqu\u00e9e \u00e0 la main en Italie<br \/>\nD\u00e9lais de fabrication : 20 semaines<\/p>\n<p><span style=\"text-decoration: underline;\"><a href=\"https:\/\/www.theinvisiblecollection.com\/fr\/demande-de-devis\/?product_id=125980\" target=\"_blank\" rel=\"noopener\">Contactez-nous pour toute demande de devis ou de<\/a><a href=\"https:\/\/www.theinvisiblecollection.com\/fr\/demande-de-devis\/?product_id=125980\" target=\"_blank\" rel=\"noopener\"> renseignement<\/a><\/span><\/p>\n","protected":false},"featured_media":5775179,"template":"","meta":{"_acf_changed":false,"content-type":"","_themeisle_gutenberg_block_has_review":false},"product_brand":[],"product_cat":[8974,12507],"product_tag":[],"product_designer":[16596],"comfabric":[],"manufacturer":[37012],"reporting_designer":[37699],"samplecomfabric":[],"designer_clubroom":[],"class_list":{"0":"post-125980","1":"product","2":"type-product","3":"status-publish","4":"has-post-thumbnail","6":"product_cat-lampes-de-table","7":"product_cat-luminaires","8":"pa_lampshade-avec-abat-jour","9":"pa_lampshade-sans-abat-jour","10":"product_designer-maison-leleu-fr","11":"manufacturer-maison-leleu-esi-louvres-fr","12":"reporting_designer-maison-leleu","13":"exhibitions-paris-fr","15":"first","16":"instock","17":"taxable","18":"shipping-taxable","19":"purchasable","20":"product-type-variable"},"acf":[],"_links":{"self":[{"href":"https:\/\/theinvisiblecollection.com\/fr\/wp-json\/wp\/v2\/product\/125980","targetHints":{"allow":["GET"]}}],"collection":[{"href":"https:\/\/theinvisiblecollection.com\/fr\/wp-json\/wp\/v2\/product"}],"about":[{"href":"https:\/\/theinvisiblecollection.com\/fr\/wp-json\/wp\/v2\/types\/product"}],"wp:featuredmedia":[{"embeddable":true,"href":"https:\/\/theinvisiblecollection.com\/fr\/wp-json\/wp\/v2\/media\/5775179"}],"wp:attachment":[{"href":"https:\/\/theinvisiblecollection.com\/fr\/wp-json\/wp\/v2\/media?parent=125980"}],"wp:term":[{"taxonomy":"product_brand","embeddable":true,"href":"https:\/\/theinvisiblecollection.com\/fr\/wp-json\/wp\/v2\/product_brand?post=125980"},{"taxonomy":"product_cat","embeddable":true,"href":"https:\/\/theinvisiblecollection.com\/fr\/wp-json\/wp\/v2\/product_cat?post=125980"},{"taxonomy":"product_tag","embeddable":true,"href":"https:\/\/theinvisiblecollection.com\/fr\/wp-json\/wp\/v2\/product_tag?post=125980"},{"taxonomy":"product_designer","embeddable":true,"href":"https:\/\/theinvisiblecollection.com\/fr\/wp-json\/wp\/v2\/product_designer?post=125980"},{"taxonomy":"comfabric","embeddable":true,"href":"https:\/\/theinvisiblecollection.com\/fr\/wp-json\/wp\/v2\/comfabric?post=125980"},{"taxonomy":"manufacturer","embeddable":true,"href":"https:\/\/theinvisiblecollection.com\/fr\/wp-json\/wp\/v2\/manufacturer?post=125980"},{"taxonomy":"reporting_designer","embeddable":true,"href":"https:\/\/theinvisiblecollection.com\/fr\/wp-json\/wp\/v2\/reporting_designer?post=125980"},{"taxonomy":"samplecomfabric","embeddable":true,"href":"https:\/\/theinvisiblecollection.com\/fr\/wp-json\/wp\/v2\/samplecomfabric?post=125980"},{"taxonomy":"clubroom_product_designer","embeddable":true,"href":"https:\/\/theinvisiblecollection.com\/fr\/wp-json\/wp\/v2\/designer_clubroom?post=125980"}],"curies":[{"name":"wp","href":"https:\/\/api.w.org\/{rel}","templated":true}]}}