{"id":126010,"date":"2022-04-04T15:26:32","date_gmt":"2022-04-04T14:26:32","guid":{"rendered":"https:\/\/theinvisiblecollection.com\/?post_type=product&#038;p=126010"},"modified":"2026-05-01T07:38:57","modified_gmt":"2026-05-01T07:38:57","slug":"maison-leleu-lustre-peneloppa","status":"publish","type":"product","link":"https:\/\/theinvisiblecollection.com\/fr\/produit\/maison-leleu-lustre-peneloppa\/","title":{"rendered":"Lustre Peneloppa"},"content":{"rendered":"<p style=\"text-align: justify;\"><span class=\"TextRun SCXW169016005 BCX0\" lang=\"EN-GB\" xml:lang=\"EN-GB\" data-contrast=\"auto\"><span class=\"NormalTextRun SCXW169016005 BCX0\">Cette suspension, alliant <\/span><span class=\"NormalTextRun SpellingErrorV2 SCXW169016005 BCX0\">anneaux<\/span><span class=\"NormalTextRun SCXW169016005 BCX0\"> et boules <\/span><span class=\"NormalTextRun SpellingErrorV2 SCXW169016005 BCX0\">en<\/span> <span class=\"NormalTextRun SpellingErrorV2 SCXW169016005 BCX0\">laiton<\/span><span class=\"NormalTextRun SCXW169016005 BCX0\"> sur son support, <\/span><span class=\"NormalTextRun SpellingErrorV2 SCXW169016005 BCX0\">s&#8217;inspire<\/span><span class=\"NormalTextRun SCXW169016005 BCX0\">\u00a0<\/span><span class=\"NormalTextRun SpellingErrorV2 SCXW169016005 BCX0\">d&#8217;une<\/span><span class=\"NormalTextRun SCXW169016005 BCX0\"> console Art <\/span><span class=\"NormalTextRun SpellingErrorV2 SCXW169016005 BCX0\">D\u00e9co<\/span><span class=\"NormalTextRun SCXW169016005 BCX0\"> de Leleu qui propose un <\/span><span class=\"NormalTextRun SpellingErrorV2 SCXW169016005 BCX0\">contraste<\/span><span class=\"NormalTextRun SCXW169016005 BCX0\"> entre la <\/span><span class=\"NormalTextRun SpellingErrorV2 SCXW169016005 BCX0\">robustesse<\/span><span class=\"NormalTextRun SCXW169016005 BCX0\"> du <\/span><span class=\"NormalTextRun SpellingErrorV2 SCXW169016005 BCX0\">m\u00e9tal<\/span><span class=\"NormalTextRun SCXW169016005 BCX0\"> et la <\/span><span class=\"NormalTextRun SpellingErrorV2 SCXW169016005 BCX0\">l\u00e9g\u00e8ret\u00e9<\/span><span class=\"NormalTextRun SCXW169016005 BCX0\"> du papier.\u00a0<\/span><\/span><span class=\"EOP SCXW169016005 BCX0\" data-ccp-props=\"{&quot;201341983&quot;:0,&quot;335559740&quot;:259}\">\u00a0<\/span><\/p>\n","protected":false},"excerpt":{"rendered":"<p>Lustre circulaire en bronze, finitions canon de fusil et bronze dor\u00e9<br \/>\nStructure en trois cercles avec 15 lumi\u00e8res par niveau<br \/>\nHauteur de la tige ajustable<br \/>\nDiffusant en polycarbonate et papier blanc<br \/>\nAmpoule fournie, dimmable<br \/>\nAmpoules non fournies pour les \u00c9tats-Unis<br \/>\nDimensions et finitions sur-mesure sur demande<\/p>\n<p>\u00d8 104.2 x H 151 cm<\/p>\n<p>Fabriqu\u00e9 \u00e0 la main en Italie<br \/>\nD\u00e9lais de fabrication : 12 &#8211; 14 semaines<\/p>\n<p><span style=\"text-decoration: underline;\"><a href=\"https:\/\/www.theinvisiblecollection.com\/fr\/demande-de-devis\/?product_id=126010\" target=\"_blank\" rel=\"noopener\">Contactez-nous pour toute demande de devis ou de<\/a><a href=\"https:\/\/www.theinvisiblecollection.com\/fr\/demande-de-devis\/?product_id=126000\" target=\"_blank\" rel=\"noopener\"> renseignement<\/a><\/span><\/p>\n","protected":false},"featured_media":5881743,"template":"","meta":{"_acf_changed":false,"content-type":"","_themeisle_gutenberg_block_has_review":false},"product_brand":[],"product_cat":[8961,12507],"product_tag":[31474],"product_designer":[16596],"comfabric":[],"manufacturer":[37012],"reporting_designer":[37699],"samplecomfabric":[],"designer_clubroom":[],"class_list":{"0":"post-126010","1":"product","2":"type-product","3":"status-publish","4":"has-post-thumbnail","6":"product_cat-suspensions","7":"product_cat-luminaires","8":"product_tag-co-white-fr","9":"product_designer-maison-leleu-fr","10":"manufacturer-maison-leleu-esi-louvres-fr","11":"reporting_designer-maison-leleu","13":"first","14":"instock","15":"taxable","16":"shipping-taxable","17":"purchasable","18":"product-type-simple"},"acf":[],"_links":{"self":[{"href":"https:\/\/theinvisiblecollection.com\/fr\/wp-json\/wp\/v2\/product\/126010","targetHints":{"allow":["GET"]}}],"collection":[{"href":"https:\/\/theinvisiblecollection.com\/fr\/wp-json\/wp\/v2\/product"}],"about":[{"href":"https:\/\/theinvisiblecollection.com\/fr\/wp-json\/wp\/v2\/types\/product"}],"wp:featuredmedia":[{"embeddable":true,"href":"https:\/\/theinvisiblecollection.com\/fr\/wp-json\/wp\/v2\/media\/5881743"}],"wp:attachment":[{"href":"https:\/\/theinvisiblecollection.com\/fr\/wp-json\/wp\/v2\/media?parent=126010"}],"wp:term":[{"taxonomy":"product_brand","embeddable":true,"href":"https:\/\/theinvisiblecollection.com\/fr\/wp-json\/wp\/v2\/product_brand?post=126010"},{"taxonomy":"product_cat","embeddable":true,"href":"https:\/\/theinvisiblecollection.com\/fr\/wp-json\/wp\/v2\/product_cat?post=126010"},{"taxonomy":"product_tag","embeddable":true,"href":"https:\/\/theinvisiblecollection.com\/fr\/wp-json\/wp\/v2\/product_tag?post=126010"},{"taxonomy":"product_designer","embeddable":true,"href":"https:\/\/theinvisiblecollection.com\/fr\/wp-json\/wp\/v2\/product_designer?post=126010"},{"taxonomy":"comfabric","embeddable":true,"href":"https:\/\/theinvisiblecollection.com\/fr\/wp-json\/wp\/v2\/comfabric?post=126010"},{"taxonomy":"manufacturer","embeddable":true,"href":"https:\/\/theinvisiblecollection.com\/fr\/wp-json\/wp\/v2\/manufacturer?post=126010"},{"taxonomy":"reporting_designer","embeddable":true,"href":"https:\/\/theinvisiblecollection.com\/fr\/wp-json\/wp\/v2\/reporting_designer?post=126010"},{"taxonomy":"samplecomfabric","embeddable":true,"href":"https:\/\/theinvisiblecollection.com\/fr\/wp-json\/wp\/v2\/samplecomfabric?post=126010"},{"taxonomy":"clubroom_product_designer","embeddable":true,"href":"https:\/\/theinvisiblecollection.com\/fr\/wp-json\/wp\/v2\/designer_clubroom?post=126010"}],"curies":[{"name":"wp","href":"https:\/\/api.w.org\/{rel}","templated":true}]}}