{"id":126286,"date":"2022-07-06T10:12:24","date_gmt":"2022-07-06T09:12:24","guid":{"rendered":"https:\/\/theinvisiblecollection.com\/?post_type=product&#038;p=126286"},"modified":"2026-05-01T07:38:57","modified_gmt":"2026-05-01T07:38:57","slug":"maisonjaune-studio-canape-close-to-me","status":"publish","type":"product","link":"https:\/\/theinvisiblecollection.com\/fr\/produit\/maisonjaune-studio-canape-close-to-me\/","title":{"rendered":"Canap\u00e9 Close to Me"},"content":{"rendered":"<p style=\"text-align: justify;\"><span class=\"TextRun SCXW28244792 BCX0\" lang=\"FR-FR\" xml:lang=\"FR-FR\" data-contrast=\"none\"><span class=\"NormalTextRun SCXW28244792 BCX0\">Le canap\u00e9 Close to Me de <\/span><span class=\"NormalTextRun SpellingErrorV2 SCXW28244792 BCX0\">Maisonjaune<\/span><span class=\"NormalTextRun SCXW28244792 BCX0\"> Studio est un meuble \u00e0 transformation pour les salons du XXIe si\u00e8cle. Compos\u00e9 de sections individuelles incurv\u00e9es, il peut \u00eatre dispos\u00e9 dans diff\u00e9rentes configurations, le dossier et l&#8217;assise pouvant fusionner pour former un \u00eelot circulaire absolument charmant.\u00a0\u00a0<\/span><\/span><span class=\"EOP SCXW28244792 BCX0\" data-ccp-props=\"{&quot;201341983&quot;:0,&quot;335559740&quot;:259}\">\u00a0<\/span><\/p>\n","protected":false},"excerpt":{"rendered":"<p>Canap\u00e9 modulable tapiss\u00e9 ici en tissu Pierre Frey Teddy Mohair, couleur ivoire<br \/>\n<span style=\"text-decoration: underline;\"><a href=\"https:\/\/theinvisiblecollection.com\/wp-content\/uploads\/2022\/04\/TheInvisibleCollection_StudioMaisonJaune__PierreFreyTeddyMohair_FabricSelection.pdf\" target=\"_blank\" rel=\"noopener\">D\u00e9couvrez la s\u00e9lection de tissus ici<\/a><br \/>\n<\/span>\u00c9galement disponible en blanc sans tissu<br \/>\nBase en bois recouverte de rotin, vernis blond<\/p>\n<p>1 \u00e9l\u00e9ment : L 190 x P 70 x H 58 cm<br \/>\n2 \u00e9l\u00e9ments : L 254 x P 70 x H 58 cm<br \/>\nHauteur d&#8217;assise : 38 cm<br \/>\nTissu requis : 10 m<\/p>\n<p>Fabriqu\u00e9 \u00e0 la main en France<br \/>\nD\u00e9lais de production : 8 semaines<\/p>\n<p><span style=\"text-decoration: underline;\"><a tabindex=\"-1\" title=\"https:\/\/www.theinvisiblecollection.com\/fr\/demande-de-devis\/?product_id=48547\" href=\"https:\/\/www.theinvisiblecollection.com\/fr\/demande-de-devis\/?product_id=126286\" target=\"_blank\" rel=\"noreferrer noopener\">Contactez-nous pour toute demande de devis ou de renseignements<\/a><\/span><\/p>\n","protected":false},"featured_media":5840889,"template":"","meta":{"_acf_changed":false,"content-type":"","_themeisle_gutenberg_block_has_review":false},"product_brand":[],"product_cat":[8976,12499],"product_tag":[14925,22790,31477],"product_designer":[16595],"comfabric":[],"manufacturer":[36193],"reporting_designer":[37729],"samplecomfabric":[],"designer_clubroom":[],"class_list":{"0":"post-126286","1":"product","2":"type-product","3":"status-publish","4":"has-post-thumbnail","6":"product_cat-canapes","7":"product_cat-assises","8":"product_tag-hpfav-fr","9":"product_tag-disponible-immediatement","10":"product_tag-st-curvy-fr","11":"product_designer-maisonjaune-studio-fr","12":"manufacturer-maisonjaune-pick-up-fr","13":"reporting_designer-maisonjaune-studio","14":"exhibitions-paris-fr","15":"exhibitions-los-angeles-fr","17":"first","18":"instock","19":"taxable","20":"shipping-taxable","21":"purchasable","22":"product-type-variable"},"acf":[],"_links":{"self":[{"href":"https:\/\/theinvisiblecollection.com\/fr\/wp-json\/wp\/v2\/product\/126286","targetHints":{"allow":["GET"]}}],"collection":[{"href":"https:\/\/theinvisiblecollection.com\/fr\/wp-json\/wp\/v2\/product"}],"about":[{"href":"https:\/\/theinvisiblecollection.com\/fr\/wp-json\/wp\/v2\/types\/product"}],"wp:featuredmedia":[{"embeddable":true,"href":"https:\/\/theinvisiblecollection.com\/fr\/wp-json\/wp\/v2\/media\/5840889"}],"wp:attachment":[{"href":"https:\/\/theinvisiblecollection.com\/fr\/wp-json\/wp\/v2\/media?parent=126286"}],"wp:term":[{"taxonomy":"product_brand","embeddable":true,"href":"https:\/\/theinvisiblecollection.com\/fr\/wp-json\/wp\/v2\/product_brand?post=126286"},{"taxonomy":"product_cat","embeddable":true,"href":"https:\/\/theinvisiblecollection.com\/fr\/wp-json\/wp\/v2\/product_cat?post=126286"},{"taxonomy":"product_tag","embeddable":true,"href":"https:\/\/theinvisiblecollection.com\/fr\/wp-json\/wp\/v2\/product_tag?post=126286"},{"taxonomy":"product_designer","embeddable":true,"href":"https:\/\/theinvisiblecollection.com\/fr\/wp-json\/wp\/v2\/product_designer?post=126286"},{"taxonomy":"comfabric","embeddable":true,"href":"https:\/\/theinvisiblecollection.com\/fr\/wp-json\/wp\/v2\/comfabric?post=126286"},{"taxonomy":"manufacturer","embeddable":true,"href":"https:\/\/theinvisiblecollection.com\/fr\/wp-json\/wp\/v2\/manufacturer?post=126286"},{"taxonomy":"reporting_designer","embeddable":true,"href":"https:\/\/theinvisiblecollection.com\/fr\/wp-json\/wp\/v2\/reporting_designer?post=126286"},{"taxonomy":"samplecomfabric","embeddable":true,"href":"https:\/\/theinvisiblecollection.com\/fr\/wp-json\/wp\/v2\/samplecomfabric?post=126286"},{"taxonomy":"clubroom_product_designer","embeddable":true,"href":"https:\/\/theinvisiblecollection.com\/fr\/wp-json\/wp\/v2\/designer_clubroom?post=126286"}],"curies":[{"name":"wp","href":"https:\/\/api.w.org\/{rel}","templated":true}]}}