{"id":126342,"date":"2022-04-06T10:16:31","date_gmt":"2022-04-06T09:16:31","guid":{"rendered":"https:\/\/theinvisiblecollection.com\/?post_type=product&#038;p=126342"},"modified":"2026-05-01T07:38:57","modified_gmt":"2026-05-01T07:38:57","slug":"maisonjaune-studio-ottoman-isola","status":"publish","type":"product","link":"https:\/\/theinvisiblecollection.com\/fr\/produit\/maisonjaune-studio-ottoman-isola\/","title":{"rendered":"Ottoman Isola"},"content":{"rendered":"<p style=\"text-align: justify;\"><span class=\"TextRun SCXW106056185 BCX0\" lang=\"FR-FR\" xml:lang=\"FR-FR\" data-contrast=\"none\"><span class=\"NormalTextRun SCXW106056185 BCX0\">L&#8217;Ottoman Isola de <\/span><span class=\"NormalTextRun SpellingErrorV2 SCXW106056185 BCX0\">Maisonjaune<\/span><span class=\"NormalTextRun SCXW106056185 BCX0\"> Studio est un \u00e9l\u00e9ment de d\u00e9cor tr\u00e8s int\u00e9ressant. Inspir\u00e9 par une invitation \u00e0 la convivialit\u00e9 et des lignes tout en rondeur, il ne reste plus qu\u2019\u00e0 composer un d\u00e9cor autour de lui ! Extr\u00eamement confortable et chic, il trouve sa place pr\u00e8s de la chemin\u00e9e pour savourer un moment douillet&#8230;<\/span><\/span><span class=\"EOP SCXW106056185 BCX0\" data-ccp-props=\"{&quot;201341983&quot;:0,&quot;335559740&quot;:259}\">\u00a0<\/span><\/p>\n","protected":false},"excerpt":{"rendered":"<p>Ottoman\u00a0 tapiss\u00e9 ici en tissu Pierre Frey Teddy Mohair, couleur ivoire<br \/>\n<span style=\"text-decoration: underline;\"><a href=\"https:\/\/theinvisiblecollection.com\/wp-content\/uploads\/2022\/04\/TheInvisibleCollection_StudioMaisonJaune__PierreFreyTeddyMohair_FabricSelection.pdf\" target=\"_blank\" rel=\"noopener\">D\u00e9couvrez la s\u00e9lection de tissus ici<\/a><br \/>\n<\/span>\u00c9galement disponible en blanc sans tissu<span style=\"text-decoration: underline;\"><br \/>\n<\/span>Base en bois recouverte de rotin, vernis blond<\/p>\n<p>\u00d8 100 x H 43 cm<br \/>\nTissu requis : 2 m<\/p>\n<p>Fabriqu\u00e9 \u00e0 la main en France<br \/>\nD\u00e9lais de production : 8 semaines<\/p>\n<p><span style=\"text-decoration: underline;\"><a tabindex=\"-1\" title=\"https:\/\/www.theinvisiblecollection.com\/fr\/demande-de-devis\/?product_id=48547\" href=\"https:\/\/www.theinvisiblecollection.com\/fr\/demande-de-devis\/?product_id=126342\" target=\"_blank\" rel=\"noreferrer noopener\">Contactez-nous pour toute demande de devis ou de renseignements<\/a><\/span><\/p>\n","protected":false},"featured_media":126331,"template":"","meta":{"_acf_changed":false,"content-type":"","_themeisle_gutenberg_block_has_review":false},"product_brand":[],"product_cat":[8969,12499],"product_tag":[31477],"product_designer":[16595],"comfabric":[],"manufacturer":[36193],"reporting_designer":[37730],"samplecomfabric":[],"designer_clubroom":[],"class_list":{"0":"post-126342","1":"product","2":"type-product","3":"status-publish","4":"has-post-thumbnail","6":"product_cat-ottomans-tabourets","7":"product_cat-assises","8":"product_tag-st-curvy-fr","9":"product_designer-maisonjaune-studio-fr","10":"manufacturer-maisonjaune-pick-up-fr","11":"reporting_designer-maisonjaune-studio","13":"first","14":"instock","15":"taxable","16":"shipping-taxable","17":"purchasable","18":"product-type-variable"},"acf":[],"_links":{"self":[{"href":"https:\/\/theinvisiblecollection.com\/fr\/wp-json\/wp\/v2\/product\/126342","targetHints":{"allow":["GET"]}}],"collection":[{"href":"https:\/\/theinvisiblecollection.com\/fr\/wp-json\/wp\/v2\/product"}],"about":[{"href":"https:\/\/theinvisiblecollection.com\/fr\/wp-json\/wp\/v2\/types\/product"}],"wp:featuredmedia":[{"embeddable":true,"href":"https:\/\/theinvisiblecollection.com\/fr\/wp-json\/wp\/v2\/media\/126331"}],"wp:attachment":[{"href":"https:\/\/theinvisiblecollection.com\/fr\/wp-json\/wp\/v2\/media?parent=126342"}],"wp:term":[{"taxonomy":"product_brand","embeddable":true,"href":"https:\/\/theinvisiblecollection.com\/fr\/wp-json\/wp\/v2\/product_brand?post=126342"},{"taxonomy":"product_cat","embeddable":true,"href":"https:\/\/theinvisiblecollection.com\/fr\/wp-json\/wp\/v2\/product_cat?post=126342"},{"taxonomy":"product_tag","embeddable":true,"href":"https:\/\/theinvisiblecollection.com\/fr\/wp-json\/wp\/v2\/product_tag?post=126342"},{"taxonomy":"product_designer","embeddable":true,"href":"https:\/\/theinvisiblecollection.com\/fr\/wp-json\/wp\/v2\/product_designer?post=126342"},{"taxonomy":"comfabric","embeddable":true,"href":"https:\/\/theinvisiblecollection.com\/fr\/wp-json\/wp\/v2\/comfabric?post=126342"},{"taxonomy":"manufacturer","embeddable":true,"href":"https:\/\/theinvisiblecollection.com\/fr\/wp-json\/wp\/v2\/manufacturer?post=126342"},{"taxonomy":"reporting_designer","embeddable":true,"href":"https:\/\/theinvisiblecollection.com\/fr\/wp-json\/wp\/v2\/reporting_designer?post=126342"},{"taxonomy":"samplecomfabric","embeddable":true,"href":"https:\/\/theinvisiblecollection.com\/fr\/wp-json\/wp\/v2\/samplecomfabric?post=126342"},{"taxonomy":"clubroom_product_designer","embeddable":true,"href":"https:\/\/theinvisiblecollection.com\/fr\/wp-json\/wp\/v2\/designer_clubroom?post=126342"}],"curies":[{"name":"wp","href":"https:\/\/api.w.org\/{rel}","templated":true}]}}