{"id":126422,"date":"2022-04-06T13:49:58","date_gmt":"2022-04-06T12:49:58","guid":{"rendered":"https:\/\/theinvisiblecollection.com\/?post_type=product&#038;p=126422"},"modified":"2026-05-08T04:40:09","modified_gmt":"2026-05-08T04:40:09","slug":"hamrei-table-basse-boomerang","status":"publish","type":"product","link":"https:\/\/theinvisiblecollection.com\/fr\/produit\/hamrei-table-basse-boomerang\/","title":{"rendered":"Table Basse Boomerang"},"content":{"rendered":"<p style=\"text-align: justify;\"><span class=\"LineBreakBlob BlobObject DragDrop BCX0 SCXW211023834\">Reprenant la nature ludique du mouvement des objets australiens et la beaut\u00e9 de sa forme, la table basse Boomerang occupe le devant de la sc\u00e8ne comme un objet c\u00e9l\u00e9brant l&#8217;ing\u00e9niosit\u00e9 du forgeron et la beaut\u00e9 naturelle des mat\u00e9riaux.<\/span><\/p>\n","protected":false},"excerpt":{"rendered":"<p>Table basse photographi\u00e9e ici en silver travertine<br \/>\n<span style=\"text-decoration: underline;\"><a href=\"https:\/\/theinvisiblecollection.com\/wp-content\/uploads\/2022\/04\/TheInvisibleCollection_Hamrei_Material_Selection_Boomerang_Top.pdf\" target=\"_blank\" rel=\"noopener\">D\u00e9couvrez la s\u00e9lection de plateaux ici<\/a><\/span><br \/>\nPieds en acier<br \/>\n<span style=\"text-decoration: underline;\"><a href=\"https:\/\/theinvisiblecollection.com\/wp-content\/uploads\/2022\/04\/TheInvisibleCollection_Hamrei_Material_Selection_Boomerang_Legs.pdf\" target=\"_blank\" rel=\"noopener\">D\u00e9couvrez la s\u00e9lection de finitions ici<\/a><\/span><br \/>\nCouleurs, mat\u00e9riaux et dimensions sur mesure sur demande<\/p>\n<p>L 100 x l 70 x H 38 cm<\/p>\n<p class=\"p1\">Fabriqu\u00e9e \u00e0 la main au Royaume-Uni<br \/>\nD\u00e9lais de fabrication : 12 &#8211; 14 semaines<\/p>\n<p class=\"p2\"><span style=\"text-decoration: underline;\"><span class=\"s1\"><a href=\"https:\/\/www.theinvisiblecollection.com\/fr\/demande-de-devis\/?product_id=126422\" target=\"_blank\" rel=\"noopener\">Contactez-nous pour toute demande de devis ou de renseignements<\/a><\/span><\/span><\/p>\n","protected":false},"featured_media":126458,"template":"","meta":{"_acf_changed":false,"content-type":"","_themeisle_gutenberg_block_has_review":false},"product_brand":[],"product_cat":[7509,12503],"product_tag":[11335,35206],"product_designer":[15640],"comfabric":[],"manufacturer":[20317],"reporting_designer":[37793],"samplecomfabric":[],"designer_clubroom":[],"class_list":{"0":"post-126422","1":"product","2":"type-product","3":"status-publish","4":"has-post-thumbnail","6":"product_cat-tables-basses-dappoint","7":"product_cat-tables-fr","8":"product_tag-eco-design","9":"product_tag-exclusive-fr","10":"pa_size-l-280-x-l-100-x-h-80-fr","11":"pa_size-moyen","12":"pa_size-petit","13":"product_designer-hamrei-fr","14":"manufacturer-hamrei-atelier-sculpsteel-fr","15":"reporting_designer-hamrei","17":"first","18":"instock","19":"taxable","20":"shipping-taxable","21":"purchasable","22":"product-type-variable"},"acf":[],"_links":{"self":[{"href":"https:\/\/theinvisiblecollection.com\/fr\/wp-json\/wp\/v2\/product\/126422","targetHints":{"allow":["GET"]}}],"collection":[{"href":"https:\/\/theinvisiblecollection.com\/fr\/wp-json\/wp\/v2\/product"}],"about":[{"href":"https:\/\/theinvisiblecollection.com\/fr\/wp-json\/wp\/v2\/types\/product"}],"wp:featuredmedia":[{"embeddable":true,"href":"https:\/\/theinvisiblecollection.com\/fr\/wp-json\/wp\/v2\/media\/126458"}],"wp:attachment":[{"href":"https:\/\/theinvisiblecollection.com\/fr\/wp-json\/wp\/v2\/media?parent=126422"}],"wp:term":[{"taxonomy":"product_brand","embeddable":true,"href":"https:\/\/theinvisiblecollection.com\/fr\/wp-json\/wp\/v2\/product_brand?post=126422"},{"taxonomy":"product_cat","embeddable":true,"href":"https:\/\/theinvisiblecollection.com\/fr\/wp-json\/wp\/v2\/product_cat?post=126422"},{"taxonomy":"product_tag","embeddable":true,"href":"https:\/\/theinvisiblecollection.com\/fr\/wp-json\/wp\/v2\/product_tag?post=126422"},{"taxonomy":"product_designer","embeddable":true,"href":"https:\/\/theinvisiblecollection.com\/fr\/wp-json\/wp\/v2\/product_designer?post=126422"},{"taxonomy":"comfabric","embeddable":true,"href":"https:\/\/theinvisiblecollection.com\/fr\/wp-json\/wp\/v2\/comfabric?post=126422"},{"taxonomy":"manufacturer","embeddable":true,"href":"https:\/\/theinvisiblecollection.com\/fr\/wp-json\/wp\/v2\/manufacturer?post=126422"},{"taxonomy":"reporting_designer","embeddable":true,"href":"https:\/\/theinvisiblecollection.com\/fr\/wp-json\/wp\/v2\/reporting_designer?post=126422"},{"taxonomy":"samplecomfabric","embeddable":true,"href":"https:\/\/theinvisiblecollection.com\/fr\/wp-json\/wp\/v2\/samplecomfabric?post=126422"},{"taxonomy":"clubroom_product_designer","embeddable":true,"href":"https:\/\/theinvisiblecollection.com\/fr\/wp-json\/wp\/v2\/designer_clubroom?post=126422"}],"curies":[{"name":"wp","href":"https:\/\/api.w.org\/{rel}","templated":true}]}}