{"id":1268175,"date":"2022-12-02T14:51:55","date_gmt":"2022-12-02T13:51:55","guid":{"rendered":"https:\/\/theinvisiblecollection.com\/?post_type=product&#038;p=1268175"},"modified":"2026-05-01T07:38:24","modified_gmt":"2026-05-01T07:38:24","slug":"hannah-simpson-studio-lampe-de-table-opposee-creme","status":"publish","type":"product","link":"https:\/\/theinvisiblecollection.com\/fr\/produit\/hannah-simpson-studio-lampe-de-table-opposee-creme\/","title":{"rendered":"Lampe de table Oppos\u00e9e Cr\u00e8me"},"content":{"rendered":"<p style=\"text-align: justify;\">Cette lampe se caract\u00e9rise par le contraste des formes et des mati\u00e8res : celui des pieds, l&#8217;un long et mince, l&#8217;autre rond et mou, \u00e0 l&#8217;abat-jour doux contrebalanc\u00e9 par la base en c\u00e9ramique dure.<\/p>\n","protected":false},"excerpt":{"rendered":"<ul>\n<li>Lampe sculpture en c\u00e9ramique<\/li>\n<li>Composition : base en c\u00e9ramique couleur cr\u00e8me californienne \/ finition mate \/ abat-jour en soie d&#8217;alpaga<\/li>\n<li>Informations : prise 10 amp\u00e8res \/ c\u00e2ble 0,75 mm \/ ext\u00e9rieur en tissu noir \/ interrupteur marche-arr\u00eat \/ culot E27 \/ type d&#8217;ampoule mini globe LED<\/li>\n<li>Ampoule non incluse avec la lampe<\/li>\n<\/ul>\n","protected":false},"featured_media":1259084,"template":"","meta":{"_acf_changed":false,"content-type":"","_themeisle_gutenberg_block_has_review":false},"product_brand":[],"product_cat":[8974,12507],"product_tag":[22790],"product_designer":[],"comfabric":[],"manufacturer":[20352],"reporting_designer":[],"samplecomfabric":[],"designer_clubroom":[20517],"class_list":{"0":"post-1268175","1":"product","2":"type-product","3":"status-publish","4":"has-post-thumbnail","6":"clubroom_taxonomies-gift-room","7":"product_cat-lampes-de-table","8":"product_cat-luminaires","9":"product_tag-disponible-immediatement","10":"manufacturer-hannah-simpson-studio-fr","11":"clubroom_product_designer-hannah-simpson-studio-fr","12":"exhibitions-londres-fr","14":"first","15":"instock","16":"featured","17":"taxable","18":"shipping-taxable","19":"purchasable","20":"product-type-simple"},"acf":[],"_links":{"self":[{"href":"https:\/\/theinvisiblecollection.com\/fr\/wp-json\/wp\/v2\/product\/1268175","targetHints":{"allow":["GET"]}}],"collection":[{"href":"https:\/\/theinvisiblecollection.com\/fr\/wp-json\/wp\/v2\/product"}],"about":[{"href":"https:\/\/theinvisiblecollection.com\/fr\/wp-json\/wp\/v2\/types\/product"}],"wp:featuredmedia":[{"embeddable":true,"href":"https:\/\/theinvisiblecollection.com\/fr\/wp-json\/wp\/v2\/media\/1259084"}],"wp:attachment":[{"href":"https:\/\/theinvisiblecollection.com\/fr\/wp-json\/wp\/v2\/media?parent=1268175"}],"wp:term":[{"taxonomy":"product_brand","embeddable":true,"href":"https:\/\/theinvisiblecollection.com\/fr\/wp-json\/wp\/v2\/product_brand?post=1268175"},{"taxonomy":"product_cat","embeddable":true,"href":"https:\/\/theinvisiblecollection.com\/fr\/wp-json\/wp\/v2\/product_cat?post=1268175"},{"taxonomy":"product_tag","embeddable":true,"href":"https:\/\/theinvisiblecollection.com\/fr\/wp-json\/wp\/v2\/product_tag?post=1268175"},{"taxonomy":"product_designer","embeddable":true,"href":"https:\/\/theinvisiblecollection.com\/fr\/wp-json\/wp\/v2\/product_designer?post=1268175"},{"taxonomy":"comfabric","embeddable":true,"href":"https:\/\/theinvisiblecollection.com\/fr\/wp-json\/wp\/v2\/comfabric?post=1268175"},{"taxonomy":"manufacturer","embeddable":true,"href":"https:\/\/theinvisiblecollection.com\/fr\/wp-json\/wp\/v2\/manufacturer?post=1268175"},{"taxonomy":"reporting_designer","embeddable":true,"href":"https:\/\/theinvisiblecollection.com\/fr\/wp-json\/wp\/v2\/reporting_designer?post=1268175"},{"taxonomy":"samplecomfabric","embeddable":true,"href":"https:\/\/theinvisiblecollection.com\/fr\/wp-json\/wp\/v2\/samplecomfabric?post=1268175"},{"taxonomy":"clubroom_product_designer","embeddable":true,"href":"https:\/\/theinvisiblecollection.com\/fr\/wp-json\/wp\/v2\/designer_clubroom?post=1268175"}],"curies":[{"name":"wp","href":"https:\/\/api.w.org\/{rel}","templated":true}]}}